{"id":50539,"date":"2025-08-12T17:11:02","date_gmt":"2025-08-12T14:11:02","guid":{"rendered":"https:\/\/gradinar.ro\/produs\/galeata-cu-maner-din-metal-marys-garden-supplies-22-cm-culoarea-verde\/"},"modified":"2025-08-12T17:38:03","modified_gmt":"2025-08-12T14:38:03","slug":"galeata-cu-maner-din-metal-marys-garden-supplies-22-cm-culoarea-verde","status":"publish","type":"product","link":"https:\/\/gradinar.ro\/en\/produs\/galeata-cu-maner-din-metal-marys-garden-supplies-22-cm-culoarea-verde\/","title":{"rendered":"Galeata cu maner din metal Mary&#8217;s Garden Supplies 22 cm, culoarea verde"},"content":{"rendered":"<p>V\u0103 prezent\u0103m g\u0103leata Mary&#8217;s Garden Supplies cu m\u00e2ner metalic de 22 cm, de culoare verde!<\/p>\n<p>C\u0103uta\u021bi o g\u0103leat\u0103 robust\u0103 \u0219i elegant\u0103 pentru a v\u0103 ajuta \u00een diverse sarcini de gr\u0103din\u0103rit? Nu c\u0103uta\u021bi mai departe! G\u0103leata cu m\u00e2ner metalic Mary&#8217;s Garden Supplies Metal Handled Bucket este aici pentru a v\u0103 satisface toate nevoile de gr\u0103din\u0103rit. Cu o construc\u021bie metalic\u0103 durabil\u0103 \u0219i o culoare verde vibrant\u0103, aceast\u0103 g\u0103leat\u0103 este at\u00e2t practic\u0103, c\u00e2t \u0219i estetic\u0103.<\/p>\n<p>M\u0103sur\u00e2nd 22 cm \u00een diametru, aceast\u0103 g\u0103leat\u0103 ofer\u0103 un spa\u021biu amplu pentru a v\u0103 \u021bine uneltele de gr\u0103din\u0103rit, plantele sau chiar fructele \u0219i legumele recoltate. M\u00e2nerul s\u0103u metalic ofer\u0103 o prindere confortabil\u0103, ceea ce face ca acesta s\u0103 fie u\u0219or de transportat f\u0103r\u0103 a v\u0103 obosi m\u00e2inile. Fie c\u0103 sem\u0103na\u021bi semin\u021be, transporta\u021bi p\u0103m\u00e2nt sau str\u00e2nge\u021bi buruieni, aceast\u0103 g\u0103leat\u0103 va fi tovar\u0103\u0219ul dvs. de \u00eencredere \u00een gr\u0103din\u0103.<\/p>\n<p>Dar g\u0103leata cu m\u00e2ner metalic Mary&#8217;s Garden Supplies nu \u00ee\u0219i limiteaz\u0103 utilitatea doar la sarcinile de gr\u0103din\u0103rit. Ea poate fi folosit\u0103 \u0219i \u00een diverse alte moduri! Ave\u021bi nevoie s\u0103 v\u0103 organiza\u021bi materialele de cur\u0103\u021benie? Aceast\u0103 g\u0103leat\u0103 este perfect\u0103 pentru a v\u0103 depozita uneltele \u0219i consumabilele de cur\u0103\u021benie \u00eentr-un mod ordonat \u0219i compact. \u00cen plus, poate ad\u0103uga o not\u0103 de farmec rustic decorului dvs. de acas\u0103, servind ca un ghiveci unic sau ca pies\u0103 decorativ\u0103.<\/p>\n<p>\u00cen concluzie, g\u0103leata cu m\u00e2ner metalic de 22 cm Mary&#8217;s Garden Supplies este un instrument esen\u021bial pentru orice pasionat de gr\u0103din\u0103rit sau pentru oricine are nevoie de o g\u0103leat\u0103 versatil\u0103 \u0219i fiabil\u0103. Construc\u021bia sa din metal asigur\u0103 durabilitatea, \u00een timp ce culoarea verde vibrant\u0103 adaug\u0103 un plus de prospe\u021bime rutinei dvs. de gr\u0103din\u0103rit. Pune\u021bi m\u00e2na pe aceast\u0103 g\u0103leat\u0103 ast\u0103zi \u0219i bucura\u021bi-v\u0103 de comoditatea pe care o aduce \u00een activit\u0103\u021bile de gr\u0103din\u0103rit \u0219i de organizare!<\/p>\n","protected":false},"excerpt":{"rendered":"<p>Aceast\u0103 g\u0103leat\u0103 robust\u0103 de la Mary&#8217;s Garden Supplies ofer\u0103 o utilizare versatil\u0103 \u00een gr\u0103din\u0103 \u0219i \u00een gospod\u0103rie. Elegant\u0103 \u00een verde str\u0103lucitor \u0219i cu un m\u00e2ner metalic practic &#8211; o unealt\u0103 indispensabil\u0103! [&#8230;]<\/p>\n<p><a class=\"btn btn-secondary understrap-read-more-link\" href=\"https:\/\/gradinar.ro\/en\/produs\/galeata-cu-maner-din-metal-marys-garden-supplies-22-cm-culoarea-verde\/\">Mai mult&#8230;<\/a><\/p>\n","protected":false},"featured_media":50523,"template":"","meta":[],"etheme_brands":[],"product_brand":[481],"product_cat":[286,302],"product_tag":[],"class_list":{"0":"post-50539","1":"product","2":"type-product","3":"status-publish","4":"has-post-thumbnail","6":"product_brand-marys-garden-supplies","7":"product_cat-ghivece-masti","8":"product_cat-masti","10":"first","11":"instock","12":"taxable","13":"shipping-taxable","14":"purchasable","15":"product-type-simple"},"_links":{"self":[{"href":"https:\/\/gradinar.ro\/en\/wp-json\/wp\/v2\/product\/50539","targetHints":{"allow":["GET"]}}],"collection":[{"href":"https:\/\/gradinar.ro\/en\/wp-json\/wp\/v2\/product"}],"about":[{"href":"https:\/\/gradinar.ro\/en\/wp-json\/wp\/v2\/types\/product"}],"wp:featuredmedia":[{"embeddable":true,"href":"https:\/\/gradinar.ro\/en\/wp-json\/wp\/v2\/media\/50523"}],"wp:attachment":[{"href":"https:\/\/gradinar.ro\/en\/wp-json\/wp\/v2\/media?parent=50539"}],"wp:term":[{"taxonomy":"brand","embeddable":true,"href":"https:\/\/gradinar.ro\/en\/wp-json\/wp\/v2\/etheme_brands?post=50539"},{"taxonomy":"product_brand","embeddable":true,"href":"https:\/\/gradinar.ro\/en\/wp-json\/wp\/v2\/product_brand?post=50539"},{"taxonomy":"product_cat","embeddable":true,"href":"https:\/\/gradinar.ro\/en\/wp-json\/wp\/v2\/product_cat?post=50539"},{"taxonomy":"product_tag","embeddable":true,"href":"https:\/\/gradinar.ro\/en\/wp-json\/wp\/v2\/product_tag?post=50539"}],"curies":[{"name":"wp","href":"https:\/\/api.w.org\/{rel}","templated":true}]}}