{"id":50575,"date":"2025-08-12T17:11:20","date_gmt":"2025-08-12T14:11:20","guid":{"rendered":"https:\/\/gradinar.ro\/produs\/bol-cu-manere-din-metal-marys-garden-supplies-18-cm-culoarea-negru\/"},"modified":"2025-08-12T17:38:09","modified_gmt":"2025-08-12T14:38:09","slug":"bol-cu-manere-din-metal-marys-garden-supplies-18-cm-culoarea-negru","status":"publish","type":"product","link":"https:\/\/gradinar.ro\/en\/produs\/bol-cu-manere-din-metal-marys-garden-supplies-18-cm-culoarea-negru\/","title":{"rendered":"Bol cu manere din metal Marys Garden Supplies 18 cm, culoarea negru"},"content":{"rendered":"<p>V\u0103 prezent\u0103m bolul nostru versatil \u0219i elegant cu m\u00e2ner metalic Marys Garden Supplies! Acest bol negru, de 18 cm, este completarea perfect\u0103 pentru colec\u021bia dvs. de buc\u0103t\u0103rie \u0219i de mese. Designul s\u0103u elegant \u0219i m\u00e2nerele metalice rezistente \u00eel fac un must-have multifunc\u021bional pentru toate nevoile dvs. de g\u0103tit \u0219i servire.<\/p>\n<p>Confec\u021bionat cu g\u00e2ndul la calitate, acest bol este realizat din materiale durabile care asigur\u0103 o utilizare de lung\u0103 durat\u0103. Fie c\u0103 amesteca\u021bi ingredientele pentru un tort delicios sau preg\u0103ti\u021bi o salat\u0103 proasp\u0103t\u0103, bolul nostru ofer\u0103 suprafa\u021ba ideal\u0103 pentru toate crea\u021biile dvs. culinare.<\/p>\n<p>Nu numai c\u0103 acest bol este func\u021bional, dar adaug\u0103 \u0219i o not\u0103 de elegan\u021b\u0103 la aranjarea mesei dumneavoastr\u0103. Culoarea neagr\u0103 adaug\u0103 o vibra\u021bie modern\u0103 \u0219i sofisticat\u0103 la orice ocazie. Fie c\u0103 g\u0103zdui\u021bi o cin\u0103 formal\u0103 sau v\u0103 bucura\u021bi de o mas\u0103 casual cu prietenii \u0219i familia, acest bol v\u0103 va impresiona oaspe\u021bii \u0219i va ridica orice experien\u021b\u0103 culinar\u0103.<\/p>\n<p>Cur\u0103\u021benia este floare la ureche cu acest bol. Este lavabil \u00een ma\u0219ina de sp\u0103lat vase, economisind timp \u0219i efort \u00een buc\u0103t\u0103rie. \u00cen plus, dimensiunea sa compact\u0103 \u00eel face u\u0219or de depozitat atunci c\u00e2nd nu este folosit.<\/p>\n<p>\u00cembun\u0103t\u0103\u021bi\u021bi-v\u0103 colec\u021bia de ustensile de buc\u0103t\u0103rie cu bolul cu m\u00e2ner metalic Marys Garden Supplies \u0219i experimenta\u021bi combina\u021bia perfect\u0103 de stil \u0219i func\u021bionalitate. Fie c\u0103 sunte\u021bi un buc\u0103tar experimentat sau sunte\u021bi la \u00eenceput de drum \u00een domeniul culinar, acest bol este un accesoriu indispensabil \u00een buc\u0103t\u0103ria dvs. Comanda\u021bi-l pe al dumneavoastr\u0103 ast\u0103zi \u0219i \u00eencepe\u021bi s\u0103 crea\u021bi mese delicioase cu u\u0219urin\u021b\u0103 \u0219i elegan\u021b\u0103!<\/p>\n","protected":false},"excerpt":{"rendered":"<p>Acest bol metalic elegant cu m\u00e2nere de la Marys Garden Supplies ofer\u0103 elegan\u021b\u0103 \u0219i func\u021bionalitate pentru buc\u0103t\u0103ria dumneavoastr\u0103. Perfect pentru orice crea\u021bie culinar\u0103! [&#8230;]<\/p>\n<p><a class=\"btn btn-secondary understrap-read-more-link\" href=\"https:\/\/gradinar.ro\/en\/produs\/bol-cu-manere-din-metal-marys-garden-supplies-18-cm-culoarea-negru\/\">Mai mult&#8230;<\/a><\/p>\n","protected":false},"featured_media":50545,"template":"","meta":[],"etheme_brands":[],"product_brand":[481],"product_cat":[286,302],"product_tag":[],"class_list":{"0":"post-50575","1":"product","2":"type-product","3":"status-publish","4":"has-post-thumbnail","6":"product_brand-marys-garden-supplies","7":"product_cat-ghivece-masti","8":"product_cat-masti","10":"first","11":"instock","12":"taxable","13":"shipping-taxable","14":"purchasable","15":"product-type-simple"},"_links":{"self":[{"href":"https:\/\/gradinar.ro\/en\/wp-json\/wp\/v2\/product\/50575","targetHints":{"allow":["GET"]}}],"collection":[{"href":"https:\/\/gradinar.ro\/en\/wp-json\/wp\/v2\/product"}],"about":[{"href":"https:\/\/gradinar.ro\/en\/wp-json\/wp\/v2\/types\/product"}],"wp:featuredmedia":[{"embeddable":true,"href":"https:\/\/gradinar.ro\/en\/wp-json\/wp\/v2\/media\/50545"}],"wp:attachment":[{"href":"https:\/\/gradinar.ro\/en\/wp-json\/wp\/v2\/media?parent=50575"}],"wp:term":[{"taxonomy":"brand","embeddable":true,"href":"https:\/\/gradinar.ro\/en\/wp-json\/wp\/v2\/etheme_brands?post=50575"},{"taxonomy":"product_brand","embeddable":true,"href":"https:\/\/gradinar.ro\/en\/wp-json\/wp\/v2\/product_brand?post=50575"},{"taxonomy":"product_cat","embeddable":true,"href":"https:\/\/gradinar.ro\/en\/wp-json\/wp\/v2\/product_cat?post=50575"},{"taxonomy":"product_tag","embeddable":true,"href":"https:\/\/gradinar.ro\/en\/wp-json\/wp\/v2\/product_tag?post=50575"}],"curies":[{"name":"wp","href":"https:\/\/api.w.org\/{rel}","templated":true}]}}