{"id":50623,"date":"2025-08-12T17:11:58","date_gmt":"2025-08-12T14:11:58","guid":{"rendered":"https:\/\/gradinar.ro\/produs\/bol-cu-manere-din-metal-marys-garden-supplies-21-cm-culoarea-negru\/"},"modified":"2025-08-12T17:38:22","modified_gmt":"2025-08-12T14:38:22","slug":"bol-cu-manere-din-metal-marys-garden-supplies-21-cm-culoarea-negru","status":"publish","type":"product","link":"https:\/\/gradinar.ro\/en\/produs\/bol-cu-manere-din-metal-marys-garden-supplies-21-cm-culoarea-negru\/","title":{"rendered":"Bol cu manere din metal Mary&#8217;s Garden Supplies 21 cm, culoarea negru"},"content":{"rendered":"<p>V\u0103 prezent\u0103m bolul nostru versatil \u0219i elegant cu m\u00e2ner metalic Mary&#8217;s Garden Supplies! Cu un diametru de 21 cm \u0219i o culoare neagr\u0103 elegant\u0103, acest bol este un accesoriu indispensabil pentru colec\u021bia dvs. de ustensile de buc\u0103t\u0103rie. <\/p>\n<p>Confec\u021bionat cu m\u00e2nere metalice durabile, acest bol ofer\u0103 comoditate \u0219i u\u0219urin\u021b\u0103 \u00een timp ce servi\u021bi \u0219i manipula\u021bi m\u00e2nc\u0103rurile dvs. preferate. Este perfect pentru orice, de la amestecarea aluaturilor p\u00e2n\u0103 la servirea salatelor, ceea ce \u00eel face o alegere versatil\u0103 pentru toate nevoile dvs. culinare. <\/p>\n<p>Culoarea neagr\u0103 adaug\u0103 o not\u0103 de elegan\u021b\u0103 la orice aranjament de mas\u0103, fie c\u0103 g\u0103zdui\u021bi o cin\u0103 formal\u0103 sau v\u0103 bucura\u021bi de o mas\u0103 casual \u00een familie. Suprafa\u021ba sa neted\u0103 \u0219i construc\u021bia robust\u0103 asigur\u0103 o durabilitate de lung\u0103 durat\u0103, f\u0103c\u00e2ndu-l un instrument de \u00eencredere \u00een buc\u0103t\u0103ria dvs. pentru mul\u021bi ani de acum \u00eencolo. <\/p>\n<p>Practicitatea \u00eent\u00e2lne\u0219te stilul cu bolul cu m\u00e2ner metalic Mary&#8217;s Garden Supplies. Comand\u0103-l pe al t\u0103u ast\u0103zi \u0219i ridic\u0103 experien\u021ba ta de g\u0103tit \u0219i de luat masa la noi \u00een\u0103l\u021bimi!<\/p>\n","protected":false},"excerpt":{"rendered":"<p>Bolul cu m\u00e2ner metalic de la Mary&#8217;s Garden Supplies este alegerea elegant\u0103 pentru buc\u0103t\u0103ria ta. Versatil, robust \u0219i elegant &#8211; un must-have! [&#8230;]<\/p>\n<p><a class=\"btn btn-secondary understrap-read-more-link\" href=\"https:\/\/gradinar.ro\/en\/produs\/bol-cu-manere-din-metal-marys-garden-supplies-21-cm-culoarea-negru\/\">Mai mult&#8230;<\/a><\/p>\n","protected":false},"featured_media":50607,"template":"","meta":[],"etheme_brands":[],"product_brand":[481],"product_cat":[286,302],"product_tag":[],"class_list":{"0":"post-50623","1":"product","2":"type-product","3":"status-publish","4":"has-post-thumbnail","6":"product_brand-marys-garden-supplies","7":"product_cat-ghivece-masti","8":"product_cat-masti","10":"first","11":"instock","12":"taxable","13":"shipping-taxable","14":"purchasable","15":"product-type-simple"},"_links":{"self":[{"href":"https:\/\/gradinar.ro\/en\/wp-json\/wp\/v2\/product\/50623","targetHints":{"allow":["GET"]}}],"collection":[{"href":"https:\/\/gradinar.ro\/en\/wp-json\/wp\/v2\/product"}],"about":[{"href":"https:\/\/gradinar.ro\/en\/wp-json\/wp\/v2\/types\/product"}],"wp:featuredmedia":[{"embeddable":true,"href":"https:\/\/gradinar.ro\/en\/wp-json\/wp\/v2\/media\/50607"}],"wp:attachment":[{"href":"https:\/\/gradinar.ro\/en\/wp-json\/wp\/v2\/media?parent=50623"}],"wp:term":[{"taxonomy":"brand","embeddable":true,"href":"https:\/\/gradinar.ro\/en\/wp-json\/wp\/v2\/etheme_brands?post=50623"},{"taxonomy":"product_brand","embeddable":true,"href":"https:\/\/gradinar.ro\/en\/wp-json\/wp\/v2\/product_brand?post=50623"},{"taxonomy":"product_cat","embeddable":true,"href":"https:\/\/gradinar.ro\/en\/wp-json\/wp\/v2\/product_cat?post=50623"},{"taxonomy":"product_tag","embeddable":true,"href":"https:\/\/gradinar.ro\/en\/wp-json\/wp\/v2\/product_tag?post=50623"}],"curies":[{"name":"wp","href":"https:\/\/api.w.org\/{rel}","templated":true}]}}