{"id":50634,"date":"2025-08-12T17:12:16","date_gmt":"2025-08-12T14:12:16","guid":{"rendered":"https:\/\/gradinar.ro\/produs\/bol-cu-manere-din-metal-marys-garden-supplies-21-cm-culoarea-verde\/"},"modified":"2025-08-12T17:38:25","modified_gmt":"2025-08-12T14:38:25","slug":"bol-cu-manere-din-metal-marys-garden-supplies-21-cm-culoarea-verde","status":"publish","type":"product","link":"https:\/\/gradinar.ro\/en\/produs\/bol-cu-manere-din-metal-marys-garden-supplies-21-cm-culoarea-verde\/","title":{"rendered":"Bol cu manere din metal Mary&#8217;s Garden Supplies 21 cm, culoarea verde"},"content":{"rendered":"<p>V\u0103 prezent\u0103m bolul cu m\u00e2ner metalic Mary&#8217;s Garden Supplies, cu dimensiunea de 21 cm, \u00eentr-o culoare verde revigorant\u0103! Acest bol versatil este un accesoriu indispensabil pentru buc\u0103t\u0103ria dvs. \u0219i v\u0103 va ridica experien\u021ba culinar\u0103. M\u00e2nerele metalice rezistente ofer\u0103 o prindere sigur\u0103, permi\u021b\u00e2ndu-v\u0103 s\u0103 servi\u021bi cu \u00eencredere m\u00e2nc\u0103rurile preferate familiei \u0219i prietenilor.<\/p>\n<p>Fabricat din materiale de \u00eenalt\u0103 calitate, acest bol este construit pentru a dura. M\u00e2nerele din metal nu numai c\u0103 adaug\u0103 o not\u0103 de elegan\u021b\u0103, dar asigur\u0103 \u0219i durabilitate \u0219i fiabilitate. Fie c\u0103 servi\u021bi o sup\u0103 fierbinte sau o salat\u0103 delicioas\u0103, acest bol va rezista tuturor crea\u021biilor dvs. culinare.<\/p>\n<p>Cu o dimensiune de 21 cm, acest bol este perfect pentru orice ocazie. Este suficient de mare pentru a g\u0103zdui por\u021bii generoase, ceea ce \u00eel face ideal pentru \u00eent\u00e2lnirile de familie sau pentru a primi oaspe\u021bi. Culoarea verde vibrant\u0103 adaug\u0103 o not\u0103 de prospe\u021bime la aranjarea mesei dvs., cre\u00e2nd o prezentare atr\u0103g\u0103toare din punct de vedere vizual.<\/p>\n<p>Nu numai c\u0103 acest bol este func\u021bional \u0219i elegant, dar este \u0219i u\u0219or de cur\u0103\u021bat. Pur \u0219i simplu cl\u0103ti\u021bi-l cu ap\u0103 cald\u0103 cu s\u0103pun \u0219i va fi gata pentru urm\u0103toarea mas\u0103. Dimensiunile sale compacte \u00eel fac u\u0219or de depozitat, iar m\u00e2nerele metalice \u00eel fac u\u0219or de transportat din buc\u0103t\u0103rie p\u00e2n\u0103 la masa de luat masa.<\/p>\n<p>\u00cembun\u0103t\u0103\u021bi\u021bi-v\u0103 ustensilele de buc\u0103t\u0103rie cu bolul cu m\u00e2nere metalice Mary&#8217;s Garden Supplies. Este un accesoriu versatil \u0219i durabil care v\u0103 va \u00eembun\u0103t\u0103\u021bi experien\u021ba culinar\u0103. Achizi\u021biona\u021bi-l pe al dvs. ast\u0103zi \u0219i ad\u0103uga\u021bi o not\u0103 de elegan\u021b\u0103 la aranjarea mesei!<\/p>\n","protected":false},"excerpt":{"rendered":"<p>Un accesoriu atemporal pentru buc\u0103t\u0103ria dvs. &#8211; bolul metalic verde de la Mary&#8217;s Garden Supplies. Cu m\u00e2nere rezistente pentru o servire convenabil\u0103 \u0219i elegant\u0103. [&#8230;]<\/p>\n<p><a class=\"btn btn-secondary understrap-read-more-link\" href=\"https:\/\/gradinar.ro\/en\/produs\/bol-cu-manere-din-metal-marys-garden-supplies-21-cm-culoarea-verde\/\">Mai mult&#8230;<\/a><\/p>\n","protected":false},"featured_media":50624,"template":"","meta":[],"etheme_brands":[],"product_brand":[481],"product_cat":[286,302],"product_tag":[],"class_list":{"0":"post-50634","1":"product","2":"type-product","3":"status-publish","4":"has-post-thumbnail","6":"product_brand-marys-garden-supplies","7":"product_cat-ghivece-masti","8":"product_cat-masti","10":"first","11":"instock","12":"taxable","13":"shipping-taxable","14":"purchasable","15":"product-type-simple"},"_links":{"self":[{"href":"https:\/\/gradinar.ro\/en\/wp-json\/wp\/v2\/product\/50634","targetHints":{"allow":["GET"]}}],"collection":[{"href":"https:\/\/gradinar.ro\/en\/wp-json\/wp\/v2\/product"}],"about":[{"href":"https:\/\/gradinar.ro\/en\/wp-json\/wp\/v2\/types\/product"}],"wp:featuredmedia":[{"embeddable":true,"href":"https:\/\/gradinar.ro\/en\/wp-json\/wp\/v2\/media\/50624"}],"wp:attachment":[{"href":"https:\/\/gradinar.ro\/en\/wp-json\/wp\/v2\/media?parent=50634"}],"wp:term":[{"taxonomy":"brand","embeddable":true,"href":"https:\/\/gradinar.ro\/en\/wp-json\/wp\/v2\/etheme_brands?post=50634"},{"taxonomy":"product_brand","embeddable":true,"href":"https:\/\/gradinar.ro\/en\/wp-json\/wp\/v2\/product_brand?post=50634"},{"taxonomy":"product_cat","embeddable":true,"href":"https:\/\/gradinar.ro\/en\/wp-json\/wp\/v2\/product_cat?post=50634"},{"taxonomy":"product_tag","embeddable":true,"href":"https:\/\/gradinar.ro\/en\/wp-json\/wp\/v2\/product_tag?post=50634"}],"curies":[{"name":"wp","href":"https:\/\/api.w.org\/{rel}","templated":true}]}}