{"id":50656,"date":"2025-08-12T17:12:53","date_gmt":"2025-08-12T14:12:53","guid":{"rendered":"https:\/\/gradinar.ro\/produs\/bol-cu-manere-din-metal-marys-garden-supplies-26-cm-culoarea-verde\/"},"modified":"2025-08-12T17:38:32","modified_gmt":"2025-08-12T14:38:32","slug":"bol-cu-manere-din-metal-marys-garden-supplies-26-cm-culoarea-verde","status":"publish","type":"product","link":"https:\/\/gradinar.ro\/en\/produs\/bol-cu-manere-din-metal-marys-garden-supplies-26-cm-culoarea-verde\/","title":{"rendered":"Bol cu manere din metal Mary&#8217;s Garden Supplies 26 cm, culoarea verde"},"content":{"rendered":"<p>V\u0103 prezent\u0103m Mary&#8217;s Garden Supplies Castron cu m\u00e2ner metalic de 26 cm &#8211; culoare verde! Acest bol uimitor este exact ceea ce ave\u021bi nevoie pentru a ad\u0103uga o not\u0103 de elegan\u021b\u0103 \u0219i func\u021bionalitate \u00een buc\u0103t\u0103ria dvs. Fie c\u0103 preg\u0103te\u0219ti o salat\u0103 delicioas\u0103 sau serve\u0219ti gust\u0103ri oaspe\u021bilor t\u0103i, acest bol versatil este absolut indispensabil.<\/p>\n<p>Confec\u021bionat cu precizie, acest bol cu m\u00e2ner metalic garanteaz\u0103 durabilitate \u0219i rezisten\u021b\u0103. Metalul de \u00eenalt\u0103 calitate asigur\u0103 c\u0103 va rezista testului timpului, f\u0103c\u00e2ndu-l un accesoriu de \u00eencredere \u00een arsenalul dvs. de buc\u0103t\u0103rie. Dimensiunea convenabil\u0103 de 26 cm v\u0103 ofer\u0103 un spa\u021biu amplu pentru a amesteca, amesteca \u0219i servi cu u\u0219urin\u021b\u0103 crea\u021biile dvs. culinare.<\/p>\n<p>Cu culoarea sa verde vibrant\u0103, acest bol aduce un strop de culoare \u00een decorul buc\u0103t\u0103riei dvs. \u00cenvesele\u0219te instantaneu orice spa\u021biu \u0219i adaug\u0103 o not\u0103 de prospe\u021bime la aranjarea mesei dvs. Designul elegant \u0219i modern al bolului \u00eel face, de asemenea, o pies\u0103 decorativ\u0103 excelent\u0103 atunci c\u00e2nd nu este utilizat.<\/p>\n<p>M\u00e2nerele metalice ofer\u0103 o prindere confortabil\u0103, permi\u021b\u00e2ndu-v\u0103 s\u0103 transporta\u021bi f\u0103r\u0103 efort bolul din buc\u0103t\u0103rie la masa de luat masa. Pute\u021bi transporta cu u\u0219urin\u021b\u0103 crea\u021biile dvs. culinare delicioase f\u0103r\u0103 s\u0103 v\u0103rsa\u021bi sau s\u0103 face\u021bi mizerie. M\u00e2nerele adaug\u0103, de asemenea, o not\u0103 de rafinament la designul general, f\u0103c\u00e2nd din acest bol o alegere elegant\u0103 pentru orice ocazie.<\/p>\n<p>\u00cen concluzie, bolul cu m\u00e2nere metalice Mary&#8217;s Garden Supplies Metal Handled Bowl este un accesoriu func\u021bional \u0219i elegant pentru buc\u0103t\u0103ria dumneavoastr\u0103. Durabilitatea sa, dimensiunea ampl\u0103, culoarea verde vibrant\u0103 \u0219i m\u00e2nerele metalice convenabile \u00eel fac o alegere versatil\u0103 pentru utilizarea zilnic\u0103 sau pentru ocazii speciale. Indiferent dac\u0103 sunte\u021bi un buc\u0103tar experimentat sau un buc\u0103tar ocazional, acest bol va deveni cu siguran\u021b\u0103 un element esen\u021bial pentru buc\u0103t\u0103ria dumneavoastr\u0103.<\/p>\n","protected":false},"excerpt":{"rendered":"<p>Descoperi\u021bi practicabilitatea \u0219i elegan\u021ba bolului metalic Mary&#8217;s Garden Supplies \u00een verde &#8211; un must-have esen\u021bial pentru buc\u0103t\u0103ria dvs.! [&#8230;]<\/p>\n<p><a class=\"btn btn-secondary understrap-read-more-link\" href=\"https:\/\/gradinar.ro\/en\/produs\/bol-cu-manere-din-metal-marys-garden-supplies-26-cm-culoarea-verde\/\">Mai mult&#8230;<\/a><\/p>\n","protected":false},"featured_media":50646,"template":"","meta":[],"etheme_brands":[],"product_brand":[481],"product_cat":[286,302],"product_tag":[],"class_list":{"0":"post-50656","1":"product","2":"type-product","3":"status-publish","4":"has-post-thumbnail","6":"product_brand-marys-garden-supplies","7":"product_cat-ghivece-masti","8":"product_cat-masti","10":"first","11":"instock","12":"taxable","13":"shipping-taxable","14":"purchasable","15":"product-type-simple"},"_links":{"self":[{"href":"https:\/\/gradinar.ro\/en\/wp-json\/wp\/v2\/product\/50656","targetHints":{"allow":["GET"]}}],"collection":[{"href":"https:\/\/gradinar.ro\/en\/wp-json\/wp\/v2\/product"}],"about":[{"href":"https:\/\/gradinar.ro\/en\/wp-json\/wp\/v2\/types\/product"}],"wp:featuredmedia":[{"embeddable":true,"href":"https:\/\/gradinar.ro\/en\/wp-json\/wp\/v2\/media\/50646"}],"wp:attachment":[{"href":"https:\/\/gradinar.ro\/en\/wp-json\/wp\/v2\/media?parent=50656"}],"wp:term":[{"taxonomy":"brand","embeddable":true,"href":"https:\/\/gradinar.ro\/en\/wp-json\/wp\/v2\/etheme_brands?post=50656"},{"taxonomy":"product_brand","embeddable":true,"href":"https:\/\/gradinar.ro\/en\/wp-json\/wp\/v2\/product_brand?post=50656"},{"taxonomy":"product_cat","embeddable":true,"href":"https:\/\/gradinar.ro\/en\/wp-json\/wp\/v2\/product_cat?post=50656"},{"taxonomy":"product_tag","embeddable":true,"href":"https:\/\/gradinar.ro\/en\/wp-json\/wp\/v2\/product_tag?post=50656"}],"curies":[{"name":"wp","href":"https:\/\/api.w.org\/{rel}","templated":true}]}}