{"id":50665,"date":"2025-08-12T17:13:09","date_gmt":"2025-08-12T14:13:09","guid":{"rendered":"https:\/\/gradinar.ro\/produs\/tavita-din-metal-cu-2-minighivecele-marys-garden-supplies-30-cm-culoarea-negru\/"},"modified":"2025-08-12T17:38:35","modified_gmt":"2025-08-12T14:38:35","slug":"tavita-din-metal-cu-2-minighivecele-marys-garden-supplies-30-cm-culoarea-negru","status":"publish","type":"product","link":"https:\/\/gradinar.ro\/en\/produs\/tavita-din-metal-cu-2-minighivecele-marys-garden-supplies-30-cm-culoarea-negru\/","title":{"rendered":"Tavita din metal cu 2 minighivecele Mary&#8217;s Garden Supplies 30 cm, culoarea negru"},"content":{"rendered":"<p>V\u0103 prezent\u0103m tava metalic\u0103 cu 2 mini ghivece de la Mary&#8217;s Garden Supplies! Aceast\u0103 tav\u0103 elegant\u0103 \u0219i modern\u0103 de 30 cm este un accesoriu perfect pentru orice gr\u0103din\u0103 sau spa\u021biu interior. Culoarea sa neagr\u0103 elegant\u0103 adaug\u0103 o not\u0103 de rafinament, \u00een timp ce construc\u021bia metalic\u0103 durabil\u0103 asigur\u0103 o utilizare de lung\u0103 durat\u0103.<\/p>\n<p>Tava metalic\u0103 cu 2 mini ghivece nu este doar elegant\u0103, ci \u0219i practic\u0103. Cele dou\u0103 mini ghivece sunt de dimensiunea ideal\u0103 pentru plante mici, ierburi sau plante suculente. Fie c\u0103 dori\u021bi s\u0103 ad\u0103uga\u021bi un strop de verdea\u021b\u0103 la pervazul ferestrei sau s\u0103 crea\u021bi un centru de mas\u0103 unic pentru masa de luat masa, aceste mini ghivece sunt suficient de versatile pentru a se potrivi oric\u0103rui scop.<\/p>\n<p>Realizat\u0103 cu aten\u021bie la detalii, aceast\u0103 tav\u0103 metalic\u0103 are un finisaj neted \u0219i o construc\u021bie robust\u0103. Marginile ridicate ale t\u0103vii \u00eempiedic\u0103 p\u0103m\u00e2ntul sau apa s\u0103 se verse, men\u021bin\u00e2nd suprafe\u021bele dvs. curate \u0219i ordonate. \u00cen plus, dimensiunea compact\u0103 a t\u0103vii o face u\u0219or de a\u0219ezat pe orice blat, raft sau birou.<\/p>\n<p>Aceast\u0103 tav\u0103 nu numai c\u0103 este func\u021bional\u0103 \u0219i elegant\u0103, dar adaug\u0103 \u0219i o not\u0103 de elegan\u021b\u0103 oric\u0103rui spa\u021biu. Designul s\u0103u minimalist completeaz\u0103 orice stil de decor, de la modern la boho-chic. Fie c\u0103 sunte\u021bi un p\u0103rinte experimentat \u00een materie de plante, fie c\u0103 sunte\u021bi la \u00eenceput de drum \u00een gr\u0103din\u0103rit, tava metalic\u0103 cu 2 mini ghivece este un must-have pentru orice pasionat de plante.<\/p>\n<p>\u00cembun\u0103t\u0103\u021be\u0219te-\u021bi jocul de gr\u0103din\u0103rit cu tava metalic\u0103 cu 2 mini ghivece de la Mary&#8217;s Garden Supplies. Comanda\u021bi-l pe al dumneavoastr\u0103 ast\u0103zi \u0219i \u00eencepe\u021bi s\u0103 v\u0103 bucura\u021bi de frumuse\u021bea verdea\u021b\u0103 \u00een casa sau la birou!<\/p>\n","protected":false},"excerpt":{"rendered":"<p>Descoperi\u021bi combina\u021bia perfect\u0103 de estetic\u0103 \u0219i func\u021bionalitate cu tava metalic\u0103 elegant\u0103 de la Mary&#8217;s Garden Supplies! [&#8230;]<\/p>\n<p><a class=\"btn btn-secondary understrap-read-more-link\" href=\"https:\/\/gradinar.ro\/en\/produs\/tavita-din-metal-cu-2-minighivecele-marys-garden-supplies-30-cm-culoarea-negru\/\">Mai mult&#8230;<\/a><\/p>\n","protected":false},"featured_media":50657,"template":"","meta":[],"etheme_brands":[],"product_brand":[481],"product_cat":[286,302],"product_tag":[],"class_list":{"0":"post-50665","1":"product","2":"type-product","3":"status-publish","4":"has-post-thumbnail","6":"product_brand-marys-garden-supplies","7":"product_cat-ghivece-masti","8":"product_cat-masti","10":"first","11":"instock","12":"taxable","13":"shipping-taxable","14":"purchasable","15":"product-type-simple"},"_links":{"self":[{"href":"https:\/\/gradinar.ro\/en\/wp-json\/wp\/v2\/product\/50665","targetHints":{"allow":["GET"]}}],"collection":[{"href":"https:\/\/gradinar.ro\/en\/wp-json\/wp\/v2\/product"}],"about":[{"href":"https:\/\/gradinar.ro\/en\/wp-json\/wp\/v2\/types\/product"}],"wp:featuredmedia":[{"embeddable":true,"href":"https:\/\/gradinar.ro\/en\/wp-json\/wp\/v2\/media\/50657"}],"wp:attachment":[{"href":"https:\/\/gradinar.ro\/en\/wp-json\/wp\/v2\/media?parent=50665"}],"wp:term":[{"taxonomy":"brand","embeddable":true,"href":"https:\/\/gradinar.ro\/en\/wp-json\/wp\/v2\/etheme_brands?post=50665"},{"taxonomy":"product_brand","embeddable":true,"href":"https:\/\/gradinar.ro\/en\/wp-json\/wp\/v2\/product_brand?post=50665"},{"taxonomy":"product_cat","embeddable":true,"href":"https:\/\/gradinar.ro\/en\/wp-json\/wp\/v2\/product_cat?post=50665"},{"taxonomy":"product_tag","embeddable":true,"href":"https:\/\/gradinar.ro\/en\/wp-json\/wp\/v2\/product_tag?post=50665"}],"curies":[{"name":"wp","href":"https:\/\/api.w.org\/{rel}","templated":true}]}}