{"id":50725,"date":"2025-08-12T17:14:40","date_gmt":"2025-08-12T14:14:40","guid":{"rendered":"https:\/\/gradinar.ro\/produs\/tavita-din-metal-cu-3-ghivecele-marys-garden-supplies-52-cm-culoarea-negru\/"},"modified":"2025-08-12T17:38:54","modified_gmt":"2025-08-12T14:38:54","slug":"tavita-din-metal-cu-3-ghivecele-marys-garden-supplies-52-cm-culoarea-negru","status":"publish","type":"product","link":"https:\/\/gradinar.ro\/en\/produs\/tavita-din-metal-cu-3-ghivecele-marys-garden-supplies-52-cm-culoarea-negru\/","title":{"rendered":"Tavita din metal cu 3 ghivecele Mary&#8217;s Garden Supplies, 52 cm, culoarea negru"},"content":{"rendered":"<p>V\u0103 prezent\u0103m Mary&#8217;s Garden Supplies Tav\u0103 metalic\u0103 cu 3 ghivece<\/p>\n<p>Dori\u021bi s\u0103 \u00eembun\u0103t\u0103\u021bi\u021bi farmecul gr\u0103dinii sau terasei dvs. Nu c\u0103uta\u021bi mai departe de Mary&#8217;s Garden Supplies Metal Tray with 3 Pots! Acest set elegant \u0219i func\u021bional este conceput pentru a ad\u0103uga o not\u0103 de elegan\u021b\u0103 spa\u021biului dvs. exterior. M\u0103sur\u00e2nd 52 cm \u00een lungime, aceast\u0103 tav\u0103 vine \u00eentr-o culoare neagr\u0103 elegant\u0103, care completeaz\u0103 orice decor de gr\u0103din\u0103.<\/p>\n<p>Confec\u021bionat\u0103 din metal de \u00eenalt\u0103 calitate, aceast\u0103 tav\u0103 este construit\u0103 pentru a rezista la intemperii \u0219i este perfect\u0103 at\u00e2t pentru utilizare \u00een interior, c\u00e2t \u0219i \u00een exterior. Construc\u021bia durabil\u0103 asigur\u0103 c\u0103 va rezista testului timpului, oferind o solu\u021bie durabil\u0103 \u0219i fiabil\u0103 pentru a v\u0103 expune plantele sau ierburile preferate.<\/p>\n<p>Setul include trei ghivece asortate, fiecare fiind proiectat s\u0103 se potriveasc\u0103 perfect \u00een tav\u0103. Aceste ghivece ofer\u0103 spa\u021biu suficient pentru ca plantele dvs. s\u0103 creasc\u0103 \u0219i s\u0103 se dezvolte. Fie c\u0103 v\u0103 plac florile, plantele suculente sau ierburile aromatice, posibilit\u0103\u021bile sunt infinite cu Mary&#8217;s Garden Supplies Metal Tray with 3 Pots.<\/p>\n<p>Acest set nu numai c\u0103 ofer\u0103 func\u021bionalitate, dar adaug\u0103 \u0219i o not\u0103 decorativ\u0103 gr\u0103dinii sau terasei dvs. Designul elegant \u0219i modern al t\u0103vii \u0219i al ghivecelor adaug\u0103 o vibra\u021bie contemporan\u0103 oric\u0103rui spa\u021biu, f\u0103c\u00e2ndu-l un element care s\u0103 ias\u0103 \u00een eviden\u021b\u0103 \u00een oaza dvs. de exterior. Este perfect pentru a expune flori colorate, pentru a crea o gr\u0103din\u0103 de plante aromatice sau chiar pentru a v\u0103 cultiva propriile legume.<\/p>\n<p>\u00cembun\u0103t\u0103\u021bi\u021bi-v\u0103 experien\u021ba de gr\u0103din\u0103rit cu Mary&#8217;s Garden Supplies Metal Tray with 3 Pots. Cu designul s\u0103u elegant, durabilitatea \u0219i versatilitatea sa, acest set este un must-have pentru orice pasionat de plante. A\u0219adar, de ce s\u0103 mai a\u0219tepta\u021bi? Ad\u0103uga\u021bi o not\u0103 de rafinament gr\u0103dinii dvs. ast\u0103zi!<\/p>\n","protected":false},"excerpt":{"rendered":"<p>Expune\u021bi-v\u0103 plantele preferate \u00een stil cu tava metalic\u0103 Mary&#8217;s Garden Supplies cu 3 ghivece. Design elegant pentru gr\u0103dina dvs.! [&#8230;]<\/p>\n<p><a class=\"btn btn-secondary understrap-read-more-link\" href=\"https:\/\/gradinar.ro\/en\/produs\/tavita-din-metal-cu-3-ghivecele-marys-garden-supplies-52-cm-culoarea-negru\/\">Mai mult&#8230;<\/a><\/p>\n","protected":false},"featured_media":50715,"template":"","meta":[],"etheme_brands":[],"product_brand":[481],"product_cat":[286,302],"product_tag":[],"class_list":{"0":"post-50725","1":"product","2":"type-product","3":"status-publish","4":"has-post-thumbnail","6":"product_brand-marys-garden-supplies","7":"product_cat-ghivece-masti","8":"product_cat-masti","10":"first","11":"instock","12":"taxable","13":"shipping-taxable","14":"purchasable","15":"product-type-simple"},"_links":{"self":[{"href":"https:\/\/gradinar.ro\/en\/wp-json\/wp\/v2\/product\/50725","targetHints":{"allow":["GET"]}}],"collection":[{"href":"https:\/\/gradinar.ro\/en\/wp-json\/wp\/v2\/product"}],"about":[{"href":"https:\/\/gradinar.ro\/en\/wp-json\/wp\/v2\/types\/product"}],"wp:featuredmedia":[{"embeddable":true,"href":"https:\/\/gradinar.ro\/en\/wp-json\/wp\/v2\/media\/50715"}],"wp:attachment":[{"href":"https:\/\/gradinar.ro\/en\/wp-json\/wp\/v2\/media?parent=50725"}],"wp:term":[{"taxonomy":"brand","embeddable":true,"href":"https:\/\/gradinar.ro\/en\/wp-json\/wp\/v2\/etheme_brands?post=50725"},{"taxonomy":"product_brand","embeddable":true,"href":"https:\/\/gradinar.ro\/en\/wp-json\/wp\/v2\/product_brand?post=50725"},{"taxonomy":"product_cat","embeddable":true,"href":"https:\/\/gradinar.ro\/en\/wp-json\/wp\/v2\/product_cat?post=50725"},{"taxonomy":"product_tag","embeddable":true,"href":"https:\/\/gradinar.ro\/en\/wp-json\/wp\/v2\/product_tag?post=50725"}],"curies":[{"name":"wp","href":"https:\/\/api.w.org\/{rel}","templated":true}]}}