{"id":50911,"date":"2025-08-12T17:17:37","date_gmt":"2025-08-12T14:17:37","guid":{"rendered":"https:\/\/gradinar.ro\/produs\/galeata-pentru-2-ghivece-cu-maner-din-lemn-marys-garden-supplies-12-5-cm-culoarea-verde\/"},"modified":"2025-08-12T17:39:49","modified_gmt":"2025-08-12T14:39:49","slug":"galeata-pentru-2-ghivece-cu-maner-din-lemn-marys-garden-supplies-12-5-cm-culoarea-verde","status":"publish","type":"product","link":"https:\/\/gradinar.ro\/en\/produs\/galeata-pentru-2-ghivece-cu-maner-din-lemn-marys-garden-supplies-12-5-cm-culoarea-verde\/","title":{"rendered":"Galeata pentru 2 ghivece cu maner din lemn Mary&#8217;s Garden Supplies 12.5 cm, culoarea verde"},"content":{"rendered":"<p>V\u0103 prezent\u0103m g\u0103leata cu m\u00e2ner din lemn cu 2 ghivece Mary&#8217;s Garden Supplies, de culoare verde! Aceast\u0103 g\u0103leat\u0103 mic\u0103 \u0219i \u00eenc\u00e2nt\u0103toare este perfect\u0103 pentru toate nevoile dvs. de gr\u0103din\u0103rit. Fie c\u0103 sunte\u021bi un gr\u0103dinar experimentat sau sunte\u021bi la \u00eenceput de drum, acest accesoriu func\u021bional \u0219i fermec\u0103tor este un must-have pentru orice deget verde.<\/p>\n<p>Fabricat\u0103 din materiale de \u00eenalt\u0103 calitate, aceast\u0103 g\u0103leat\u0103 este conceput\u0103 pentru a rezista la rigorile gr\u0103din\u0103ritului \u00een aer liber. M\u00e2nerul robust din lemn asigur\u0103 o prindere confortabil\u0103, facilit\u00e2nd transportul plantelor dumneavoastr\u0103 oriunde este nevoie. Cu un diametru de 12,5 cm, are dimensiunea ideal\u0103 pentru a \u00eencadra dou\u0103 ghivece, oferindu-v\u0103 un spa\u021biu amplu pentru florile, ierburile sau plantele suculente preferate.<\/p>\n<p>Aceast\u0103 g\u0103leat\u0103 nu numai c\u0103 are un scop practic, dar adaug\u0103 \u0219i o not\u0103 de stil gr\u0103dinii dvs. Culoarea verde vibrant\u0103 este atr\u0103g\u0103toare \u0219i se potrive\u0219te cu orice decor exterior. Este accesoriul perfect pentru a spori atractivitatea vizual\u0103 a gr\u0103dinii dvs. \u0219i pentru a crea o atmosfer\u0103 fermec\u0103toare.<\/p>\n<p>G\u0103leata cu m\u00e2ner din lemn cu 2 vase Mary&#8217;s Garden Supplies nu se limiteaz\u0103 doar la utilizarea \u00een gr\u0103din\u0103rit. Poate fi folosit\u0103 \u0219i ca element decorativ \u00een casa dvs. A\u0219eza\u021bi-o pe un raft sau folosi\u021bi-o pentru a organiza obiecte mici, cum ar fi cheile sau pixurile. Posibilit\u0103\u021bile sunt infinite!<\/p>\n<p>Cu combina\u021bia sa de func\u021bionalitate \u0219i stil, g\u0103leata cu m\u00e2ner din lemn cu 2 ghivece Mary&#8217;s Garden Supplies este un must-have pentru orice gr\u0103dinar. A\u0219adar, de ce s\u0103 mai a\u0219tepta\u021bi? Achizi\u021biona\u021bi-o pe a dumneavoastr\u0103 ast\u0103zi \u0219i \u00eencepe\u021bi s\u0103 v\u0103 transforma\u021bi gr\u0103dina \u00eentr-o frumoas\u0103 oaz\u0103!<\/p>\n","protected":false},"excerpt":{"rendered":"<p>V\u0103 prezent\u0103m Mary&#8217;s Garden Supplies 12,5 cm g\u0103leat\u0103 cu m\u00e2ner de lemn pentru ghiveci &#8211; partenerul perfect pentru toate nevoile dvs. de gr\u0103din\u0103rit!<\/p>\n<p>V-a\u021bi s\u0103turat s\u0103 v\u0103 lupta\u021bi cu ghivece de plante fragile \u0219i nesigure? Nu c\u0103uta\u021bi mai departe! Galeata noastr\u0103 pentru 2 ghivece cu maner din lemn este construit\u0103 pentru a rezista \u0219i este special conceput\u0103 pentru a v\u0103 face sarcinile de gr\u0103din\u0103rit mai u\u0219oare.<\/p>\n<p>Confec\u021bionat\u0103 cu un exterior durabil de culoare verde, aceast\u0103 g\u0103leat\u0103 pentru ghiveci adaug\u0103 o not\u0103 de elegan\u021b\u0103 spa\u021biului dvs. de gr\u0103din\u0103. M\u00e2nerul robust din lemn asigur\u0103 o prindere confortabil\u0103, permi\u021b\u00e2ndu-v\u0103 s\u0103 o transporta\u021bi \u0219i s\u0103 o purta\u021bi cu u\u0219urin\u021b\u0103. Are dimensiunea ideal\u0103 pentru a sus\u021bine dou\u0103 ghivece de dimensiuni medii, fiind astfel comod\u0103 pentru a pune \u00een ghiveci \u0219i a transporta plantele dvs. preferate.<\/p>\n<p>Aceast\u0103 g\u0103leat\u0103 pentru ghiveci nu este numai pl\u0103cut\u0103 din punct de vedere estetic, dar este \u0219i foarte practic\u0103. Diametrul s\u0103u de 12,5 cm ofer\u0103 un spa\u021biu amplu pentru ca plantele dvs. s\u0103 \u00eenfloreasc\u0103, \u00een timp ce construc\u021bia durabil\u0103 asigur\u0103 c\u0103 rezist\u0103 la testul timpului. Fie c\u0103 sunte\u021bi un gr\u0103dinar experimentat sau sunte\u021bi la \u00eenceput de drum, aceast\u0103 g\u0103leat\u0103 pentru ghiveci este un instrument indispensabil pentru arsenalul dvs. de gr\u0103din\u0103rit.<\/p>\n<p>A\u0219adar, de ce s\u0103 mai a\u0219tepta\u021bi? \u00cembun\u0103t\u0103\u021bi\u021bi-v\u0103 experien\u021ba de gr\u0103din\u0103rit cu g\u0103leata pentru ghiveci cu m\u00e2ner de lemn de 12,5 cm cu m\u00e2ner din lemn de la Mary&#8217;s Garden Supplies. Comand\u0103-l pe al t\u0103u ast\u0103zi \u0219i du-\u021bi jocul de gr\u0103din\u0103rit la urm\u0103torul nivel! [&#8230;]<\/p>\n<p><a class=\"btn btn-secondary understrap-read-more-link\" href=\"https:\/\/gradinar.ro\/en\/produs\/galeata-pentru-2-ghivece-cu-maner-din-lemn-marys-garden-supplies-12-5-cm-culoarea-verde\/\">Mai mult&#8230;<\/a><\/p>\n","protected":false},"featured_media":50901,"template":"","meta":[],"etheme_brands":[],"product_brand":[481],"product_cat":[286,302],"product_tag":[],"class_list":{"0":"post-50911","1":"product","2":"type-product","3":"status-publish","4":"has-post-thumbnail","6":"product_brand-marys-garden-supplies","7":"product_cat-ghivece-masti","8":"product_cat-masti","10":"first","11":"instock","12":"taxable","13":"shipping-taxable","14":"purchasable","15":"product-type-simple"},"_links":{"self":[{"href":"https:\/\/gradinar.ro\/en\/wp-json\/wp\/v2\/product\/50911","targetHints":{"allow":["GET"]}}],"collection":[{"href":"https:\/\/gradinar.ro\/en\/wp-json\/wp\/v2\/product"}],"about":[{"href":"https:\/\/gradinar.ro\/en\/wp-json\/wp\/v2\/types\/product"}],"wp:featuredmedia":[{"embeddable":true,"href":"https:\/\/gradinar.ro\/en\/wp-json\/wp\/v2\/media\/50901"}],"wp:attachment":[{"href":"https:\/\/gradinar.ro\/en\/wp-json\/wp\/v2\/media?parent=50911"}],"wp:term":[{"taxonomy":"brand","embeddable":true,"href":"https:\/\/gradinar.ro\/en\/wp-json\/wp\/v2\/etheme_brands?post=50911"},{"taxonomy":"product_brand","embeddable":true,"href":"https:\/\/gradinar.ro\/en\/wp-json\/wp\/v2\/product_brand?post=50911"},{"taxonomy":"product_cat","embeddable":true,"href":"https:\/\/gradinar.ro\/en\/wp-json\/wp\/v2\/product_cat?post=50911"},{"taxonomy":"product_tag","embeddable":true,"href":"https:\/\/gradinar.ro\/en\/wp-json\/wp\/v2\/product_tag?post=50911"}],"curies":[{"name":"wp","href":"https:\/\/api.w.org\/{rel}","templated":true}]}}