{"id":51306,"date":"2025-08-12T17:30:31","date_gmt":"2025-08-12T14:30:31","guid":{"rendered":"https:\/\/gradinar.ro\/produs\/set-10-ghivece-productie-culoarea-terra-12-cm\/"},"modified":"2025-08-12T21:34:32","modified_gmt":"2025-08-12T18:34:32","slug":"set-10-ghivece-productie-culoarea-terra-12-cm","status":"publish","type":"product","link":"https:\/\/gradinar.ro\/en\/produs\/set-10-ghivece-productie-culoarea-terra-12-cm\/","title":{"rendered":"Ghiveci productie teracota 12 cm, set 10 buc"},"content":{"rendered":"<p>Descoperi\u021bi elegan\u021ba naturii cu setul nostru de ghiveciuri din teracot\u0103 de 12 cm, special conceput pentru a aduce un strop de verdea\u021b\u0103 \u00een orice col\u021b al casei sau gr\u0103dinii dumneavoastr\u0103. Aceast\u0103 set de 10 buc\u0103\u021bi este ideal pentru plantele de interior sau exterior, permi\u021b\u00e2ndu-le s\u0103 se dezvolte s\u0103n\u0103tos \u00een condi\u021bii optime. Fabricate din teracot\u0103 de cea mai bun\u0103 calitate, aceste ghiveciuri asigur\u0103 o aerisire excelent\u0103 a r\u0103d\u0103cinilor, esen\u021bial\u0103 pentru cre\u0219terea plantelor viguroase \u0219i pline de via\u021b\u0103.<\/p>\n<p>Fie c\u0103 sunte\u021bi un iubitor pasionat de plante sau c\u0103 dori\u021bi s\u0103 oferi\u021bi cadouri inspirate celor dragi, acest set este alegerea perfect\u0103. Designul s\u0103u simplu \u0219i elegant se va potrivi armonios \u00een orice decor, aduc\u00e2nd un aer natural \u0219i c\u0103lduros. Utilizabile at\u00e2t pentru flori, c\u00e2t \u0219i pentru ierburi aromatice sau plante suculente, ghiveciurile din teracot\u0103 devin rapid componente esen\u021biale \u00een gr\u0103dina dumneavoastr\u0103 urban\u0103.<\/p>\n<p>Nu rata\u021bi ocazia de a transforma casa sau gr\u0103dina dumneavoastr\u0103 \u00eentr-un loc plin de via\u021b\u0103! Comanda\u021bi acum setul de ghiveciuri din teracot\u0103 \u0219i \u00eencepe\u021bi aventura plantelor al\u0103turi de cei dragi. Fiecare ghiveci este un mic univers \u00een care natura \u00ee\u0219i poate desf\u0103\u0219ura frumuse\u021bea, fiind o alegere inspirat\u0103 pentru orice iubitor de gr\u0103din\u0103rit.<\/p>\n","protected":false},"excerpt":{"rendered":"<p>Descoperi\u021bi elegan\u021ba naturii cu setul nostru de ghiveciuri din teracot\u0103 de 12 cm, special conceput pentru a aduce un strop de verdea\u021b\u0103 \u00een orice col\u021b al casei sau gr\u0103dinii dumneavoastr\u0103. Aceast\u0103 set de 10 buc\u0103\u021bi este ideal pentru plantele de interior sau exterior, permi\u021b\u00e2ndu-le s\u0103 se dezvolte s\u0103n\u0103tos \u00een condi\u021bii optime. Fabricate din teracot\u0103 de [&#8230;]<\/p>\n<p><a class=\"btn btn-secondary understrap-read-more-link\" href=\"https:\/\/gradinar.ro\/en\/produs\/set-10-ghivece-productie-culoarea-terra-12-cm\/\">Mai mult&#8230;<\/a><\/p>\n","protected":false},"featured_media":52868,"template":"","meta":[],"etheme_brands":[],"product_brand":[480],"product_cat":[304,286],"product_tag":[],"class_list":{"0":"post-51306","1":"product","2":"type-product","3":"status-publish","4":"has-post-thumbnail","6":"product_brand-mg","7":"product_cat-ghivece-productie","8":"product_cat-ghivece-masti","10":"first","11":"instock","12":"taxable","13":"shipping-taxable","14":"purchasable","15":"product-type-simple"},"_links":{"self":[{"href":"https:\/\/gradinar.ro\/en\/wp-json\/wp\/v2\/product\/51306","targetHints":{"allow":["GET"]}}],"collection":[{"href":"https:\/\/gradinar.ro\/en\/wp-json\/wp\/v2\/product"}],"about":[{"href":"https:\/\/gradinar.ro\/en\/wp-json\/wp\/v2\/types\/product"}],"wp:featuredmedia":[{"embeddable":true,"href":"https:\/\/gradinar.ro\/en\/wp-json\/wp\/v2\/media\/52868"}],"wp:attachment":[{"href":"https:\/\/gradinar.ro\/en\/wp-json\/wp\/v2\/media?parent=51306"}],"wp:term":[{"taxonomy":"brand","embeddable":true,"href":"https:\/\/gradinar.ro\/en\/wp-json\/wp\/v2\/etheme_brands?post=51306"},{"taxonomy":"product_brand","embeddable":true,"href":"https:\/\/gradinar.ro\/en\/wp-json\/wp\/v2\/product_brand?post=51306"},{"taxonomy":"product_cat","embeddable":true,"href":"https:\/\/gradinar.ro\/en\/wp-json\/wp\/v2\/product_cat?post=51306"},{"taxonomy":"product_tag","embeddable":true,"href":"https:\/\/gradinar.ro\/en\/wp-json\/wp\/v2\/product_tag?post=51306"}],"curies":[{"name":"wp","href":"https:\/\/api.w.org\/{rel}","templated":true}]}}