{"id":51332,"date":"2025-08-12T17:31:03","date_gmt":"2025-08-12T14:31:03","guid":{"rendered":"https:\/\/gradinar.ro\/produs\/set-5-ghivece-productie-culoarea-negru-15-cm\/"},"modified":"2025-08-12T21:34:22","modified_gmt":"2025-08-12T18:34:22","slug":"set-5-ghivece-productie-culoarea-negru-15-cm","status":"publish","type":"product","link":"https:\/\/gradinar.ro\/en\/produs\/set-5-ghivece-productie-culoarea-negru-15-cm\/","title":{"rendered":"Ghiveci productie 15 cm, set 5 buc"},"content":{"rendered":"<p>Descoperi\u021bi setul nostru exclusiv de ghivece de 15 cm, perfect pentru iubitorii de plante \u0219i gr\u0103din\u0103rit! Acest set de 5 buc\u0103\u021bi este ideal pentru a ad\u0103uga o not\u0103 de verdea\u021b\u0103 \u00een orice col\u021bi\u0219or al casei dumneavoastr\u0103 sau pentru a crea un mic paradis vegetal pe balcon. Fiecare ghiveci este fabricat din materiale de \u00eenalt\u0103 calitate, care garanteaz\u0103 durabilitate \u0219i rezisten\u021b\u0103 la condi\u021biile meteo variate, astfel \u00eenc\u00e2t s\u0103 v\u0103 pute\u021bi bucura de florile \u0219i plantele dumneavoastr\u0103 timp \u00eendelungat.<\/p>\n<p>Fiind nu doar func\u021bionale, ghivecele noastre au un design elegant \u0219i modern, care se integreaz\u0103 perfect \u00een orice tip de decor. Indiferent dac\u0103 sunte\u021bi un pasionat al plantelor de interior sau al celor de exterior, aceste ghivece vor deveni rapid favoritele dumneavoastr\u0103. Alegeti s\u0103 v\u0103 expune\u021bi plantele \u00eentr-un mod atractiv \u0219i captivant, devenind astfel o parte din decorul casei dumneavoastr\u0103.<\/p>\n<p>De asemenea, setul de ghivece este ideal pentru cei care doresc s\u0103 \u00eenceap\u0103 o mic\u0103 afacere \u00een gr\u0103din\u0103rit sau s\u0103 ofere cadouri originale prietenilor \u0219i familiei. Fiecare ghiveci poate fi \u00eempodobit cu plante aromatice, flori colorate sau suculente, cre\u00e2nd combina\u021bii unice care vor impresiona pe oricine. Nu mai a\u0219tepta\u021bi! Aduce\u021bi un strop de natur\u0103 \u00een via\u021ba dumneavoastr\u0103 cu acest set de ghivece de 15 cm!<\/p>\n","protected":false},"excerpt":{"rendered":"<p>Descoperi\u021bi setul nostru exclusiv de ghivece de 15 cm, perfect pentru iubitorii de plante \u0219i gr\u0103din\u0103rit! Acest set de 5 buc\u0103\u021bi este ideal pentru a ad\u0103uga o not\u0103 de verdea\u021b\u0103 \u00een orice col\u021bi\u0219or al casei dumneavoastr\u0103 sau pentru a crea un mic paradis vegetal pe balcon. Fiecare ghiveci este fabricat din materiale de \u00eenalt\u0103 calitate, [&#8230;]<\/p>\n<p><a class=\"btn btn-secondary understrap-read-more-link\" href=\"https:\/\/gradinar.ro\/en\/produs\/set-5-ghivece-productie-culoarea-negru-15-cm\/\">Mai mult&#8230;<\/a><\/p>\n","protected":false},"featured_media":52854,"template":"","meta":[],"etheme_brands":[],"product_brand":[480],"product_cat":[304,286],"product_tag":[],"class_list":{"0":"post-51332","1":"product","2":"type-product","3":"status-publish","4":"has-post-thumbnail","6":"product_brand-mg","7":"product_cat-ghivece-productie","8":"product_cat-ghivece-masti","10":"first","11":"instock","12":"taxable","13":"shipping-taxable","14":"purchasable","15":"product-type-simple"},"_links":{"self":[{"href":"https:\/\/gradinar.ro\/en\/wp-json\/wp\/v2\/product\/51332","targetHints":{"allow":["GET"]}}],"collection":[{"href":"https:\/\/gradinar.ro\/en\/wp-json\/wp\/v2\/product"}],"about":[{"href":"https:\/\/gradinar.ro\/en\/wp-json\/wp\/v2\/types\/product"}],"wp:featuredmedia":[{"embeddable":true,"href":"https:\/\/gradinar.ro\/en\/wp-json\/wp\/v2\/media\/52854"}],"wp:attachment":[{"href":"https:\/\/gradinar.ro\/en\/wp-json\/wp\/v2\/media?parent=51332"}],"wp:term":[{"taxonomy":"brand","embeddable":true,"href":"https:\/\/gradinar.ro\/en\/wp-json\/wp\/v2\/etheme_brands?post=51332"},{"taxonomy":"product_brand","embeddable":true,"href":"https:\/\/gradinar.ro\/en\/wp-json\/wp\/v2\/product_brand?post=51332"},{"taxonomy":"product_cat","embeddable":true,"href":"https:\/\/gradinar.ro\/en\/wp-json\/wp\/v2\/product_cat?post=51332"},{"taxonomy":"product_tag","embeddable":true,"href":"https:\/\/gradinar.ro\/en\/wp-json\/wp\/v2\/product_tag?post=51332"}],"curies":[{"name":"wp","href":"https:\/\/api.w.org\/{rel}","templated":true}]}}