{"id":51565,"date":"2025-08-12T17:40:54","date_gmt":"2025-08-12T14:40:54","guid":{"rendered":"https:\/\/gradinar.ro\/produs\/tratament-natural-dr-soil-cu-biohumus-pentru-plante-de-interior-doza-pentru-un-ghiveci-de-2l\/"},"modified":"2025-08-12T21:25:34","modified_gmt":"2025-08-12T18:25:34","slug":"tratament-natural-dr-soil-cu-biohumus-pentru-plante-de-interior-doza-pentru-un-ghiveci-de-2l","status":"publish","type":"product","link":"https:\/\/gradinar.ro\/en\/produs\/tratament-natural-dr-soil-cu-biohumus-pentru-plante-de-interior-doza-pentru-un-ghiveci-de-2l\/","title":{"rendered":"Tratament natural Dr.Soil cu biohumus, pentru plante de interior, doza pentru un ghiveci de 2L"},"content":{"rendered":"<p>Dr. Soil reprezint\u0103 o solu\u021bie fertilizant\u0103 inovatoare, complet natural\u0103, concentrat\u0103 mineralo-organic\u0103, sub form\u0103 granulat\u0103, ce aduce multiple beneficii plantelor de interior: <\/p>\n<p>&#8211; Restabile\u0219te fertilitatea solului epuizat de substan\u021bele nutritive necesare plantelor din ghiveci.<br \/>\n&#8211; Revigoreaz\u0103 plantele de interior, stimul\u00e2ndu-le dezvoltarea frunzelor \u0219i r\u0103d\u0103cinilor.<br \/>\n&#8211; Acceler\u0103 procesul de \u00eenflorire, asigur\u00e2nd o perioad\u0103 intens\u0103 \u0219i \u00eendelungat\u0103 de \u00eenflorire.<br \/>\n&#8211; Cre\u0219te imunitatea plantelor \u00een mod natural.<\/p>\n<p>Formula sa con\u021bine microorganisme benefice ce ofer\u0103 plantei hormoni, vitamine, nutrien\u021bi, enzime, aminoacizi \u0219i minerale esen\u021biale, chiar \u0219i atunci c\u00e2nd este vorba de plante tinere sau proasp\u0103t replantate. <\/p>\n<p>Mod de utilizare: Ad\u0103uga\u021bi doza specific\u0103 \u00een ghiveciul de maxim 2L, apoi amesteca\u021bi u\u0219or cu p\u0103m\u00e2ntul existent, fie manual, fie cu ajutorul unei unelte potrivite, \u0219i apoi uda\u021bi. Se recomand\u0103 repetarea tratamentului o dat\u0103 la 6 luni. <\/p>\n<p>Descoperi\u021bi puterea regeneratoare a naturii pentru plantele dumneavoastr\u0103 de interior cu Dr. Soil!<\/p>\n","protected":false},"excerpt":{"rendered":"<p>Dr. Soil reprezint\u0103 o solu\u021bie fertilizant\u0103 inovatoare, complet natural\u0103, concentrat\u0103 mineralo-organic\u0103, sub form\u0103 granulat\u0103, ce aduce multiple beneficii plantelor de interior: &#8211; Restabile\u0219te fertilitatea solului epuizat de substan\u021bele nutritive necesare plantelor din ghiveci. &#8211; Revigoreaz\u0103 plantele de interior, stimul\u00e2ndu-le dezvoltarea frunzelor \u0219i r\u0103d\u0103cinilor. &#8211; Acceler\u0103 procesul de \u00eenflorire, asigur\u00e2nd o perioad\u0103 intens\u0103 \u0219i \u00eendelungat\u0103 de [&#8230;]<\/p>\n<p><a class=\"btn btn-secondary understrap-read-more-link\" href=\"https:\/\/gradinar.ro\/en\/produs\/tratament-natural-dr-soil-cu-biohumus-pentru-plante-de-interior-doza-pentru-un-ghiveci-de-2l\/\">Mai mult&#8230;<\/a><\/p>\n","protected":false},"featured_media":51555,"template":"","meta":[],"etheme_brands":[],"product_brand":[478],"product_cat":[286,302],"product_tag":[],"class_list":{"0":"post-51565","1":"product","2":"type-product","3":"status-publish","4":"has-post-thumbnail","6":"product_brand-dr-soil","7":"product_cat-ghivece-masti","8":"product_cat-masti","10":"first","11":"instock","12":"taxable","13":"shipping-taxable","14":"purchasable","15":"product-type-simple"},"_links":{"self":[{"href":"https:\/\/gradinar.ro\/en\/wp-json\/wp\/v2\/product\/51565","targetHints":{"allow":["GET"]}}],"collection":[{"href":"https:\/\/gradinar.ro\/en\/wp-json\/wp\/v2\/product"}],"about":[{"href":"https:\/\/gradinar.ro\/en\/wp-json\/wp\/v2\/types\/product"}],"wp:featuredmedia":[{"embeddable":true,"href":"https:\/\/gradinar.ro\/en\/wp-json\/wp\/v2\/media\/51555"}],"wp:attachment":[{"href":"https:\/\/gradinar.ro\/en\/wp-json\/wp\/v2\/media?parent=51565"}],"wp:term":[{"taxonomy":"brand","embeddable":true,"href":"https:\/\/gradinar.ro\/en\/wp-json\/wp\/v2\/etheme_brands?post=51565"},{"taxonomy":"product_brand","embeddable":true,"href":"https:\/\/gradinar.ro\/en\/wp-json\/wp\/v2\/product_brand?post=51565"},{"taxonomy":"product_cat","embeddable":true,"href":"https:\/\/gradinar.ro\/en\/wp-json\/wp\/v2\/product_cat?post=51565"},{"taxonomy":"product_tag","embeddable":true,"href":"https:\/\/gradinar.ro\/en\/wp-json\/wp\/v2\/product_tag?post=51565"}],"curies":[{"name":"wp","href":"https:\/\/api.w.org\/{rel}","templated":true}]}}