{"id":51578,"date":"2025-08-12T17:41:13","date_gmt":"2025-08-12T14:41:13","guid":{"rendered":"https:\/\/gradinar.ro\/produs\/tratament-natural-dr-soil-cu-biohumus-pentru-plante-de-interior-doza-pentru-un-ghiveci-de-5l\/"},"modified":"2025-08-12T21:25:37","modified_gmt":"2025-08-12T18:25:37","slug":"tratament-natural-dr-soil-cu-biohumus-pentru-plante-de-interior-doza-pentru-un-ghiveci-de-5l","status":"publish","type":"product","link":"https:\/\/gradinar.ro\/en\/produs\/tratament-natural-dr-soil-cu-biohumus-pentru-plante-de-interior-doza-pentru-un-ghiveci-de-5l\/","title":{"rendered":"Tratament natural Dr.Soil cu biohumus, pentru plante de interior, doza pentru un ghiveci de 5L"},"content":{"rendered":"<p>Tratamentul fertilizant Dr. Soil reprezint\u0103 inova\u021bia \u00een \u00eengrijirea plantelor de interior. Formula sa mineral-organic\u0103, concentrat\u0103 \u0219i 100% natural\u0103, sub form\u0103 granulat\u0103, are multiple beneficii pentru plantele dvs. Regener\u00e2nd solurile epuizate, revitaliz\u00e2nd plantele \u0219i stimul\u00e2nd dezvoltarea lor, Dr. Soil garanteaz\u0103 o perioad\u0103 lung\u0103 \u0219i intens\u0103 de \u00eenflorire. Complexul de microorganisme, hormoni, vitamine, nutrien\u021bi \u0219i minerale esen\u021biale din compozi\u021bie hr\u0103ne\u0219te \u0219i consolideaz\u0103 sistemul imunitar al plantelor. Aplica\u021bi produsul \u00een ghiveciul de maxim 5L, amestec\u00e2ndu-l u\u0219or cu pam\u00e2ntul existent \u0219i ud\u00e2nd apoi abundent. Pentru rezultate optime, repeta\u021bi tratamentul o dat\u0103 la 6 luni. Asigura\u021bi-v\u0103 c\u0103 plantele dvs. se bucur\u0103 de Toate beneficiile acestui tratament fertility inovator, iar ele v\u0103 vor r\u0103spl\u0103ti cu o cre\u0219tere s\u0103n\u0103toas\u0103 \u0219i viguroas\u0103.<\/p>\n","protected":false},"excerpt":{"rendered":"<p>Tratamentul fertilizant Dr. Soil reprezint\u0103 inova\u021bia \u00een \u00eengrijirea plantelor de interior. Formula sa mineral-organic\u0103, concentrat\u0103 \u0219i 100% natural\u0103, sub form\u0103 granulat\u0103, are multiple beneficii pentru plantele dvs. Regener\u00e2nd solurile epuizate, revitaliz\u00e2nd plantele \u0219i stimul\u00e2nd dezvoltarea lor, Dr. Soil garanteaz\u0103 o perioad\u0103 lung\u0103 \u0219i intens\u0103 de \u00eenflorire. Complexul de microorganisme, hormoni, vitamine, nutrien\u021bi \u0219i minerale esen\u021biale [&#8230;]<\/p>\n<p><a class=\"btn btn-secondary understrap-read-more-link\" href=\"https:\/\/gradinar.ro\/en\/produs\/tratament-natural-dr-soil-cu-biohumus-pentru-plante-de-interior-doza-pentru-un-ghiveci-de-5l\/\">Mai mult&#8230;<\/a><\/p>\n","protected":false},"featured_media":51566,"template":"","meta":[],"etheme_brands":[],"product_brand":[478],"product_cat":[286,302],"product_tag":[],"class_list":{"0":"post-51578","1":"product","2":"type-product","3":"status-publish","4":"has-post-thumbnail","6":"product_brand-dr-soil","7":"product_cat-ghivece-masti","8":"product_cat-masti","10":"first","11":"instock","12":"taxable","13":"shipping-taxable","14":"purchasable","15":"product-type-simple"},"_links":{"self":[{"href":"https:\/\/gradinar.ro\/en\/wp-json\/wp\/v2\/product\/51578","targetHints":{"allow":["GET"]}}],"collection":[{"href":"https:\/\/gradinar.ro\/en\/wp-json\/wp\/v2\/product"}],"about":[{"href":"https:\/\/gradinar.ro\/en\/wp-json\/wp\/v2\/types\/product"}],"wp:featuredmedia":[{"embeddable":true,"href":"https:\/\/gradinar.ro\/en\/wp-json\/wp\/v2\/media\/51566"}],"wp:attachment":[{"href":"https:\/\/gradinar.ro\/en\/wp-json\/wp\/v2\/media?parent=51578"}],"wp:term":[{"taxonomy":"brand","embeddable":true,"href":"https:\/\/gradinar.ro\/en\/wp-json\/wp\/v2\/etheme_brands?post=51578"},{"taxonomy":"product_brand","embeddable":true,"href":"https:\/\/gradinar.ro\/en\/wp-json\/wp\/v2\/product_brand?post=51578"},{"taxonomy":"product_cat","embeddable":true,"href":"https:\/\/gradinar.ro\/en\/wp-json\/wp\/v2\/product_cat?post=51578"},{"taxonomy":"product_tag","embeddable":true,"href":"https:\/\/gradinar.ro\/en\/wp-json\/wp\/v2\/product_tag?post=51578"}],"curies":[{"name":"wp","href":"https:\/\/api.w.org\/{rel}","templated":true}]}}