{"id":51650,"date":"2025-08-12T17:46:24","date_gmt":"2025-08-12T14:46:24","guid":{"rendered":"https:\/\/gradinar.ro\/produs\/perlit-horticol-6-sac-5-litri\/"},"modified":"2026-02-05T23:00:52","modified_gmt":"2026-02-05T21:00:52","slug":"perlit-horticol-6-sac-5-litri","status":"publish","type":"product","link":"https:\/\/gradinar.ro\/en\/produs\/perlit-horticol-6-sac-5-litri\/","title":{"rendered":"Perlit horticol 6, sac 5 litri"},"content":{"rendered":"<p>Perlitul horticol este un material natural, extraordinar de u\u0219or, utilizat pe scar\u0103 larg\u0103 \u00een gr\u0103din\u0103ritul urban \u0219i \u00een horticultur\u0103. Cu o capacitate excelent\u0103 de drenaj \u0219i aerare, acest perlit de 6 mm, ambalat \u00een saci de 5 litri, este ideal pentru amestecuri de sol, sus\u021bin\u00e2nd s\u0103n\u0103tatea plantelor prin prevenirea compac\u021biei \u0219i promovarea dezvolt\u0103rii r\u0103d\u0103cinilor. Perfect pentru cultivarea florilor, plantelor de apartament \u0219i legumelor, perlitul horticol asigur\u0103 un mediu optimal pentru cre\u0219tere \u0219i \u00eenflorire.<\/p>\n","protected":false},"excerpt":{"rendered":"<p>Perlitul horticol reprezint\u0103 solu\u021bia ideal\u0103 pentru pasiona\u021bii de gr\u0103din\u0103rit care doresc s\u0103 optimizeze cre\u0219terea \u0219i s\u0103n\u0103tatea plantelor \u00een medii urbane. Datorit\u0103 structurii sale poroase, perlitul faciliteaz\u0103 circula\u021bia aerului \u0219i drenajul excesiv de ap\u0103, prevenind astfel putrezirea r\u0103d\u0103cinilor. Utilizarea acestuia \u00een amestecurile de sol ajut\u0103 la men\u021binerea unei umezelii uniforme, esen\u021bial\u0103 pentru dezvoltarea plantelor, beziduri \u0219i legume. Produsul este extrem de versatil \u0219i se poate integra cu u\u0219urin\u021b\u0103 \u00een diverse combina\u021bii de substraturi, adapt\u00e2ndu-se nevoilor specifice ale fiec\u0103rei plante. Folosind perlitul horticol, ve\u021bi ob\u021bine nu doar o gr\u0103din\u0103 mai s\u0103n\u0103toas\u0103, dar \u0219i rezultate remarcabile \u00een cre\u0219tere \u0219i \u00eenflorire, f\u0103c\u00e2nd din fiecare proiect de gr\u0103din\u0103rit o experien\u021b\u0103 pl\u0103cut\u0103 \u0219i reu\u0219it\u0103. [&#8230;]<\/p>\n<p><a class=\"btn btn-secondary understrap-read-more-link\" href=\"https:\/\/gradinar.ro\/en\/produs\/perlit-horticol-6-sac-5-litri\/\">Mai mult&#8230;<\/a><\/p>\n","protected":false},"featured_media":51646,"template":"","meta":[],"etheme_brands":[],"product_brand":[481],"product_cat":[297,284],"product_tag":[],"class_list":{"0":"post-51650","1":"product","2":"type-product","3":"status-publish","4":"has-post-thumbnail","6":"product_brand-marys-garden-supplies","7":"product_cat-componente","8":"product_cat-pamanturi","10":"first","11":"instock","12":"taxable","13":"shipping-taxable","14":"purchasable","15":"product-type-simple"},"_links":{"self":[{"href":"https:\/\/gradinar.ro\/en\/wp-json\/wp\/v2\/product\/51650","targetHints":{"allow":["GET"]}}],"collection":[{"href":"https:\/\/gradinar.ro\/en\/wp-json\/wp\/v2\/product"}],"about":[{"href":"https:\/\/gradinar.ro\/en\/wp-json\/wp\/v2\/types\/product"}],"wp:featuredmedia":[{"embeddable":true,"href":"https:\/\/gradinar.ro\/en\/wp-json\/wp\/v2\/media\/51646"}],"wp:attachment":[{"href":"https:\/\/gradinar.ro\/en\/wp-json\/wp\/v2\/media?parent=51650"}],"wp:term":[{"taxonomy":"brand","embeddable":true,"href":"https:\/\/gradinar.ro\/en\/wp-json\/wp\/v2\/etheme_brands?post=51650"},{"taxonomy":"product_brand","embeddable":true,"href":"https:\/\/gradinar.ro\/en\/wp-json\/wp\/v2\/product_brand?post=51650"},{"taxonomy":"product_cat","embeddable":true,"href":"https:\/\/gradinar.ro\/en\/wp-json\/wp\/v2\/product_cat?post=51650"},{"taxonomy":"product_tag","embeddable":true,"href":"https:\/\/gradinar.ro\/en\/wp-json\/wp\/v2\/product_tag?post=51650"}],"curies":[{"name":"wp","href":"https:\/\/api.w.org\/{rel}","templated":true}]}}