{"id":51680,"date":"2025-08-12T17:49:09","date_gmt":"2025-08-12T14:49:09","guid":{"rendered":"https:\/\/gradinar.ro\/produs\/set-12-ghivece-biodegradabile-patrate-pentru-germinare-si-sadire-dr-soil-cu-diametrul-de-8-cm\/"},"modified":"2025-08-12T21:26:32","modified_gmt":"2025-08-12T18:26:32","slug":"set-12-ghivece-biodegradabile-patrate-pentru-germinare-si-sadire-dr-soil-cu-diametrul-de-8-cm","status":"publish","type":"product","link":"https:\/\/gradinar.ro\/en\/produs\/set-12-ghivece-biodegradabile-patrate-pentru-germinare-si-sadire-dr-soil-cu-diametrul-de-8-cm\/","title":{"rendered":"Set 12 ghivece biodegradabile patrate pentru germinare si sadire Dr.Soil, cu diametrul de 8 cm"},"content":{"rendered":"<p>Ghivece biodegradabile sunt o alegere eco-con\u0219tient\u0103 pentru to\u021bi gr\u0103dinarii, oferind condi\u021bii optime pentru cre\u0219terea plantelor \u00eentr-un mod c\u00e2t mai natural! 100% biodegradabile\/compostabile<\/p>\n<p>Ghivecele biodegradabile Dr.Soil:<br \/>\n*\tSe descompun \u00een mod natural<br \/>\n*\tCreaz\u0103 un microclimat stabil pentru dezvoltarea r\u0103d\u0103cinilor<br \/>\n*\tPermit o mai bun\u0103 respira\u021bie a r\u0103d\u0103cinilor<br \/>\n*\tProtejeaz\u0103 r\u0103d\u0103cinile de fluctua\u021biile de temperatur\u0103<br \/>\n*\tMinimizeaz\u0103 \u0219ocul la transplantare<br \/>\n*\tMen\u021bin un nivel ideal de umiditate la nivelul r\u0103d\u0103cinii<br \/>\n*\tContribuie la o mai bun\u0103 drenare a apei survenite din surplusul de udare<\/p>\n<p>Instruc\u021biuni de utilizare:<br \/>\n1.\tUmple ghiveciul biodegradabil cu substrat sau cu c\u00e2te o pastil\u0103 de substrat decomprimat.<br \/>\n2.\tSeam\u0103n\u0103 semin\u021be, acoper\u0103 cu substrat \u0219i ud\u0103 moderat.<br \/>\n3.\tPlaseaz\u0103 ghiveciul biodegradabil pe o tav\u0103 sau farfurie \u0219i plaseaz\u0103 \u00eentr-un loc luminos.<br \/>\n4.\tRepet\u0103 udarea ori de c\u00e2te ori observi c\u0103 substratul se usuc\u0103.<br \/>\n5.\tC\u00e2nd planta a ajuns la dimensiunea dorit\u0103, planteaz-o cu tot cu ghiveciul biodegradabil \u00eentr-un vas mai mare sau direct \u00een sol. <\/p>\n<p>Utilizare:<br \/>\nHorticultur\u0103: \u00een germinarea semin\u021belor \u0219i dezvoltarea de r\u0103saduri sau mini-plante decorative.<br \/>\nAgricultur\u0103: \u00een cre\u0219terea ecologic\u0103 de r\u0103saduri de legume\/verdea\u021b\u0103 \u0219i alte tipuri de plante destinate consumului uman \u0219i animal. <\/p>\n<p>Recomand\u0103m utilizarea ghivecelor biodegradabile \u00eempreun\u0103 cu pastilele comprimate de cocos de la Dr.Soil! <\/p>\n<p>Con\u021binut: 12 ghivece patrate cu diametrul de 8 cm, fabricate din iarb\u0103 de Miscanthus, celuloz\u0103 \u0219i materie organic\u0103.<\/p>\n","protected":false},"excerpt":{"rendered":"<p>Ghivece biodegradabile sunt o alegere eco-con\u0219tient\u0103 pentru to\u021bi gr\u0103dinarii, oferind condi\u021bii optime pentru cre\u0219terea plantelor \u00eentr-un mod c\u00e2t mai natural!<br \/>\n100% biodegradabile<br \/>\n100% compostabile [&#8230;]<\/p>\n<p><a class=\"btn btn-secondary understrap-read-more-link\" href=\"https:\/\/gradinar.ro\/en\/produs\/set-12-ghivece-biodegradabile-patrate-pentru-germinare-si-sadire-dr-soil-cu-diametrul-de-8-cm\/\">Mai mult&#8230;<\/a><\/p>\n","protected":false},"featured_media":51663,"template":"","meta":[],"etheme_brands":[],"product_brand":[478],"product_cat":[305,286],"product_tag":[],"class_list":{"0":"post-51680","1":"product","2":"type-product","3":"status-publish","4":"has-post-thumbnail","6":"product_brand-dr-soil","7":"product_cat-ghivece-biodegradabile","8":"product_cat-ghivece-masti","10":"first","11":"instock","12":"taxable","13":"shipping-taxable","14":"purchasable","15":"product-type-simple"},"_links":{"self":[{"href":"https:\/\/gradinar.ro\/en\/wp-json\/wp\/v2\/product\/51680","targetHints":{"allow":["GET"]}}],"collection":[{"href":"https:\/\/gradinar.ro\/en\/wp-json\/wp\/v2\/product"}],"about":[{"href":"https:\/\/gradinar.ro\/en\/wp-json\/wp\/v2\/types\/product"}],"wp:featuredmedia":[{"embeddable":true,"href":"https:\/\/gradinar.ro\/en\/wp-json\/wp\/v2\/media\/51663"}],"wp:attachment":[{"href":"https:\/\/gradinar.ro\/en\/wp-json\/wp\/v2\/media?parent=51680"}],"wp:term":[{"taxonomy":"brand","embeddable":true,"href":"https:\/\/gradinar.ro\/en\/wp-json\/wp\/v2\/etheme_brands?post=51680"},{"taxonomy":"product_brand","embeddable":true,"href":"https:\/\/gradinar.ro\/en\/wp-json\/wp\/v2\/product_brand?post=51680"},{"taxonomy":"product_cat","embeddable":true,"href":"https:\/\/gradinar.ro\/en\/wp-json\/wp\/v2\/product_cat?post=51680"},{"taxonomy":"product_tag","embeddable":true,"href":"https:\/\/gradinar.ro\/en\/wp-json\/wp\/v2\/product_tag?post=51680"}],"curies":[{"name":"wp","href":"https:\/\/api.w.org\/{rel}","templated":true}]}}