{"id":51907,"date":"2025-08-12T18:11:24","date_gmt":"2025-08-12T15:11:24","guid":{"rendered":"https:\/\/gradinar.ro\/produs\/pachet-dr-soil-pentru-intretinerea-trandafirilor-de-gradina-sau-de-ghiveci-cu-vermicompost-ingrasamant-organic-pentru-trandafiri-biostimulator-spray-pentru-inflorire-si-scoarta-de-pin-mediteranean\/"},"modified":"2026-03-30T19:21:05","modified_gmt":"2026-03-30T16:21:05","slug":"pachet-dr-soil-pentru-intretinerea-trandafirilor-de-gradina-sau-de-ghiveci-cu-vermicompost-ingrasamant-organic-pentru-trandafiri-biostimulator-spray-pentru-inflorire-si-scoarta-de-pin-mediteranean","status":"publish","type":"product","link":"https:\/\/gradinar.ro\/en\/produs\/pachet-dr-soil-pentru-intretinerea-trandafirilor-de-gradina-sau-de-ghiveci-cu-vermicompost-ingrasamant-organic-pentru-trandafiri-biostimulator-spray-pentru-inflorire-si-scoarta-de-pin-mediteranean\/","title":{"rendered":"Pachet Dr.Soil pentru intretinerea trandafirilor de gradina sau de ghiveci cu vermicompost, ingrasamant organic pentru trandafiri, biostimulator spray pentru inflorire si scoarta de pin mediteranean"},"content":{"rendered":"<p>Transform\u0103-\u021bi gr\u0103dina \u00eentr-un col\u021b de rai cu Kitul Dr.Soil pentru trandafiri! Acest set inovator este perfect pentru to\u021bi iubitorii de trandafiri care doresc s\u0103 \u00ee\u0219i \u00eembun\u0103t\u0103\u021beasc\u0103 abilit\u0103\u021bile de gr\u0103din\u0103rit \u0219i s\u0103 ob\u021bin\u0103 flori spectaculoase, pline de via\u021b\u0103 \u0219i culoare. Fie c\u0103 e\u0219ti \u00eencep\u0103tor sau expert, kitul nostru este proiectat s\u0103 \u00ee\u021bi ofere toate instrumentele de care ai nevoie pentru a \u00eengriji aceste flori delicate cu u\u0219urin\u021b\u0103.<\/p>\n<p>Kitul Dr.Soil include o selec\u021bie atent\u0103 de substraturi nutritive \u0219i aditivi care stimuleaz\u0103 cre\u0219terea \u0219i s\u0103n\u0103tatea plantelor tale. Fiecare component\u0103 este formulat\u0103 pentru a oferi trandafirilor tot ceea ce au nevoie, de la nutrien\u021bi esen\u021biali la un mediu ideal pentru dezvoltare. Cu ajutorul acestui kit, vei descoperi bucuria de a \u00eengriji trandafiri care nu doar c\u0103 \u00eenfloresc, dar \u0219i te \u00eenc\u00e2nt\u0103 cu parfumurile lor \u00eembietoare.<\/p>\n<p>Nu mai a\u0219tepta! Invit\u0103 natura \u00een via\u021ba ta \u0219i r\u0103sfa\u021b\u0103-\u021bi sim\u021burile cu frumuse\u021bea trandafirilor. Alege Kitul Dr.Soil pentru trandafiri \u0219i bucur\u0103-te de rezultate impresionante pe termen lung. Transform\u0103-\u021bi gr\u0103dina \u00eentr-un spectacol de culori \u0219i arome cu ajutorul acestui kit esen\u021bial, destinat iubitorilor de flori!<\/p>\n","protected":false},"excerpt":{"rendered":"<p>Transform\u0103-\u021bi gr\u0103dina \u00eentr-un col\u021b de rai cu Kitul Dr.Soil pentru trandafiri! Acest set inovator este perfect pentru to\u021bi iubitorii de trandafiri care doresc s\u0103 \u00ee\u0219i \u00eembun\u0103t\u0103\u021beasc\u0103 abilit\u0103\u021bile de gr\u0103din\u0103rit \u0219i s\u0103 ob\u021bin\u0103 flori spectaculoase, pline de via\u021b\u0103 \u0219i culoare. Fie c\u0103 e\u0219ti \u00eencep\u0103tor sau expert, kitul nostru este proiectat s\u0103 \u00ee\u021bi ofere toate instrumentele de [&#8230;]<\/p>\n<p><a class=\"btn btn-secondary understrap-read-more-link\" href=\"https:\/\/gradinar.ro\/en\/produs\/pachet-dr-soil-pentru-intretinerea-trandafirilor-de-gradina-sau-de-ghiveci-cu-vermicompost-ingrasamant-organic-pentru-trandafiri-biostimulator-spray-pentru-inflorire-si-scoarta-de-pin-mediteranean\/\">Mai mult&#8230;<\/a><\/p>\n","protected":false},"featured_media":51905,"template":"","meta":[],"etheme_brands":[],"product_brand":[478],"product_cat":[287],"product_tag":[],"class_list":{"0":"post-51907","1":"product","2":"type-product","3":"status-publish","4":"has-post-thumbnail","6":"product_brand-dr-soil","7":"product_cat-decoratiuni","9":"first","10":"instock","11":"taxable","12":"shipping-taxable","13":"purchasable","14":"product-type-simple"},"_links":{"self":[{"href":"https:\/\/gradinar.ro\/en\/wp-json\/wp\/v2\/product\/51907","targetHints":{"allow":["GET"]}}],"collection":[{"href":"https:\/\/gradinar.ro\/en\/wp-json\/wp\/v2\/product"}],"about":[{"href":"https:\/\/gradinar.ro\/en\/wp-json\/wp\/v2\/types\/product"}],"wp:featuredmedia":[{"embeddable":true,"href":"https:\/\/gradinar.ro\/en\/wp-json\/wp\/v2\/media\/51905"}],"wp:attachment":[{"href":"https:\/\/gradinar.ro\/en\/wp-json\/wp\/v2\/media?parent=51907"}],"wp:term":[{"taxonomy":"brand","embeddable":true,"href":"https:\/\/gradinar.ro\/en\/wp-json\/wp\/v2\/etheme_brands?post=51907"},{"taxonomy":"product_brand","embeddable":true,"href":"https:\/\/gradinar.ro\/en\/wp-json\/wp\/v2\/product_brand?post=51907"},{"taxonomy":"product_cat","embeddable":true,"href":"https:\/\/gradinar.ro\/en\/wp-json\/wp\/v2\/product_cat?post=51907"},{"taxonomy":"product_tag","embeddable":true,"href":"https:\/\/gradinar.ro\/en\/wp-json\/wp\/v2\/product_tag?post=51907"}],"curies":[{"name":"wp","href":"https:\/\/api.w.org\/{rel}","templated":true}]}}