{"id":51919,"date":"2025-08-12T18:11:51","date_gmt":"2025-08-12T15:11:51","guid":{"rendered":"https:\/\/gradinar.ro\/produs\/pachet-dr-soil-pentru-ingrijirea-trandafirilor-de-gradina-sau-de-ghiveci-cu-vermicompost-ingrasamant-organic-pentru-trandafiri-si-scoarta-de-pin-mediteranean\/"},"modified":"2025-08-12T21:27:44","modified_gmt":"2025-08-12T18:27:44","slug":"pachet-dr-soil-pentru-ingrijirea-trandafirilor-de-gradina-sau-de-ghiveci-cu-vermicompost-ingrasamant-organic-pentru-trandafiri-si-scoarta-de-pin-mediteranean","status":"publish","type":"product","link":"https:\/\/gradinar.ro\/en\/produs\/pachet-dr-soil-pentru-ingrijirea-trandafirilor-de-gradina-sau-de-ghiveci-cu-vermicompost-ingrasamant-organic-pentru-trandafiri-si-scoarta-de-pin-mediteranean\/","title":{"rendered":"Pachet Dr.Soil pentru ingrijirea trandafirilor de gradina sau de ghiveci cu vermicompost, ingrasamant organic pentru trandafiri si scoarta de pin mediteranean"},"content":{"rendered":"<p>Transform\u0103-\u021bi gr\u0103dina \u00eentr-un col\u021b de rai cu Kit-ul Dr.Soil pentru trandafiri! Acest pachet complet con\u021bine tot ceea ce ai nevoie pentru a \u00eengriji trandafirii t\u0103i, asigur\u00e2ndu-le o cre\u0219tere s\u0103n\u0103toas\u0103 \u0219i vibrant\u0103. Cu vermicompostul de 1L, oferi plantelor tale un nutrient natural, bogat \u00een substan\u021be esen\u021biale, care stimuleaz\u0103 dezvoltarea r\u0103d\u0103cinilor \u0219i \u00eenflorirea abundent\u0103. Aceast\u0103 solu\u021bie ecologic\u0103 \u00eembun\u0103t\u0103\u021be\u0219te solul, ajut\u00e2nd trandafirii s\u0103 str\u0103luceasc\u0103 cu nuan\u021be de neuitat.<\/p>\n<p>\u00cen plus, cu cele 5L de scoar\u021b\u0103 decorativ\u0103, gr\u0103dina ta va beneficia nu doar de frumuse\u021be, ci \u0219i de protec\u021bie. Scoar\u021ba ajut\u0103 la men\u021binerea umidit\u0103\u021bii solului, prevenind astfel evaporarea rapid\u0103 \u0219i protej\u00e2nd r\u0103d\u0103cinile de extremele vremii. Aceasta ofer\u0103 un aspect estetic deosebit, transform\u00e2nd plantele tale \u00eentr-un decor captivant \u0219i elegant, perfect pentru a impresiona vizitatorii.<\/p>\n<p>Nu uita de \u00eengr\u0103\u0219\u0103m\u00e2ntul organic lichid pentru trandafiri de 1L, creat special pentru a oferi plantelor tale nutrien\u021bii necesari \u00eentr-un mod rapid \u0219i eficient. Acesta va ajuta la men\u021binerea s\u0103n\u0103t\u0103\u021bii plantelor \u0219i va \u00eencuraja o \u00eenflorire abundent\u0103 pe tot parcursul sezonului. Alege Kit-ul Dr.Soil pentru trandafiri \u0219i ofer\u0103-le trandafirilor t\u0103i tot ce au nevoie pentru a str\u0103luci \u0219i a aduce bucurie \u00een gr\u0103dina ta!<\/p>\n","protected":false},"excerpt":{"rendered":"<p>Transform\u0103-\u021bi gr\u0103dina \u00eentr-un col\u021b de rai cu Kit-ul Dr.Soil pentru trandafiri! Acest pachet complet con\u021bine tot ceea ce ai nevoie pentru a \u00eengriji trandafirii t\u0103i, asigur\u00e2ndu-le o cre\u0219tere s\u0103n\u0103toas\u0103 \u0219i vibrant\u0103. Cu vermicompostul de 1L, oferi plantelor tale un nutrient natural, bogat \u00een substan\u021be esen\u021biale, care stimuleaz\u0103 dezvoltarea r\u0103d\u0103cinilor \u0219i \u00eenflorirea abundent\u0103. Aceast\u0103 solu\u021bie ecologic\u0103 [&#8230;]<\/p>\n<p><a class=\"btn btn-secondary understrap-read-more-link\" href=\"https:\/\/gradinar.ro\/en\/produs\/pachet-dr-soil-pentru-ingrijirea-trandafirilor-de-gradina-sau-de-ghiveci-cu-vermicompost-ingrasamant-organic-pentru-trandafiri-si-scoarta-de-pin-mediteranean\/\">Mai mult&#8230;<\/a><\/p>\n","protected":false},"featured_media":51917,"template":"","meta":[],"etheme_brands":[],"product_brand":[478],"product_cat":[287],"product_tag":[],"class_list":{"0":"post-51919","1":"product","2":"type-product","3":"status-publish","4":"has-post-thumbnail","6":"product_brand-dr-soil","7":"product_cat-decoratiuni","9":"first","10":"instock","11":"taxable","12":"shipping-taxable","13":"purchasable","14":"product-type-simple"},"_links":{"self":[{"href":"https:\/\/gradinar.ro\/en\/wp-json\/wp\/v2\/product\/51919","targetHints":{"allow":["GET"]}}],"collection":[{"href":"https:\/\/gradinar.ro\/en\/wp-json\/wp\/v2\/product"}],"about":[{"href":"https:\/\/gradinar.ro\/en\/wp-json\/wp\/v2\/types\/product"}],"wp:featuredmedia":[{"embeddable":true,"href":"https:\/\/gradinar.ro\/en\/wp-json\/wp\/v2\/media\/51917"}],"wp:attachment":[{"href":"https:\/\/gradinar.ro\/en\/wp-json\/wp\/v2\/media?parent=51919"}],"wp:term":[{"taxonomy":"brand","embeddable":true,"href":"https:\/\/gradinar.ro\/en\/wp-json\/wp\/v2\/etheme_brands?post=51919"},{"taxonomy":"product_brand","embeddable":true,"href":"https:\/\/gradinar.ro\/en\/wp-json\/wp\/v2\/product_brand?post=51919"},{"taxonomy":"product_cat","embeddable":true,"href":"https:\/\/gradinar.ro\/en\/wp-json\/wp\/v2\/product_cat?post=51919"},{"taxonomy":"product_tag","embeddable":true,"href":"https:\/\/gradinar.ro\/en\/wp-json\/wp\/v2\/product_tag?post=51919"}],"curies":[{"name":"wp","href":"https:\/\/api.w.org\/{rel}","templated":true}]}}