{"id":51922,"date":"2025-08-12T18:11:58","date_gmt":"2025-08-12T15:11:58","guid":{"rendered":"https:\/\/gradinar.ro\/produs\/pachet-dr-soil-pentru-revitalizarea-plantelor-de-interior-cu-perlit-horticol-vermiculit-compost-vegetal-si-ingrasamant-organic-universal\/"},"modified":"2025-08-12T21:27:48","modified_gmt":"2025-08-12T18:27:48","slug":"pachet-dr-soil-pentru-revitalizarea-plantelor-de-interior-cu-perlit-horticol-vermiculit-compost-vegetal-si-ingrasamant-organic-universal","status":"publish","type":"product","link":"https:\/\/gradinar.ro\/en\/produs\/pachet-dr-soil-pentru-revitalizarea-plantelor-de-interior-cu-perlit-horticol-vermiculit-compost-vegetal-si-ingrasamant-organic-universal\/","title":{"rendered":"Pachet Dr.Soil pentru revitalizarea plantelor de interior cu perlit horticol, vermiculit, compost vegetal si ingrasamant organic universal"},"content":{"rendered":"<p>Transform\u0103-\u021bi planta preferat\u0103 \u00een vedeta casei tale cu Kitul Dr.Soil pentru revitalizarea plantelor de interior! Acest set inovator con\u021bine patru produse esen\u021biale care \u00eembun\u0103t\u0103\u021besc s\u0103n\u0103tatea \u0219i aspectul plantelor tale, oferind toate substan\u021bele nutritive necesare pentru o cre\u0219tere robust\u0103 \u0219i vibrant\u0103. Cu perlitul, vermiculitul \u0219i compostul vegetal de 1L fiecare, plus un \u00eengr\u0103\u0219\u0103m\u00e2nt organic universal de 1L, ai tot ce \u00ee\u021bi trebuie pentru a oferi plantelor tale aten\u021bia pe care o merit\u0103.<\/p>\n<p>Niciodat\u0103 nu a fost mai u\u0219or s\u0103 oferi plantei tale un mediu ideal pentru dezvoltare! Perlitul ajut\u0103 la aerarea solului, \u00eembun\u0103t\u0103\u021bind drenajul \u0219i reduc\u00e2nd riscurile de putrezire a r\u0103d\u0103cinilor, \u00een timp ce vermiculitul contribuie la men\u021binerea umidit\u0103\u021bii, asigur\u00e2nd astfel o hidratare constant\u0103. Compostul vegetal ofer\u0103 nutrien\u021bii necesari, \u00eembog\u0103\u021bind solul natural \u0219i cre\u00e2nd un mediu de cre\u0219tere s\u0103n\u0103tos. Totodat\u0103, \u00eengr\u0103\u0219\u0103m\u00e2ntul organic universal este perfect pentru a completa acest proces, oferind plantelor tale un aport optim de vitamine \u0219i minerale.<\/p>\n<p>Indiferent dac\u0103 e\u0219ti un gr\u0103dinar \u00eencep\u0103tor sau un expert pasionat, kitul Dr.Soil te va ajuta s\u0103 \u00ee\u021bi \u00eengrijesti plantele cu u\u0219urin\u021b\u0103. Investe\u0219te \u00een s\u0103n\u0103tatea plantelor tale \u0219i bucur\u0103-te de verdele vibrant care \u00ee\u021bi va transforma orice spa\u021biu interior. Alege s\u0103 aduci natura mai aproape de tine \u0219i s\u0103 creezi un col\u021b de rai chiar \u00een propria cas\u0103!<\/p>\n","protected":false},"excerpt":{"rendered":"<p>Transform\u0103-\u021bi planta preferat\u0103 \u00een vedeta casei tale cu Kitul Dr.Soil pentru revitalizarea plantelor de interior! Acest set inovator con\u021bine patru produse esen\u021biale care \u00eembun\u0103t\u0103\u021besc s\u0103n\u0103tatea \u0219i aspectul plantelor tale, oferind toate substan\u021bele nutritive necesare pentru o cre\u0219tere robust\u0103 \u0219i vibrant\u0103. Cu perlitul, vermiculitul \u0219i compostul vegetal de 1L fiecare, plus un \u00eengr\u0103\u0219\u0103m\u00e2nt organic universal de [&#8230;]<\/p>\n<p><a class=\"btn btn-secondary understrap-read-more-link\" href=\"https:\/\/gradinar.ro\/en\/produs\/pachet-dr-soil-pentru-revitalizarea-plantelor-de-interior-cu-perlit-horticol-vermiculit-compost-vegetal-si-ingrasamant-organic-universal\/\">Mai mult&#8230;<\/a><\/p>\n","protected":false},"featured_media":51920,"template":"","meta":[],"etheme_brands":[],"product_brand":[478],"product_cat":[287],"product_tag":[],"class_list":{"0":"post-51922","1":"product","2":"type-product","3":"status-publish","4":"has-post-thumbnail","6":"product_brand-dr-soil","7":"product_cat-decoratiuni","9":"first","10":"instock","11":"taxable","12":"shipping-taxable","13":"purchasable","14":"product-type-simple"},"_links":{"self":[{"href":"https:\/\/gradinar.ro\/en\/wp-json\/wp\/v2\/product\/51922","targetHints":{"allow":["GET"]}}],"collection":[{"href":"https:\/\/gradinar.ro\/en\/wp-json\/wp\/v2\/product"}],"about":[{"href":"https:\/\/gradinar.ro\/en\/wp-json\/wp\/v2\/types\/product"}],"wp:featuredmedia":[{"embeddable":true,"href":"https:\/\/gradinar.ro\/en\/wp-json\/wp\/v2\/media\/51920"}],"wp:attachment":[{"href":"https:\/\/gradinar.ro\/en\/wp-json\/wp\/v2\/media?parent=51922"}],"wp:term":[{"taxonomy":"brand","embeddable":true,"href":"https:\/\/gradinar.ro\/en\/wp-json\/wp\/v2\/etheme_brands?post=51922"},{"taxonomy":"product_brand","embeddable":true,"href":"https:\/\/gradinar.ro\/en\/wp-json\/wp\/v2\/product_brand?post=51922"},{"taxonomy":"product_cat","embeddable":true,"href":"https:\/\/gradinar.ro\/en\/wp-json\/wp\/v2\/product_cat?post=51922"},{"taxonomy":"product_tag","embeddable":true,"href":"https:\/\/gradinar.ro\/en\/wp-json\/wp\/v2\/product_tag?post=51922"}],"curies":[{"name":"wp","href":"https:\/\/api.w.org\/{rel}","templated":true}]}}