{"id":51928,"date":"2025-08-12T18:12:12","date_gmt":"2025-08-12T15:12:12","guid":{"rendered":"https:\/\/gradinar.ro\/produs\/pachet-dr-soil-pentru-transplantarea-plantelor-aromatice-cu-substrat-natural-pentru-plante-aromatice-si-perlit-horticol\/"},"modified":"2025-08-12T21:27:54","modified_gmt":"2025-08-12T18:27:54","slug":"pachet-dr-soil-pentru-transplantarea-plantelor-aromatice-cu-substrat-natural-pentru-plante-aromatice-si-perlit-horticol","status":"publish","type":"product","link":"https:\/\/gradinar.ro\/en\/produs\/pachet-dr-soil-pentru-transplantarea-plantelor-aromatice-cu-substrat-natural-pentru-plante-aromatice-si-perlit-horticol\/","title":{"rendered":"Pachet Dr.Soil pentru transplantarea plantelor aromatice cu substrat natural pentru plante aromatice si perlit horticol"},"content":{"rendered":"<p>\u00cembun\u0103t\u0103\u021be\u0219te-\u021bi gr\u0103dina de ierburi aromatice cu Setul Dr.Soil, special conceput pentru iubitorii de plante. Acest set, compus dintr-un substrat premium de 1L \u0219i un Leaf Booster de 1L, ofer\u0103 condi\u021biile ideale pentru cre\u0219terea rapid\u0103 \u0219i s\u0103n\u0103toas\u0103 a plantelor tale aromatice. Substratul este bogat \u00een nutrien\u021bi esen\u021biali, asigur\u00e2ndu-se c\u0103 fiecare plant\u0103 prime\u0219te tot ce are nevoie pentru a \u00eenflori \u0219i a dezvolta arome intense.<\/p>\n<p>Leaf Booster este un \u00eengr\u0103\u0219\u0103m\u00e2nt lichid, elaborat cu ingredientele potrivite pentru a stimula cre\u0219terea frunzelor, av\u00e2nd un efect pozitiv asupra dezvolt\u0103rii generale a plantelor tale. Cu ajutorul acestui produs, vei remarca rapid diferen\u021be vizibile \u00een frumuse\u021bea \u0219i s\u0103n\u0103tatea ierburilor tale aromatice, precum busuioc, m\u0103rar sau p\u0103trunjel. Vei ob\u021bine plante mai viguroase, cu un gust \u0219i parfum excep\u021bionale, perfecte pentru orice re\u021bet\u0103.<\/p>\n<p>Alege Setul Dr.Soil pentru aromatice \u0219i transform\u0103-\u021bi curtea sau balconul \u00eentr-un col\u021b de rai al aromelor! Perfect at\u00e2t pentru gr\u0103dinarii \u00eencep\u0103tori, c\u00e2t \u0219i pentru cei experimenta\u021bi, acest set \u00ee\u021bi va simplifica eforturile de \u00eengrijire a plantelor, oferind \u00een acela\u0219i timp rezultate spectaculoase. \u00cencepe s\u0103 cultivi plante aromatice de calitate superioar\u0103 \u0219i bucur\u0103-te de aroma fresh \u00een fiecare zi!<\/p>\n","protected":false},"excerpt":{"rendered":"<p>\u00cembun\u0103t\u0103\u021be\u0219te-\u021bi gr\u0103dina de ierburi aromatice cu Setul Dr.Soil, special conceput pentru iubitorii de plante. Acest set, compus dintr-un substrat premium de 1L \u0219i un Leaf Booster de 1L, ofer\u0103 condi\u021biile ideale pentru cre\u0219terea rapid\u0103 \u0219i s\u0103n\u0103toas\u0103 a plantelor tale aromatice. Substratul este bogat \u00een nutrien\u021bi esen\u021biali, asigur\u00e2ndu-se c\u0103 fiecare plant\u0103 prime\u0219te tot ce are nevoie [&#8230;]<\/p>\n<p><a class=\"btn btn-secondary understrap-read-more-link\" href=\"https:\/\/gradinar.ro\/en\/produs\/pachet-dr-soil-pentru-transplantarea-plantelor-aromatice-cu-substrat-natural-pentru-plante-aromatice-si-perlit-horticol\/\">Mai mult&#8230;<\/a><\/p>\n","protected":false},"featured_media":51926,"template":"","meta":[],"etheme_brands":[],"product_brand":[478],"product_cat":[287],"product_tag":[],"class_list":{"0":"post-51928","1":"product","2":"type-product","3":"status-publish","4":"has-post-thumbnail","6":"product_brand-dr-soil","7":"product_cat-decoratiuni","9":"first","10":"instock","11":"taxable","12":"shipping-taxable","13":"purchasable","14":"product-type-simple"},"_links":{"self":[{"href":"https:\/\/gradinar.ro\/en\/wp-json\/wp\/v2\/product\/51928","targetHints":{"allow":["GET"]}}],"collection":[{"href":"https:\/\/gradinar.ro\/en\/wp-json\/wp\/v2\/product"}],"about":[{"href":"https:\/\/gradinar.ro\/en\/wp-json\/wp\/v2\/types\/product"}],"wp:featuredmedia":[{"embeddable":true,"href":"https:\/\/gradinar.ro\/en\/wp-json\/wp\/v2\/media\/51926"}],"wp:attachment":[{"href":"https:\/\/gradinar.ro\/en\/wp-json\/wp\/v2\/media?parent=51928"}],"wp:term":[{"taxonomy":"brand","embeddable":true,"href":"https:\/\/gradinar.ro\/en\/wp-json\/wp\/v2\/etheme_brands?post=51928"},{"taxonomy":"product_brand","embeddable":true,"href":"https:\/\/gradinar.ro\/en\/wp-json\/wp\/v2\/product_brand?post=51928"},{"taxonomy":"product_cat","embeddable":true,"href":"https:\/\/gradinar.ro\/en\/wp-json\/wp\/v2\/product_cat?post=51928"},{"taxonomy":"product_tag","embeddable":true,"href":"https:\/\/gradinar.ro\/en\/wp-json\/wp\/v2\/product_tag?post=51928"}],"curies":[{"name":"wp","href":"https:\/\/api.w.org\/{rel}","templated":true}]}}