{"id":51937,"date":"2025-08-12T18:12:33","date_gmt":"2025-08-12T15:12:33","guid":{"rendered":"https:\/\/gradinar.ro\/produs\/pachet-dr-soil-pentru-intretinerea-plantelor-aromatice-cu-substrat-natural-pentru-plante-aromatice-si-biostimulator-spray-pentru-regenerarea-frunzelor\/"},"modified":"2025-11-14T09:24:15","modified_gmt":"2025-11-14T07:24:15","slug":"pachet-dr-soil-pentru-intretinerea-plantelor-aromatice-cu-substrat-natural-pentru-plante-aromatice-si-biostimulator-spray-pentru-regenerarea-frunzelor","status":"publish","type":"product","link":"https:\/\/gradinar.ro\/en\/produs\/pachet-dr-soil-pentru-intretinerea-plantelor-aromatice-cu-substrat-natural-pentru-plante-aromatice-si-biostimulator-spray-pentru-regenerarea-frunzelor\/","title":{"rendered":"Pachet Dr.Soil pentru intretinerea plantelor aromatice cu substrat natural pentru plante aromatice si biostimulator spray pentru regenerarea frunzelor"},"content":{"rendered":"<p>Descoperi\u021bi secretul unei gr\u0103dini aromate cu Setul Dr.Soil pentru plante aromatice! Acest set ingenios include un substrat specializat de 1L, conceput pentru a oferi plantelor dumneavoastr\u0103 aromatice un mediu optim de cre\u0219tere, combinat cu 1L de perlit, care asigur\u0103 drenajul excelent \u0219i aerarea optim\u0103 a r\u0103d\u0103cinilor. Scopul nostru este s\u0103 v\u0103 facilit\u0103m cultivarea ierburilor aromatice direct \u00een confortul casei dumneavoastr\u0103, astfel \u00eenc\u00e2t s\u0103 v\u0103 pute\u021bi bucura de prospe\u021bimea acestora oric\u00e2nd.<\/p>\n<p>Formulat cu grij\u0103, substratul Dr.Soil este bogat \u00een nutrien\u021bi \u0219i substan\u021be organice, cre\u00e2nd un mediu perfect pentru cre\u0219terea plantelor aromatice precum busuioc, m\u0103rar sau p\u0103trunjel. Ad\u0103ugarea perlitei \u00eembun\u0103t\u0103\u021be\u0219te structura solului, prevenind compactarea acestuia \u0219i asigur\u00e2nd un drenaj optim, esen\u021bial pentru s\u0103n\u0103tatea plantelor. Cu acest set, ve\u021bi observa cum plantele dumneavoastr\u0103 se dezvolt\u0103 uimitor \u0219i cum aroma lor devine intens\u0103 \u0219i savuroas\u0103.<\/p>\n<p>\u00cencepe\u021bi s\u0103 crea\u021bi un mini-gr\u0103din\u0103rit \u00een propria buc\u0103t\u0103rie sau pe balcon! Fie c\u0103 sunte\u021bi un \u00eencep\u0103tor sau un entuziast al gr\u0103din\u0103ritului, Setul Dr.Soil v\u0103 va inspira s\u0103 explora\u021bi magia cultiv\u0103rii plantelor aromatice. Nu mai a\u0219tepta\u021bi s\u0103 aduce\u021bi aroma fresh a ierburilor \u00een preparatele dumneavoastr\u0103, comanda\u021bi acum \u0219i deveni\u021bi propriul chef al aromelor!<\/p>\n","protected":false},"excerpt":{"rendered":"<p>Descoperi\u021bi secretul unei gr\u0103dini aromate cu Setul Dr.Soil pentru plante aromatice! Acest set ingenios include un substrat specializat de 1L, conceput pentru a oferi plantelor dumneavoastr\u0103 aromatice un mediu optim de cre\u0219tere, combinat cu 1L de perlit, care asigur\u0103 drenajul excelent \u0219i aerarea optim\u0103 a r\u0103d\u0103cinilor. Scopul nostru este s\u0103 v\u0103 facilit\u0103m cultivarea ierburilor aromatice [&#8230;]<\/p>\n<p><a class=\"btn btn-secondary understrap-read-more-link\" href=\"https:\/\/gradinar.ro\/en\/produs\/pachet-dr-soil-pentru-intretinerea-plantelor-aromatice-cu-substrat-natural-pentru-plante-aromatice-si-biostimulator-spray-pentru-regenerarea-frunzelor\/\">Mai mult&#8230;<\/a><\/p>\n","protected":false},"featured_media":51935,"template":"","meta":[],"etheme_brands":[],"product_brand":[478],"product_cat":[287],"product_tag":[],"class_list":{"0":"post-51937","1":"product","2":"type-product","3":"status-publish","4":"has-post-thumbnail","6":"product_brand-dr-soil","7":"product_cat-decoratiuni","9":"first","10":"instock","11":"taxable","12":"shipping-taxable","13":"purchasable","14":"product-type-simple"},"_links":{"self":[{"href":"https:\/\/gradinar.ro\/en\/wp-json\/wp\/v2\/product\/51937","targetHints":{"allow":["GET"]}}],"collection":[{"href":"https:\/\/gradinar.ro\/en\/wp-json\/wp\/v2\/product"}],"about":[{"href":"https:\/\/gradinar.ro\/en\/wp-json\/wp\/v2\/types\/product"}],"wp:featuredmedia":[{"embeddable":true,"href":"https:\/\/gradinar.ro\/en\/wp-json\/wp\/v2\/media\/51935"}],"wp:attachment":[{"href":"https:\/\/gradinar.ro\/en\/wp-json\/wp\/v2\/media?parent=51937"}],"wp:term":[{"taxonomy":"brand","embeddable":true,"href":"https:\/\/gradinar.ro\/en\/wp-json\/wp\/v2\/etheme_brands?post=51937"},{"taxonomy":"product_brand","embeddable":true,"href":"https:\/\/gradinar.ro\/en\/wp-json\/wp\/v2\/product_brand?post=51937"},{"taxonomy":"product_cat","embeddable":true,"href":"https:\/\/gradinar.ro\/en\/wp-json\/wp\/v2\/product_cat?post=51937"},{"taxonomy":"product_tag","embeddable":true,"href":"https:\/\/gradinar.ro\/en\/wp-json\/wp\/v2\/product_tag?post=51937"}],"curies":[{"name":"wp","href":"https:\/\/api.w.org\/{rel}","templated":true}]}}