{"id":51940,"date":"2025-08-12T18:12:41","date_gmt":"2025-08-12T15:12:41","guid":{"rendered":"https:\/\/gradinar.ro\/produs\/pachet-dr-soil-pentru-transplantarea-cactusilor-si-suculentelor-cu-substrat-natural-pentru-cactusi-si-plante-suculente-si-lava-vulcanica\/"},"modified":"2025-08-12T21:28:06","modified_gmt":"2025-08-12T18:28:06","slug":"pachet-dr-soil-pentru-transplantarea-cactusilor-si-suculentelor-cu-substrat-natural-pentru-cactusi-si-plante-suculente-si-lava-vulcanica","status":"publish","type":"product","link":"https:\/\/gradinar.ro\/en\/produs\/pachet-dr-soil-pentru-transplantarea-cactusilor-si-suculentelor-cu-substrat-natural-pentru-cactusi-si-plante-suculente-si-lava-vulcanica\/","title":{"rendered":"Pachet Dr.Soil pentru transplantarea cactusilor si suculentelor cu substrat natural pentru cactusi si plante suculente si lava vulcanica"},"content":{"rendered":"<p>Descoperi\u021bi setul Dr.Soil dedicat cactu\u0219ilor \u0219i plantelor suculente, o alegere perfect\u0103 pentru iubitorii de verdea\u021b\u0103 care doresc s\u0103 le ofere celor mai delicate plante un mediu propice pentru cre\u0219tere. Acest set con\u021bine 1L de substrat special formulat pentru cactu\u0219i \u0219i suculente, creat pentru a asigura drenajul adecvat \u0219i a permite plantelor s\u0103 respire, prevenind astfel riscul de putrezire a r\u0103d\u0103cinilor. Compozi\u021bia sa unic\u0103 asigur\u0103 nivelul optim de umiditate, astfel \u00eenc\u00e2t plantele dumneavoastr\u0103 s\u0103 r\u0103m\u00e2n\u0103 s\u0103n\u0103toase \u0219i vibrante.<\/p>\n<p>Pe l\u00e2ng\u0103 substratul de \u00eenalt\u0103 calitate, setul include \u0219i 1L de lav\u0103, un material natural ce \u00eembun\u0103t\u0103\u021be\u0219te structura solului \u0219i ajut\u0103 la men\u021binerea unei temperaturi constante pentru r\u0103d\u0103cini. Lava are propriet\u0103\u021bi excelente de aerare \u0219i drenaj, ceea ce este esen\u021bial pentru cactu\u0219i, care prefer\u0103 un sol mai uscat. Acest set reprezint\u0103 solu\u021bia ideal\u0103 pentru cei care doresc s\u0103 cultive plante frumoase \u0219i sanatoase, fie c\u0103 sunte\u021bi \u00eencep\u0103tor sau expert \u00een gr\u0103din\u0103rit.<\/p>\n<p>Nu mai a\u0219tepta\u021bi! \u00cembun\u0103t\u0103\u021bi\u021bi-v\u0103 colec\u021bia de plante cu setul Dr.Soil pentru cactu\u0219i \u0219i suculente \u0219i transforma\u021bi-v\u0103 spa\u021biul \u00eentr-un colt de rai verde. R\u0103sf\u0103\u021ba\u021bi-v\u0103 plantele cu cele mai bune condi\u021bii de cre\u0219tere \u0219i observa\u021bi cum acestea se dezvolt\u0103 s\u0103n\u0103toase \u0219i pline de culoare. Alege\u021bi calitatea \u0219i natura, aduc\u00e2nd un strop de frumuse\u021be \u00een via\u021ba de zi cu zi!<\/p>\n","protected":false},"excerpt":{"rendered":"<p>Descoperi\u021bi setul Dr.Soil dedicat cactu\u0219ilor \u0219i plantelor suculente, o alegere perfect\u0103 pentru iubitorii de verdea\u021b\u0103 care doresc s\u0103 le ofere celor mai delicate plante un mediu propice pentru cre\u0219tere. Acest set con\u021bine 1L de substrat special formulat pentru cactu\u0219i \u0219i suculente, creat pentru a asigura drenajul adecvat \u0219i a permite plantelor s\u0103 respire, prevenind astfel [&#8230;]<\/p>\n<p><a class=\"btn btn-secondary understrap-read-more-link\" href=\"https:\/\/gradinar.ro\/en\/produs\/pachet-dr-soil-pentru-transplantarea-cactusilor-si-suculentelor-cu-substrat-natural-pentru-cactusi-si-plante-suculente-si-lava-vulcanica\/\">Mai mult&#8230;<\/a><\/p>\n","protected":false},"featured_media":51938,"template":"","meta":[],"etheme_brands":[],"product_brand":[478],"product_cat":[287],"product_tag":[],"class_list":{"0":"post-51940","1":"product","2":"type-product","3":"status-publish","4":"has-post-thumbnail","6":"product_brand-dr-soil","7":"product_cat-decoratiuni","9":"first","10":"instock","11":"taxable","12":"shipping-taxable","13":"purchasable","14":"product-type-simple"},"_links":{"self":[{"href":"https:\/\/gradinar.ro\/en\/wp-json\/wp\/v2\/product\/51940","targetHints":{"allow":["GET"]}}],"collection":[{"href":"https:\/\/gradinar.ro\/en\/wp-json\/wp\/v2\/product"}],"about":[{"href":"https:\/\/gradinar.ro\/en\/wp-json\/wp\/v2\/types\/product"}],"wp:featuredmedia":[{"embeddable":true,"href":"https:\/\/gradinar.ro\/en\/wp-json\/wp\/v2\/media\/51938"}],"wp:attachment":[{"href":"https:\/\/gradinar.ro\/en\/wp-json\/wp\/v2\/media?parent=51940"}],"wp:term":[{"taxonomy":"brand","embeddable":true,"href":"https:\/\/gradinar.ro\/en\/wp-json\/wp\/v2\/etheme_brands?post=51940"},{"taxonomy":"product_brand","embeddable":true,"href":"https:\/\/gradinar.ro\/en\/wp-json\/wp\/v2\/product_brand?post=51940"},{"taxonomy":"product_cat","embeddable":true,"href":"https:\/\/gradinar.ro\/en\/wp-json\/wp\/v2\/product_cat?post=51940"},{"taxonomy":"product_tag","embeddable":true,"href":"https:\/\/gradinar.ro\/en\/wp-json\/wp\/v2\/product_tag?post=51940"}],"curies":[{"name":"wp","href":"https:\/\/api.w.org\/{rel}","templated":true}]}}