{"id":51943,"date":"2025-08-12T18:12:48","date_gmt":"2025-08-12T15:12:48","guid":{"rendered":"https:\/\/gradinar.ro\/produs\/pachet-dr-soil-pentru-ingrijirea-orhideelor-cymbidium-si-pseudobulboase-cu-substrat-natural-cu-sphagnum-pentru-cymbidium-si-supliment-de-udare-pentru-orhidee-sub-forma-de-fiola\/"},"modified":"2025-08-12T21:28:10","modified_gmt":"2025-08-12T18:28:10","slug":"pachet-dr-soil-pentru-ingrijirea-orhideelor-cymbidium-si-pseudobulboase-cu-substrat-natural-cu-sphagnum-pentru-cymbidium-si-supliment-de-udare-pentru-orhidee-sub-forma-de-fiola","status":"publish","type":"product","link":"https:\/\/gradinar.ro\/en\/produs\/pachet-dr-soil-pentru-ingrijirea-orhideelor-cymbidium-si-pseudobulboase-cu-substrat-natural-cu-sphagnum-pentru-cymbidium-si-supliment-de-udare-pentru-orhidee-sub-forma-de-fiola\/","title":{"rendered":"Pachet Dr.Soil pentru ingrijirea orhideelor Cymbidium si pseudobulboase cu substrat natural cu sphagnum pentru Cymbidium si supliment de udare pentru orhidee sub forma de fiola"},"content":{"rendered":"<p>\u00ce\u021bi dore\u0219ti s\u0103 oferi orhideelor tale Cymbidium \u00eengrijirea perfect\u0103? Setul Dr.Soil este solu\u021bia ideal\u0103 pentru pasiona\u021bii de gr\u0103din\u0103rit care doresc s\u0103 \u00ee\u0219i men\u021bin\u0103 plantele s\u0103n\u0103toase \u0219i pline de vitalitate. Cu elixirul special conceput de 32ml, vei observa cum florile se deschid cu o frumuse\u021be str\u0103lucitoare, devenind adev\u0103rate bijuterii \u00een orice spa\u021biu. Formula activ\u0103 din elixir asigur\u0103 nutrien\u021bi esen\u021biali pentru cre\u0219terea s\u0103n\u0103toas\u0103 a orhideelor tale, stimul\u00e2nd r\u0103d\u0103cinile s\u0103 absoarb\u0103 mai bine substan\u021bele nutritive.<\/p>\n<p>Substratul Cymbidium de 1L completeaz\u0103 perfect elixirul, oferind suportul necesar pentru o dezvoltare armonioas\u0103. Acesta este creat din materiale de \u00eenalt\u0103 calitate, care asigur\u0103 o aerisire optim\u0103 \u0219i o drenare eficient\u0103, protej\u00e2nd astfel r\u0103d\u0103cinile de stagnarea apei, care poate duce la deteriorarea plantei. Cu o textur\u0103 ideal\u0103 \u0219i cu propriet\u0103\u021bi excelente, substratul permite r\u0103d\u0103cinilor s\u0103 respire, contribuind la o absorb\u021bie mai bun\u0103 a nutrien\u021bilor.<\/p>\n<p>Fie c\u0103 e\u0219ti un gr\u0103dinar \u00eencep\u0103tor sau un expert \u00een \u00eengrijirea orhideelor, setul Dr.Soil pentru Cymbidium \u00ee\u021bi va transforma experien\u021ba. Alege calitatea \u0219i eficien\u021ba pentru plantele tale, \u0219i observ\u0103 cum fiecare floare devine mai s\u0103n\u0103toas\u0103 \u0219i mai vibrant\u0103 cu ajutorul acestui set inovator. Nu l\u0103sa florile tale s\u0103 a\u0219tepte \u2013 f\u0103-le cadou nutrien\u021bii \u0219i substratul de care au nevoie pentru a str\u0103luci!<\/p>\n","protected":false},"excerpt":{"rendered":"<p>\u00ce\u021bi dore\u0219ti s\u0103 oferi orhideelor tale Cymbidium \u00eengrijirea perfect\u0103? Setul Dr.Soil este solu\u021bia ideal\u0103 pentru pasiona\u021bii de gr\u0103din\u0103rit care doresc s\u0103 \u00ee\u0219i men\u021bin\u0103 plantele s\u0103n\u0103toase \u0219i pline de vitalitate. Cu elixirul special conceput de 32ml, vei observa cum florile se deschid cu o frumuse\u021be str\u0103lucitoare, devenind adev\u0103rate bijuterii \u00een orice spa\u021biu. Formula activ\u0103 din elixir [&#8230;]<\/p>\n<p><a class=\"btn btn-secondary understrap-read-more-link\" href=\"https:\/\/gradinar.ro\/en\/produs\/pachet-dr-soil-pentru-ingrijirea-orhideelor-cymbidium-si-pseudobulboase-cu-substrat-natural-cu-sphagnum-pentru-cymbidium-si-supliment-de-udare-pentru-orhidee-sub-forma-de-fiola\/\">Mai mult&#8230;<\/a><\/p>\n","protected":false},"featured_media":51941,"template":"","meta":[],"etheme_brands":[],"product_brand":[478],"product_cat":[287],"product_tag":[],"class_list":{"0":"post-51943","1":"product","2":"type-product","3":"status-publish","4":"has-post-thumbnail","6":"product_brand-dr-soil","7":"product_cat-decoratiuni","9":"first","10":"instock","11":"taxable","12":"shipping-taxable","13":"purchasable","14":"product-type-simple"},"_links":{"self":[{"href":"https:\/\/gradinar.ro\/en\/wp-json\/wp\/v2\/product\/51943","targetHints":{"allow":["GET"]}}],"collection":[{"href":"https:\/\/gradinar.ro\/en\/wp-json\/wp\/v2\/product"}],"about":[{"href":"https:\/\/gradinar.ro\/en\/wp-json\/wp\/v2\/types\/product"}],"wp:featuredmedia":[{"embeddable":true,"href":"https:\/\/gradinar.ro\/en\/wp-json\/wp\/v2\/media\/51941"}],"wp:attachment":[{"href":"https:\/\/gradinar.ro\/en\/wp-json\/wp\/v2\/media?parent=51943"}],"wp:term":[{"taxonomy":"brand","embeddable":true,"href":"https:\/\/gradinar.ro\/en\/wp-json\/wp\/v2\/etheme_brands?post=51943"},{"taxonomy":"product_brand","embeddable":true,"href":"https:\/\/gradinar.ro\/en\/wp-json\/wp\/v2\/product_brand?post=51943"},{"taxonomy":"product_cat","embeddable":true,"href":"https:\/\/gradinar.ro\/en\/wp-json\/wp\/v2\/product_cat?post=51943"},{"taxonomy":"product_tag","embeddable":true,"href":"https:\/\/gradinar.ro\/en\/wp-json\/wp\/v2\/product_tag?post=51943"}],"curies":[{"name":"wp","href":"https:\/\/api.w.org\/{rel}","templated":true}]}}