{"id":51946,"date":"2025-08-12T18:12:54","date_gmt":"2025-08-12T15:12:54","guid":{"rendered":"https:\/\/gradinar.ro\/produs\/set-dr-soil-pentru-orhidee-elixir-orhidee-32ml-substrat-phalaenopsis-1l\/"},"modified":"2025-08-12T21:28:14","modified_gmt":"2025-08-12T18:28:14","slug":"set-dr-soil-pentru-orhidee-elixir-orhidee-32ml-substrat-phalaenopsis-1l","status":"publish","type":"product","link":"https:\/\/gradinar.ro\/en\/produs\/set-dr-soil-pentru-orhidee-elixir-orhidee-32ml-substrat-phalaenopsis-1l\/","title":{"rendered":"Set Dr.Soil pentru orhidee &#8211; elixir orhidee 32ml + Substrat Phalaenopsis 1L"},"content":{"rendered":"<p>\u00cengrijirea orhideelor poate fi o adev\u0103rat\u0103 art\u0103, dar cu setul Dr.Soil pentru orhidee, totul devine mult mai simplu! Acest set cuprinde un elixir special de 32 ml, creat pentru a oferi nutrien\u021bii necesari plantelor tale pre\u021bioase, asigur\u00e2ndu-le o dezvoltare s\u0103n\u0103toas\u0103 \u0219i o \u00eenflorire uimitoare. Formula sa unic\u0103 stimuleaz\u0103 r\u0103d\u0103cinile \u0219i activeaz\u0103 metabolismul orhideelor, ajut\u00e2ndu-le s\u0103 prospere \u00een orice sezon.<\/p>\n<p>Pe l\u00e2ng\u0103 elixir, setul include \u0219i un substrat de calitate superioar\u0103 pentru Phalaenopsis, de 1L, care asigur\u0103 un mediu optim pentru dezvoltarea r\u0103d\u0103cinilor. Acest substrat special formulat permite drenarea excelent\u0103 a apei, prevenind acumularea excesiv\u0103 de umiditate \u0219i protej\u00e2nd astfel plantele de putrezire. Cu Dr.Soil, \u00eengrijirea orhideelor devine o experien\u021b\u0103 pl\u0103cut\u0103 \u0219i f\u0103r\u0103 griji.<\/p>\n<p>Fie c\u0103 e\u0219ti un gr\u0103dinar experimentat sau abia \u00eencep\u0103tor, acest set este perfect pentru a-\u021bi transforma orhideele \u00een adev\u0103rate opere de art\u0103. Alege Dr.Soil pentru orhidee \u0219i ofer\u0103-le plantelor tale tot ce au nevoie pentru a str\u0103luci! Transform\u0103-\u021bi spa\u021biul verde \u00eentr-o oaz\u0103 de frumuse\u021be cu ajutorul acestui set eficient \u0219i u\u0219or de folosit. Dee la Dr.Soil, cu dragoste pentru orhidee!<\/p>\n","protected":false},"excerpt":{"rendered":"<p>\u00cengrijirea orhideelor poate fi o adev\u0103rat\u0103 art\u0103, dar cu setul Dr.Soil pentru orhidee, totul devine mult mai simplu! Acest set cuprinde un elixir special de 32 ml, creat pentru a oferi nutrien\u021bii necesari plantelor tale pre\u021bioase, asigur\u00e2ndu-le o dezvoltare s\u0103n\u0103toas\u0103 \u0219i o \u00eenflorire uimitoare. Formula sa unic\u0103 stimuleaz\u0103 r\u0103d\u0103cinile \u0219i activeaz\u0103 metabolismul orhideelor, ajut\u00e2ndu-le s\u0103 [&#8230;]<\/p>\n<p><a class=\"btn btn-secondary understrap-read-more-link\" href=\"https:\/\/gradinar.ro\/en\/produs\/set-dr-soil-pentru-orhidee-elixir-orhidee-32ml-substrat-phalaenopsis-1l\/\">Mai mult&#8230;<\/a><\/p>\n","protected":false},"featured_media":51944,"template":"","meta":[],"etheme_brands":[],"product_brand":[478],"product_cat":[287],"product_tag":[],"class_list":{"0":"post-51946","1":"product","2":"type-product","3":"status-publish","4":"has-post-thumbnail","6":"product_brand-dr-soil","7":"product_cat-decoratiuni","9":"first","10":"instock","11":"taxable","12":"shipping-taxable","13":"purchasable","14":"product-type-simple"},"_links":{"self":[{"href":"https:\/\/gradinar.ro\/en\/wp-json\/wp\/v2\/product\/51946","targetHints":{"allow":["GET"]}}],"collection":[{"href":"https:\/\/gradinar.ro\/en\/wp-json\/wp\/v2\/product"}],"about":[{"href":"https:\/\/gradinar.ro\/en\/wp-json\/wp\/v2\/types\/product"}],"wp:featuredmedia":[{"embeddable":true,"href":"https:\/\/gradinar.ro\/en\/wp-json\/wp\/v2\/media\/51944"}],"wp:attachment":[{"href":"https:\/\/gradinar.ro\/en\/wp-json\/wp\/v2\/media?parent=51946"}],"wp:term":[{"taxonomy":"brand","embeddable":true,"href":"https:\/\/gradinar.ro\/en\/wp-json\/wp\/v2\/etheme_brands?post=51946"},{"taxonomy":"product_brand","embeddable":true,"href":"https:\/\/gradinar.ro\/en\/wp-json\/wp\/v2\/product_brand?post=51946"},{"taxonomy":"product_cat","embeddable":true,"href":"https:\/\/gradinar.ro\/en\/wp-json\/wp\/v2\/product_cat?post=51946"},{"taxonomy":"product_tag","embeddable":true,"href":"https:\/\/gradinar.ro\/en\/wp-json\/wp\/v2\/product_tag?post=51946"}],"curies":[{"name":"wp","href":"https:\/\/api.w.org\/{rel}","templated":true}]}}