{"id":51958,"date":"2025-08-12T18:13:22","date_gmt":"2025-08-12T15:13:22","guid":{"rendered":"https:\/\/gradinar.ro\/produs\/set-dr-soil-plant-booster-1l-monodoza-de-refill\/"},"modified":"2025-08-12T21:28:28","modified_gmt":"2025-08-12T18:28:28","slug":"set-dr-soil-plant-booster-1l-monodoza-de-refill","status":"publish","type":"product","link":"https:\/\/gradinar.ro\/en\/produs\/set-dr-soil-plant-booster-1l-monodoza-de-refill\/","title":{"rendered":"Set Dr.Soil Plant Booster 1L + monodoza de refill"},"content":{"rendered":"<p>Descoper\u0103 puterea naturii cu Setul Dr.Soil Plant Booster de 1L, \u00eempreun\u0103 cu monodoza de refill, perfect pentru iubitorii de plante care doresc s\u0103 le ofere \u00eengrijire superioar\u0103. Acest produs inovator este formulat special pentru a impulsiona cre\u0219terea plantelor tale, asigur\u00e2ndu-se c\u0103 acestea primesc toate nutrien\u021bii esen\u021biali de care au nevoie. Cu un compus activ bazat pe tehnologie de ultima genera\u021bie, Dr.Soil aduce un boost natural de energie pentru fiecare frunz\u0103 \u0219i floare.<\/p>\n<p>Utilizarea acestui set este extrem de simpl\u0103! Adaug\u0103 Plant Booster \u00een apa de udare \u0219i observ\u0103 cum plantele tale devin mai verzi \u0219i mai s\u0103n\u0103toase de la o aplicare la alta. Monodoza de refill asigur\u0103 un sistem convenabil \u0219i ecologic de aprovizionare, astfel \u00eenc\u00e2t s\u0103 po\u021bi s\u0103 te bucuri de rezultatele uimitoare f\u0103r\u0103 a-\u021bi face griji privind stocul. Este ideal at\u00e2t pentru gr\u0103dinile interioare, c\u00e2t \u0219i pentru cele exterioare, \u0219i se potrive\u0219te perfect cu orice tip de plante, fie ele ornamentale, fructe sau legume.<\/p>\n<p>Transform\u0103-\u021bi hobby-ul de gr\u0103din\u0103rit \u00eentr-o adev\u0103rat\u0103 art\u0103 cu Dr.Soil Plant Booster! Rezultatele sunt vizibile rapid, iar plantele tale \u00ee\u021bi vor mul\u021bumi cu florile lor vibrante \u0219i cu o vegeta\u021bie dens\u0103. Nu mai a\u0219tepta, ofer\u0103-le plantelor tale \u00eengrijirea pe care o merit\u0103 \u0219i bucur\u0103-te de un col\u021b de natur\u0103 care str\u0103luce\u0219te de s\u0103n\u0103tate! Adaug\u0103 acum \u00een co\u0219 acest set indispensabil \u0219i las\u0103 natura s\u0103 te r\u0103spl\u0103teasc\u0103!<\/p>\n","protected":false},"excerpt":{"rendered":"<p>Descoper\u0103 puterea naturii cu Setul Dr.Soil Plant Booster de 1L, \u00eempreun\u0103 cu monodoza de refill, perfect pentru iubitorii de plante care doresc s\u0103 le ofere \u00eengrijire superioar\u0103. Acest produs inovator este formulat special pentru a impulsiona cre\u0219terea plantelor tale, asigur\u00e2ndu-se c\u0103 acestea primesc toate nutrien\u021bii esen\u021biali de care au nevoie. Cu un compus activ bazat [&#8230;]<\/p>\n<p><a class=\"btn btn-secondary understrap-read-more-link\" href=\"https:\/\/gradinar.ro\/en\/produs\/set-dr-soil-plant-booster-1l-monodoza-de-refill\/\">Mai mult&#8230;<\/a><\/p>\n","protected":false},"featured_media":51956,"template":"","meta":[],"etheme_brands":[],"product_brand":[478],"product_cat":[287],"product_tag":[],"class_list":{"0":"post-51958","1":"product","2":"type-product","3":"status-publish","4":"has-post-thumbnail","6":"product_brand-dr-soil","7":"product_cat-decoratiuni","9":"first","10":"instock","11":"taxable","12":"shipping-taxable","13":"purchasable","14":"product-type-simple"},"_links":{"self":[{"href":"https:\/\/gradinar.ro\/en\/wp-json\/wp\/v2\/product\/51958","targetHints":{"allow":["GET"]}}],"collection":[{"href":"https:\/\/gradinar.ro\/en\/wp-json\/wp\/v2\/product"}],"about":[{"href":"https:\/\/gradinar.ro\/en\/wp-json\/wp\/v2\/types\/product"}],"wp:featuredmedia":[{"embeddable":true,"href":"https:\/\/gradinar.ro\/en\/wp-json\/wp\/v2\/media\/51956"}],"wp:attachment":[{"href":"https:\/\/gradinar.ro\/en\/wp-json\/wp\/v2\/media?parent=51958"}],"wp:term":[{"taxonomy":"brand","embeddable":true,"href":"https:\/\/gradinar.ro\/en\/wp-json\/wp\/v2\/etheme_brands?post=51958"},{"taxonomy":"product_brand","embeddable":true,"href":"https:\/\/gradinar.ro\/en\/wp-json\/wp\/v2\/product_brand?post=51958"},{"taxonomy":"product_cat","embeddable":true,"href":"https:\/\/gradinar.ro\/en\/wp-json\/wp\/v2\/product_cat?post=51958"},{"taxonomy":"product_tag","embeddable":true,"href":"https:\/\/gradinar.ro\/en\/wp-json\/wp\/v2\/product_tag?post=51958"}],"curies":[{"name":"wp","href":"https:\/\/api.w.org\/{rel}","templated":true}]}}