{"id":51961,"date":"2025-08-12T18:13:29","date_gmt":"2025-08-12T15:13:29","guid":{"rendered":"https:\/\/gradinar.ro\/produs\/set-dr-soil-bug-buster-1l-monodoza-de-refil\/"},"modified":"2026-01-29T16:36:09","modified_gmt":"2026-01-29T14:36:09","slug":"set-dr-soil-bug-buster-1l-monodoza-de-refil","status":"publish","type":"product","link":"https:\/\/gradinar.ro\/en\/produs\/set-dr-soil-bug-buster-1l-monodoza-de-refil\/","title":{"rendered":"Set Dr.Soil Bug Buster 1L + monodoza de refil"},"content":{"rendered":"<p>Descoperi\u021bi solu\u021bia ideal\u0103 pentru a v\u0103 proteja plantele cu Setul Dr.Soil Bug Buster de 1L, \u00eempreun\u0103 cu un refill specializat. Acest produs revolu\u021bionar este conceput pentru a combate d\u0103un\u0103torii din gr\u0103dina dumneavoastr\u0103, asigur\u00e2ndu-v\u0103 c\u0103 plantele r\u0103m\u00e2n s\u0103n\u0103toase \u0219i vibrante. Formula sa puternic\u0103 ac\u021bioneaz\u0103 rapid, distrug\u00e2nd insectele nedorite \u0219i prevenind recidiva, astfel \u00eenc\u00e2t s\u0103 v\u0103 pute\u021bi bucura de frumuse\u021bea naturii f\u0103r\u0103 griji.<\/p>\n<p>Fie c\u0103 este vorba de plante de interior sau de exterior, Bug Buster este partenerul de \u00eencredere pe care \u00eel c\u0103uta\u021bi. Fluiditatea sa faciliteaz\u0103 utilizarea, iar sticla de refill asigur\u0103 un consum eficient, astfel \u00eenc\u00e2t s\u0103 ave\u021bi sempre la \u00eendem\u00e2n\u0103 acest aliat \u00eempotriva d\u0103un\u0103torilor. Nu l\u0103sa\u021bi insectele s\u0103 v\u0103 saboteze gr\u0103dina; opta\u021bi pentru un produs care ofer\u0103 rezultate rapide \u0219i de durat\u0103!<\/p>\n<p>Investi\u021bia \u00een Setul Dr.Soil Bug Buster nu este doar o alegere \u00een\u021beleapt\u0103 pentru plantele dvs., ci \u0219i pentru mediul \u00eenconjur\u0103tor. Produsul nostru este realizat din ingrediente prietenoase cu natura, garant\u00e2nd o protec\u021bie eficient\u0103 f\u0103r\u0103 a afecta ecosistemul. Alege\u021bi Dr.Soil \u0219i transforma\u021bi-v\u0103 gr\u0103dina \u00eentr-un col\u021b de rai, unde toat\u0103 flora poate prospera!<\/p>\n","protected":false},"excerpt":{"rendered":"<p>Descoperi\u021bi solu\u021bia ideal\u0103 pentru a v\u0103 proteja plantele cu Setul Dr.Soil Bug Buster de 1L, \u00eempreun\u0103 cu un refill specializat. Acest produs revolu\u021bionar este conceput pentru a combate d\u0103un\u0103torii din gr\u0103dina dumneavoastr\u0103, asigur\u00e2ndu-v\u0103 c\u0103 plantele r\u0103m\u00e2n s\u0103n\u0103toase \u0219i vibrante. Formula sa puternic\u0103 ac\u021bioneaz\u0103 rapid, distrug\u00e2nd insectele nedorite \u0219i prevenind recidiva, astfel \u00eenc\u00e2t s\u0103 v\u0103 pute\u021bi [&#8230;]<\/p>\n<p><a class=\"btn btn-secondary understrap-read-more-link\" href=\"https:\/\/gradinar.ro\/en\/produs\/set-dr-soil-bug-buster-1l-monodoza-de-refil\/\">Mai mult&#8230;<\/a><\/p>\n","protected":false},"featured_media":51959,"template":"","meta":[],"etheme_brands":[],"product_brand":[478],"product_cat":[287],"product_tag":[],"class_list":{"0":"post-51961","1":"product","2":"type-product","3":"status-publish","4":"has-post-thumbnail","6":"product_brand-dr-soil","7":"product_cat-decoratiuni","9":"first","10":"instock","11":"taxable","12":"shipping-taxable","13":"purchasable","14":"product-type-simple"},"_links":{"self":[{"href":"https:\/\/gradinar.ro\/en\/wp-json\/wp\/v2\/product\/51961","targetHints":{"allow":["GET"]}}],"collection":[{"href":"https:\/\/gradinar.ro\/en\/wp-json\/wp\/v2\/product"}],"about":[{"href":"https:\/\/gradinar.ro\/en\/wp-json\/wp\/v2\/types\/product"}],"wp:featuredmedia":[{"embeddable":true,"href":"https:\/\/gradinar.ro\/en\/wp-json\/wp\/v2\/media\/51959"}],"wp:attachment":[{"href":"https:\/\/gradinar.ro\/en\/wp-json\/wp\/v2\/media?parent=51961"}],"wp:term":[{"taxonomy":"brand","embeddable":true,"href":"https:\/\/gradinar.ro\/en\/wp-json\/wp\/v2\/etheme_brands?post=51961"},{"taxonomy":"product_brand","embeddable":true,"href":"https:\/\/gradinar.ro\/en\/wp-json\/wp\/v2\/product_brand?post=51961"},{"taxonomy":"product_cat","embeddable":true,"href":"https:\/\/gradinar.ro\/en\/wp-json\/wp\/v2\/product_cat?post=51961"},{"taxonomy":"product_tag","embeddable":true,"href":"https:\/\/gradinar.ro\/en\/wp-json\/wp\/v2\/product_tag?post=51961"}],"curies":[{"name":"wp","href":"https:\/\/api.w.org\/{rel}","templated":true}]}}