{"id":51967,"date":"2025-08-12T18:13:43","date_gmt":"2025-08-12T15:13:43","guid":{"rendered":"https:\/\/gradinar.ro\/produs\/baza-de-substrat-pentru-orhidee-cu-cipsuri-de-cocos-la-punga-de-5l-si-sphagnum-decomprimat\/"},"modified":"2025-08-12T21:28:38","modified_gmt":"2025-08-12T18:28:38","slug":"baza-de-substrat-pentru-orhidee-cu-cipsuri-de-cocos-la-punga-de-5l-si-sphagnum-decomprimat","status":"publish","type":"product","link":"https:\/\/gradinar.ro\/en\/produs\/baza-de-substrat-pentru-orhidee-cu-cipsuri-de-cocos-la-punga-de-5l-si-sphagnum-decomprimat\/","title":{"rendered":"Baza de substrat pentru orhidee cu cipsuri de cocos la punga de 5L si sphagnum decomprimat"},"content":{"rendered":"<p>Baza de substrat pentru orhidee &#8211; cipsuri de cocos si sphagnum este alegerea perfect\u0103 pentru iubitorii de plante care doresc s\u0103 ofere orhideelor lor un mediu propice cre\u0219terii \u0219i dezvolt\u0103rii s\u0103n\u0103toase. Acest substrat specializat combin\u0103 delicate\u021bea cipsurilor de cocos cu propriet\u0103\u021bile excelente de re\u021binere a umezelii ale sphagnum-ului, cre\u00e2nd un habitat ideal care permite plantelor s\u0103 respire \u0219i s\u0103 absoarb\u0103 nutrien\u021bii necesari.<\/p>\n<p>Fie c\u0103 e\u0219ti un cultivator experimentat sau abia te-ai apucat de gr\u0103din\u0103rit, substratul nostru \u00ee\u021bi faciliteaz\u0103 \u00eengrijirea orhideelor. Textura sa u\u0219oar\u0103 asigur\u0103 o drenare optim\u0103, prevenind acumularea de ap\u0103, care poate duce la putrezirea r\u0103d\u0103cinilor. \u00cen plus, compozi\u021bia natural\u0103 ajut\u0103 la men\u021binerea unui pH echilibrat, esen\u021bial pentru s\u0103n\u0103tatea orhideelor tale. Nu l\u0103sa nimic la voia \u00eent\u00e2mpl\u0103rii; ofer\u0103 plantelor tale condi\u021biile ideale de care au nevoie pentru a str\u0103luci.<\/p>\n<p>\u00cencepe s\u0103 te bucuri de frumuse\u021bea orhideelor \u00een toat\u0103 splendoarea lor! Folosind baza de substrat pentru orhidee cu cipsuri de cocos \u0219i sphagnum, nu doar c\u0103 \u00ee\u021bi \u00eengrije\u0219ti plantele, dar \u0219i \u00ee\u021bi \u00eembun\u0103t\u0103\u021be\u0219ti abilit\u0103\u021bile de gr\u0103dinar. Transform\u0103-\u021bi spa\u021biul verde \u00eentr-un col\u021b de rai floral \u0219i admir\u0103 cum orhideele tale \u00eenfloresc s\u0103n\u0103toase \u0219i vesele!<\/p>\n","protected":false},"excerpt":{"rendered":"<p>Baza de substrat pentru orhidee &#8211; cipsuri de cocos si sphagnum este alegerea perfect\u0103 pentru iubitorii de plante care doresc s\u0103 ofere orhideelor lor un mediu propice cre\u0219terii \u0219i dezvolt\u0103rii s\u0103n\u0103toase. Acest substrat specializat combin\u0103 delicate\u021bea cipsurilor de cocos cu propriet\u0103\u021bile excelente de re\u021binere a umezelii ale sphagnum-ului, cre\u00e2nd un habitat ideal care permite plantelor [&#8230;]<\/p>\n<p><a class=\"btn btn-secondary understrap-read-more-link\" href=\"https:\/\/gradinar.ro\/en\/produs\/baza-de-substrat-pentru-orhidee-cu-cipsuri-de-cocos-la-punga-de-5l-si-sphagnum-decomprimat\/\">Mai mult&#8230;<\/a><\/p>\n","protected":false},"featured_media":51965,"template":"","meta":[],"etheme_brands":[],"product_brand":[503],"product_cat":[287],"product_tag":[],"class_list":{"0":"post-51967","1":"product","2":"type-product","3":"status-publish","4":"has-post-thumbnail","6":"product_brand-green-project","7":"product_cat-decoratiuni","9":"first","10":"instock","11":"taxable","12":"shipping-taxable","13":"purchasable","14":"product-type-simple"},"_links":{"self":[{"href":"https:\/\/gradinar.ro\/en\/wp-json\/wp\/v2\/product\/51967","targetHints":{"allow":["GET"]}}],"collection":[{"href":"https:\/\/gradinar.ro\/en\/wp-json\/wp\/v2\/product"}],"about":[{"href":"https:\/\/gradinar.ro\/en\/wp-json\/wp\/v2\/types\/product"}],"wp:featuredmedia":[{"embeddable":true,"href":"https:\/\/gradinar.ro\/en\/wp-json\/wp\/v2\/media\/51965"}],"wp:attachment":[{"href":"https:\/\/gradinar.ro\/en\/wp-json\/wp\/v2\/media?parent=51967"}],"wp:term":[{"taxonomy":"brand","embeddable":true,"href":"https:\/\/gradinar.ro\/en\/wp-json\/wp\/v2\/etheme_brands?post=51967"},{"taxonomy":"product_brand","embeddable":true,"href":"https:\/\/gradinar.ro\/en\/wp-json\/wp\/v2\/product_brand?post=51967"},{"taxonomy":"product_cat","embeddable":true,"href":"https:\/\/gradinar.ro\/en\/wp-json\/wp\/v2\/product_cat?post=51967"},{"taxonomy":"product_tag","embeddable":true,"href":"https:\/\/gradinar.ro\/en\/wp-json\/wp\/v2\/product_tag?post=51967"}],"curies":[{"name":"wp","href":"https:\/\/api.w.org\/{rel}","templated":true}]}}