{"id":51970,"date":"2025-08-12T18:13:50","date_gmt":"2025-08-12T15:13:50","guid":{"rendered":"https:\/\/gradinar.ro\/produs\/pachet-pentru-revitalizarea-solului-plantelor-de-interior-cu-turba-de-cocos-la-punga-de-5l-vermiculit-si-perlit\/"},"modified":"2025-11-14T09:24:20","modified_gmt":"2025-11-14T07:24:20","slug":"pachet-pentru-revitalizarea-solului-plantelor-de-interior-cu-turba-de-cocos-la-punga-de-5l-vermiculit-si-perlit","status":"publish","type":"product","link":"https:\/\/gradinar.ro\/en\/produs\/pachet-pentru-revitalizarea-solului-plantelor-de-interior-cu-turba-de-cocos-la-punga-de-5l-vermiculit-si-perlit\/","title":{"rendered":"Pachet pentru revitalizarea solului plantelor de interior cu turba de cocos la punga de 5L, vermiculit si perlit"},"content":{"rendered":"<p>\u00cembun\u0103t\u0103\u021bi\u021bi s\u0103n\u0103tatea \u0219i vitalitatea plantelor dumneavoastr\u0103 de interior cu kitul nostru pentru revitalizarea solului! Acest set complet con\u021bine 5 litri de turb\u0103 de cocos, 1 litru de vermiculit \u0219i 1 litru de perlit, ingrediente esen\u021biale pentru asigurarea unui mediu de cre\u0219tere optim. Turba de cocos, un material natural \u0219i ecologic, ofer\u0103 o reten\u021bie excelent\u0103 a umidit\u0103\u021bii, men\u021bin\u00e2nd solul umed pentru perioade mai lungi \u00eentre ud\u0103ri, iar vermiculitul \u0219i perlitul \u00eembun\u0103t\u0103\u021besc aerarea \u0219i drenajul, prevenind acumularea excesiv\u0103 de ap\u0103. <\/p>\n<p>Fie c\u0103 sunte\u021bi un pasionat al plantelor sau doar dori\u021bi s\u0103 transforma\u021bi atmosfera din casa dumneavoastr\u0103, acest kit este solu\u021bia ideal\u0103. Combinarea acestor trei componente permite plantelor s\u0103 absoarb\u0103 nutrien\u021bii necesari \u00eentr-un mod eficient, stimul\u00e2nd dezvoltarea r\u0103d\u0103cinilor \u0219i contribuind la o cre\u0219tere s\u0103n\u0103toas\u0103 \u0219i vibrant\u0103. Indiferent c\u0103 ave\u021bi orhidee, ficu\u0219i sau plante suculente, acest mix este perfect pentru toate tipurile de plante de apartament.<\/p>\n<p>Aleg\u00e2nd kitul nostru, nu doar c\u0103 ve\u021bi oferi plantelor dumneavoastr\u0103 un start excelent, dar ve\u021bi contribui \u0219i la un mediu mai verde. Este u\u0219or de utilizat \u0219i ofer\u0103 rezultate rapide, transform\u00e2nd u\u0219or solul uzat \u00eentr-un mediu fertil, plin de vitalitate. Investi\u021bi \u00een s\u0103n\u0103tatea plantelor dumneavoastr\u0103 \u0219i observa\u021bi cum prosperitatea acestora va aduce un strop de natur\u0103 \u00een via\u021ba de zi cu zi!<\/p>\n","protected":false},"excerpt":{"rendered":"<p>\u00cembun\u0103t\u0103\u021bi\u021bi s\u0103n\u0103tatea \u0219i vitalitatea plantelor dumneavoastr\u0103 de interior cu kitul nostru pentru revitalizarea solului! Acest set complet con\u021bine 5 litri de turb\u0103 de cocos, 1 litru de vermiculit \u0219i 1 litru de perlit, ingrediente esen\u021biale pentru asigurarea unui mediu de cre\u0219tere optim. Turba de cocos, un material natural \u0219i ecologic, ofer\u0103 o reten\u021bie excelent\u0103 a [&#8230;]<\/p>\n<p><a class=\"btn btn-secondary understrap-read-more-link\" href=\"https:\/\/gradinar.ro\/en\/produs\/pachet-pentru-revitalizarea-solului-plantelor-de-interior-cu-turba-de-cocos-la-punga-de-5l-vermiculit-si-perlit\/\">Mai mult&#8230;<\/a><\/p>\n","protected":false},"featured_media":51968,"template":"","meta":[],"etheme_brands":[],"product_brand":[503],"product_cat":[287],"product_tag":[],"class_list":{"0":"post-51970","1":"product","2":"type-product","3":"status-publish","4":"has-post-thumbnail","6":"product_brand-green-project","7":"product_cat-decoratiuni","9":"first","10":"instock","11":"taxable","12":"shipping-taxable","13":"purchasable","14":"product-type-simple"},"_links":{"self":[{"href":"https:\/\/gradinar.ro\/en\/wp-json\/wp\/v2\/product\/51970","targetHints":{"allow":["GET"]}}],"collection":[{"href":"https:\/\/gradinar.ro\/en\/wp-json\/wp\/v2\/product"}],"about":[{"href":"https:\/\/gradinar.ro\/en\/wp-json\/wp\/v2\/types\/product"}],"wp:featuredmedia":[{"embeddable":true,"href":"https:\/\/gradinar.ro\/en\/wp-json\/wp\/v2\/media\/51968"}],"wp:attachment":[{"href":"https:\/\/gradinar.ro\/en\/wp-json\/wp\/v2\/media?parent=51970"}],"wp:term":[{"taxonomy":"brand","embeddable":true,"href":"https:\/\/gradinar.ro\/en\/wp-json\/wp\/v2\/etheme_brands?post=51970"},{"taxonomy":"product_brand","embeddable":true,"href":"https:\/\/gradinar.ro\/en\/wp-json\/wp\/v2\/product_brand?post=51970"},{"taxonomy":"product_cat","embeddable":true,"href":"https:\/\/gradinar.ro\/en\/wp-json\/wp\/v2\/product_cat?post=51970"},{"taxonomy":"product_tag","embeddable":true,"href":"https:\/\/gradinar.ro\/en\/wp-json\/wp\/v2\/product_tag?post=51970"}],"curies":[{"name":"wp","href":"https:\/\/api.w.org\/{rel}","templated":true}]}}