{"id":52011,"date":"2025-08-12T18:21:40","date_gmt":"2025-08-12T15:21:40","guid":{"rendered":"https:\/\/gradinar.ro\/produs\/planter-ball-groove-3534-black-gold\/"},"modified":"2025-08-12T21:29:14","modified_gmt":"2025-08-12T18:29:14","slug":"planter-ball-groove-3534-black-gold","status":"publish","type":"product","link":"https:\/\/gradinar.ro\/en\/produs\/planter-ball-groove-3534-black-gold\/","title":{"rendered":"Planter ball groove 35*34 black gold"},"content":{"rendered":"<p>Acest ghiveci de flori durabil din colec\u021bia Capi Nature Groove NL este neutru din punct de vedere al emisiilor de CO2 \u0219i este fabricat din materiale reciclate. Interiorul portocaliu al ghiveciului este o aluzie la produc\u021bia olandez\u0103 \u0219i, de asemenea, un strat izolator care protejeaz\u0103 ghiveciul de \u00eenghe\u021b iarna \u0219i de c\u0103ldur\u0103 vara. Acest strat suplimentar adaug\u0103, de asemenea, rezisten\u021b\u0103, f\u0103c\u00e2nd acest ghiveci incasabil.<br \/>\nGhiveciul este potrivit pentru utilizare \u00een interior \u0219i \u00een exterior \u0219i vine cu o garan\u021bie pe via\u021b\u0103.<br \/>\nTextura Groove este, dup\u0103 cum sugereaz\u0103 \u0219i numele, inspirat\u0103 de caneluri. \u00cen special pe canelurile verticale din roci \u0219i mun\u021bi create de-a lungul anilor. O colec\u021bie inspirat\u0103 de marile schimb\u0103ri ale naturii.<\/p>\n","protected":false},"excerpt":{"rendered":"<ul data-cy=\"pdp-specifications\" style=\"font-size: 16px;list-style-type: none;margin-right: 0px;margin-bottom: 0px;margin-left: 0px;padding: 0px;font-family: Montserrat, sans-serif\">\n<li class=\"productSpecifications_item__awwHw\"><span class=\"productSpecifications_label__AW2HE\" style=\"flex: 0 0 50%;padding: 0.5rem 1rem\">Con\u021binut (ltr)<\/span><span class=\"productSpecifications_value__uV_2e\" style=\"flex: 0 0 50%;padding: 0.5rem 1rem\">\n<div class=\"wysiwyg_root__tFIP2\">25<\/div>\n<p><\/span><\/li>\n<li class=\"productSpecifications_item__awwHw\"><span class=\"productSpecifications_label__AW2HE\" style=\"flex: 0 0 50%;padding: 0.5rem 1rem\">Dimensiuni LxlxH (cm)<\/span><span class=\"productSpecifications_value__uV_2e\" style=\"flex: 0 0 50%;padding: 0.5rem 1rem\">\n<div class=\"wysiwyg_root__tFIP2\">35 x 35 x 34 cm<\/div>\n<p><\/span><\/li>\n<li class=\"productSpecifications_item__awwHw\"><span class=\"productSpecifications_label__AW2HE\" style=\"flex: 0 0 50%;padding: 0.5rem 1rem\">Material<\/span><span class=\"productSpecifications_value__uV_2e\" style=\"flex: 0 0 50%;padding: 0.5rem 1rem\">\n<div class=\"wysiwyg_root__tFIP2\">WPC (compozit din lemn \u0219i plastic)<\/div>\n<p><\/span><\/li>\n<li class=\"productSpecifications_item__awwHw\"><span class=\"productSpecifications_label__AW2HE\" style=\"flex: 0 0 50%;padding: 0.5rem 1rem\">Garan\u021bie<\/span><span class=\"productSpecifications_value__uV_2e\" style=\"flex: 0 0 50%;padding: 0.5rem 1rem\">\n<div class=\"wysiwyg_root__tFIP2\">Garan\u021bie pe via\u021b\u0103<\/div>\n<p><\/span><\/li>\n<li class=\"productSpecifications_item__awwHw\"><span class=\"productSpecifications_label__AW2HE\" style=\"flex: 0 0 50%;padding: 0.5rem 1rem\">C02 neutru<\/span><span class=\"productSpecifications_value__uV_2e\" style=\"flex: 0 0 50%;padding: 0.5rem 1rem\">\n<div class=\"wysiwyg_root__tFIP2\">Da<\/div>\n<p><\/span><\/li>\n<li class=\"productSpecifications_item__awwHw\"><span class=\"productSpecifications_label__AW2HE\" style=\"flex: 0 0 50%;padding: 0.5rem 1rem\">Interior\/exterior<\/span><span class=\"productSpecifications_value__uV_2e\" style=\"flex: 0 0 50%;padding: 0.5rem 1rem\">\n<div class=\"wysiwyg_root__tFIP2\">Interior\/exterior<\/div>\n<p><\/span><\/li>\n<li class=\"productSpecifications_item__awwHw\"><span class=\"productSpecifications_label__AW2HE\" style=\"flex: 0 0 50%;padding: 0.5rem 1rem\">Rezistent la \u00eenghe\u021b<\/span><span class=\"productSpecifications_value__uV_2e\" style=\"flex: 0 0 50%;padding: 0.5rem 1rem\">\n<div class=\"wysiwyg_root__tFIP2\">Da<\/div>\n<p><\/span><\/li>\n<li class=\"productSpecifications_item__awwHw\"><span class=\"productSpecifications_label__AW2HE\" style=\"flex: 0 0 50%;padding: 0.5rem 1rem\">Rezistent la UV<\/span><span class=\"productSpecifications_value__uV_2e\" style=\"flex: 0 0 50%;padding: 0.5rem 1rem\">\n<div class=\"wysiwyg_root__tFIP2\">Da<\/div>\n<p><\/span><\/li>\n<li class=\"productSpecifications_item__awwHw\"><span class=\"productSpecifications_label__AW2HE\" style=\"flex: 0 0 50%;padding: 0.5rem 1rem\">Strat izolator<\/span><span class=\"productSpecifications_value__uV_2e\" style=\"flex: 0 0 50%;padding: 0.5rem 1rem\">\n<div class=\"wysiwyg_root__tFIP2\">Da<\/div>\n<p><\/span><\/li>\n<li class=\"productSpecifications_item__awwHw\"><span class=\"productSpecifications_label__AW2HE\" style=\"flex: 0 0 50%;padding: 0.5rem 1rem\">Rezistent la rupere<\/span><span class=\"productSpecifications_value__uV_2e\" style=\"flex: 0 0 50%;padding: 0.5rem 1rem\">\n<div class=\"wysiwyg_root__tFIP2\">Da<\/div>\n<p><\/span><\/li>\n<li class=\"productSpecifications_item__awwHw\"><span class=\"productSpecifications_label__AW2HE\" style=\"flex: 0 0 50%;padding: 0.5rem 1rem\">U\u0219or<\/span><span class=\"productSpecifications_value__uV_2e\" style=\"flex: 0 0 50%;padding: 0.5rem 1rem\">\n<div class=\"wysiwyg_root__tFIP2\">Da<\/div>\n<p><\/span><\/li>\n<li class=\"productSpecifications_item__awwHw\"><span class=\"productSpecifications_label__AW2HE\" style=\"flex: 0 0 50%;padding: 0.5rem 1rem\">100% reciclabil<\/span><span class=\"productSpecifications_value__uV_2e\" style=\"flex: 0 0 50%;padding: 0.5rem 1rem\">\n<div class=\"wysiwyg_root__tFIP2\">Da<\/div>\n<p><\/span><\/li>\n<li class=\"productSpecifications_item__awwHw\"><span class=\"productSpecifications_label__AW2HE\" style=\"flex: 0 0 50%;padding: 0.5rem 1rem\">Fabricat cu materiale reciclate<\/span><span class=\"productSpecifications_value__uV_2e\" style=\"flex: 0 0 50%;padding: 0.5rem 1rem\">\n<div class=\"wysiwyg_root__tFIP2\">Da<\/div>\n<p><\/span><\/li>\n<\/ul>\n<p> [&#8230;]<\/p>\n<p><a class=\"btn btn-secondary understrap-read-more-link\" href=\"https:\/\/gradinar.ro\/en\/produs\/planter-ball-groove-3534-black-gold\/\">Mai mult&#8230;<\/a><\/p>\n","protected":false},"featured_media":51999,"template":"","meta":[],"etheme_brands":[],"product_brand":[494],"product_cat":[286,302],"product_tag":[],"class_list":{"0":"post-52011","1":"product","2":"type-product","3":"status-publish","4":"has-post-thumbnail","6":"product_brand-capi-europe","7":"product_cat-ghivece-masti","8":"product_cat-masti","10":"first","11":"instock","12":"taxable","13":"shipping-taxable","14":"purchasable","15":"product-type-simple"},"_links":{"self":[{"href":"https:\/\/gradinar.ro\/en\/wp-json\/wp\/v2\/product\/52011","targetHints":{"allow":["GET"]}}],"collection":[{"href":"https:\/\/gradinar.ro\/en\/wp-json\/wp\/v2\/product"}],"about":[{"href":"https:\/\/gradinar.ro\/en\/wp-json\/wp\/v2\/types\/product"}],"wp:featuredmedia":[{"embeddable":true,"href":"https:\/\/gradinar.ro\/en\/wp-json\/wp\/v2\/media\/51999"}],"wp:attachment":[{"href":"https:\/\/gradinar.ro\/en\/wp-json\/wp\/v2\/media?parent=52011"}],"wp:term":[{"taxonomy":"brand","embeddable":true,"href":"https:\/\/gradinar.ro\/en\/wp-json\/wp\/v2\/etheme_brands?post=52011"},{"taxonomy":"product_brand","embeddable":true,"href":"https:\/\/gradinar.ro\/en\/wp-json\/wp\/v2\/product_brand?post=52011"},{"taxonomy":"product_cat","embeddable":true,"href":"https:\/\/gradinar.ro\/en\/wp-json\/wp\/v2\/product_cat?post=52011"},{"taxonomy":"product_tag","embeddable":true,"href":"https:\/\/gradinar.ro\/en\/wp-json\/wp\/v2\/product_tag?post=52011"}],"curies":[{"name":"wp","href":"https:\/\/api.w.org\/{rel}","templated":true}]}}