{"id":52246,"date":"2025-08-12T18:27:51","date_gmt":"2025-08-12T15:27:51","guid":{"rendered":"https:\/\/gradinar.ro\/produs\/vase-cylinder-groove-1921-black-gold\/"},"modified":"2025-08-12T21:30:27","modified_gmt":"2025-08-12T18:30:27","slug":"vase-cylinder-groove-1921-black-gold","status":"publish","type":"product","link":"https:\/\/gradinar.ro\/en\/produs\/vase-cylinder-groove-1921-black-gold\/","title":{"rendered":"Vase cylinder groove 19*21 black gold"},"content":{"rendered":"<p>Nature Groove este inspirat, dup\u0103 cum spune \u0219i numele, de caneluri. \u00cen special, se inspir\u0103 din canelurile verticale din roci \u0219i mun\u021bi care apar \u00een urma schimb\u0103rilor naturale care au loc de-a lungul anilor. Este o colec\u021bie juc\u0103u\u0219\u0103 \u0219i r\u0103coroas\u0103 \u00een cadrul colec\u021biei noastre de natur\u0103 pentru interior. Colec\u021bia Nature Groove este realizat\u0103 manual, f\u0103c\u00e2nd ca fiecare ghiveci s\u0103 fie unic. 5 ani garan\u021bie Interior U\u0219or<\/p>\n","protected":false},"excerpt":{"rendered":"<p>Nature Groove este inspirat, dup\u0103 cum spune \u0219i numele, de caneluri. \u00cen special, se inspir\u0103 din canelurile verticale din roci \u0219i mun\u021bi care apar \u00een urma schimb\u0103rilor naturale care au loc de-a lungul anilor. Este o colec\u021bie juc\u0103u\u0219\u0103 \u0219i r\u0103coroas\u0103 \u00een cadrul colec\u021biei noastre de natur\u0103 pentru interior. Colec\u021bia Nature Groove este realizat\u0103 manual, f\u0103c\u00e2nd [&#8230;]<\/p>\n<p><a class=\"btn btn-secondary understrap-read-more-link\" href=\"https:\/\/gradinar.ro\/en\/produs\/vase-cylinder-groove-1921-black-gold\/\">Mai mult&#8230;<\/a><\/p>\n","protected":false},"featured_media":52236,"template":"","meta":[],"etheme_brands":[],"product_brand":[494],"product_cat":[286,302],"product_tag":[],"class_list":{"0":"post-52246","1":"product","2":"type-product","3":"status-publish","4":"has-post-thumbnail","6":"product_brand-capi-europe","7":"product_cat-ghivece-masti","8":"product_cat-masti","10":"first","11":"instock","12":"taxable","13":"shipping-taxable","14":"purchasable","15":"product-type-simple"},"_links":{"self":[{"href":"https:\/\/gradinar.ro\/en\/wp-json\/wp\/v2\/product\/52246","targetHints":{"allow":["GET"]}}],"collection":[{"href":"https:\/\/gradinar.ro\/en\/wp-json\/wp\/v2\/product"}],"about":[{"href":"https:\/\/gradinar.ro\/en\/wp-json\/wp\/v2\/types\/product"}],"wp:featuredmedia":[{"embeddable":true,"href":"https:\/\/gradinar.ro\/en\/wp-json\/wp\/v2\/media\/52236"}],"wp:attachment":[{"href":"https:\/\/gradinar.ro\/en\/wp-json\/wp\/v2\/media?parent=52246"}],"wp:term":[{"taxonomy":"brand","embeddable":true,"href":"https:\/\/gradinar.ro\/en\/wp-json\/wp\/v2\/etheme_brands?post=52246"},{"taxonomy":"product_brand","embeddable":true,"href":"https:\/\/gradinar.ro\/en\/wp-json\/wp\/v2\/product_brand?post=52246"},{"taxonomy":"product_cat","embeddable":true,"href":"https:\/\/gradinar.ro\/en\/wp-json\/wp\/v2\/product_cat?post=52246"},{"taxonomy":"product_tag","embeddable":true,"href":"https:\/\/gradinar.ro\/en\/wp-json\/wp\/v2\/product_tag?post=52246"}],"curies":[{"name":"wp","href":"https:\/\/api.w.org\/{rel}","templated":true}]}}