{"id":52279,"date":"2025-08-12T18:28:43","date_gmt":"2025-08-12T15:28:43","guid":{"rendered":"https:\/\/gradinar.ro\/produs\/vase-cylinder-groove-4446-black-gold\/"},"modified":"2025-08-12T21:30:37","modified_gmt":"2025-08-12T18:30:37","slug":"vase-cylinder-groove-4446-black-gold","status":"publish","type":"product","link":"https:\/\/gradinar.ro\/en\/produs\/vase-cylinder-groove-4446-black-gold\/","title":{"rendered":"Vase cylinder groove 44*46 black gold"},"content":{"rendered":"<p>Acest ghiveci de flori durabil din colec\u021bia Capi Nature Groove NL este neutru din punct de vedere al emisiilor de CO2 \u0219i este fabricat din materiale reciclate. Interiorul portocaliu al ghiveciului este o aluzie la produc\u021bia olandez\u0103 \u0219i, de asemenea, un strat izolator care protejeaz\u0103 ghiveciul de \u00eenghe\u021b iarna \u0219i de c\u0103ldur\u0103 vara. Acest strat suplimentar adaug\u0103, de asemenea, rezisten\u021b\u0103, f\u0103c\u00e2nd acest ghiveci incasabil. Ghiveciul este potrivit pentru utilizare \u00een interior \u0219i \u00een exterior \u0219i vine cu o garan\u021bie pe via\u021b\u0103. Textura Groove este, dup\u0103 cum sugereaz\u0103 \u0219i numele, inspirat\u0103 de caneluri. \u00cen special pe canelurile verticale din roci \u0219i mun\u021bi create de-a lungul anilor. O colec\u021bie inspirat\u0103 de marile schimb\u0103ri ale naturii.  Garan\u021bie pe via\u021b\u0103 C02 Neutru Interior\/Exterior Rezistent la \u00eenghe\u021b Rezistent la UV Strat izolator Rezistent la rupere U\u0219or 100% reciclabil Fabricat din materiale reciclate<\/p>\n","protected":false},"excerpt":{"rendered":"<p>Acest ghiveci de flori durabil din colec\u021bia Capi Nature Groove NL este neutru din punct de vedere al emisiilor de CO2 \u0219i este fabricat din materiale reciclate. Interiorul portocaliu al ghiveciului este o aluzie la produc\u021bia olandez\u0103 \u0219i, de asemenea, un strat izolator care protejeaz\u0103 ghiveciul de \u00eenghe\u021b iarna \u0219i de c\u0103ldur\u0103 vara. Acest strat [&#8230;]<\/p>\n<p><a class=\"btn btn-secondary understrap-read-more-link\" href=\"https:\/\/gradinar.ro\/en\/produs\/vase-cylinder-groove-4446-black-gold\/\">Mai mult&#8230;<\/a><\/p>\n","protected":false},"featured_media":52269,"template":"","meta":[],"etheme_brands":[],"product_brand":[494],"product_cat":[286,302],"product_tag":[],"class_list":{"0":"post-52279","1":"product","2":"type-product","3":"status-publish","4":"has-post-thumbnail","6":"product_brand-capi-europe","7":"product_cat-ghivece-masti","8":"product_cat-masti","10":"first","11":"instock","12":"taxable","13":"shipping-taxable","14":"purchasable","15":"product-type-simple"},"_links":{"self":[{"href":"https:\/\/gradinar.ro\/en\/wp-json\/wp\/v2\/product\/52279","targetHints":{"allow":["GET"]}}],"collection":[{"href":"https:\/\/gradinar.ro\/en\/wp-json\/wp\/v2\/product"}],"about":[{"href":"https:\/\/gradinar.ro\/en\/wp-json\/wp\/v2\/types\/product"}],"wp:featuredmedia":[{"embeddable":true,"href":"https:\/\/gradinar.ro\/en\/wp-json\/wp\/v2\/media\/52269"}],"wp:attachment":[{"href":"https:\/\/gradinar.ro\/en\/wp-json\/wp\/v2\/media?parent=52279"}],"wp:term":[{"taxonomy":"brand","embeddable":true,"href":"https:\/\/gradinar.ro\/en\/wp-json\/wp\/v2\/etheme_brands?post=52279"},{"taxonomy":"product_brand","embeddable":true,"href":"https:\/\/gradinar.ro\/en\/wp-json\/wp\/v2\/product_brand?post=52279"},{"taxonomy":"product_cat","embeddable":true,"href":"https:\/\/gradinar.ro\/en\/wp-json\/wp\/v2\/product_cat?post=52279"},{"taxonomy":"product_tag","embeddable":true,"href":"https:\/\/gradinar.ro\/en\/wp-json\/wp\/v2\/product_tag?post=52279"}],"curies":[{"name":"wp","href":"https:\/\/api.w.org\/{rel}","templated":true}]}}