{"id":52368,"date":"2025-08-12T18:50:27","date_gmt":"2025-08-12T15:50:27","guid":{"rendered":"https:\/\/gradinar.ro\/produs\/set-10-ghivece-cu-gauri-pentru-orhidee-17-cm-transparente-cu-farfurii\/"},"modified":"2025-08-12T21:31:02","modified_gmt":"2025-08-12T18:31:02","slug":"set-10-ghivece-cu-gauri-pentru-orhidee-17-cm-transparente-cu-farfurii","status":"publish","type":"product","link":"https:\/\/gradinar.ro\/en\/produs\/set-10-ghivece-cu-gauri-pentru-orhidee-17-cm-transparente-cu-farfurii\/","title":{"rendered":"Set 10 Ghivece cu gauri pentru Orhidee 17 cm, transparente, cu farfurii"},"content":{"rendered":"<p>Setul nostru de 10 ghivece cu gauri pentru orhidee, cu un diametru de 17 cm, este solu\u021bia ideal\u0103 pentru iubitorii de plante. Aceste ghivece transparente nu doar c\u0103 aduc un plus estetic \u00een orice spa\u021biu, dar permit \u0219i o observare u\u0219oar\u0103 a r\u0103d\u0103cinilor plantelor, asigur\u00e2ndu-v\u0103 c\u0103 acestea se dezvolta s\u0103n\u0103tos. Fiecare ghiveci este dotat cu o farfurie, care ajut\u0103 la colectarea excesului de ap\u0103, prevenind astfel stagnarea acesteia \u0219i protej\u00e2nd suprafe\u021bele pe care sunt a\u0219ezate. Grija pentru detalii \u0219i materialele de calitate superioar\u0103 fac din acest set alegerea perfect\u0103 pentru cultivarea orhideelor, oferindu-le un mediu propice pentru dezvoltare. Limba ambalajului este rom\u00e2n\u0103, astfel \u00eenc\u00e2t toate informa\u021biile sunt accesibile \u0219i u\u0219or de \u00een\u021beles. Acest set este un must-have pentru fiecare pasionat de gr\u0103din\u0103rit, garant\u00e2nd o experien\u021b\u0103 pl\u0103cut\u0103 \u0219i de succes \u00een \u00eengrijirea plantelor dvs. preferate.<\/p>\n","protected":false},"excerpt":{"rendered":"<p>Setul nostru de 10 ghivece cu gauri pentru orhidee, cu un diametru de 17 cm, este solu\u021bia ideal\u0103 pentru iubitorii de plante. Aceste ghivece transparente nu doar c\u0103 aduc un plus estetic \u00een orice spa\u021biu, dar permit \u0219i o observare u\u0219oar\u0103 a r\u0103d\u0103cinilor plantelor, asigur\u00e2ndu-v\u0103 c\u0103 acestea se dezvolta s\u0103n\u0103tos. Fiecare ghiveci este dotat cu [&#8230;]<\/p>\n<p><a class=\"btn btn-secondary understrap-read-more-link\" href=\"https:\/\/gradinar.ro\/en\/produs\/set-10-ghivece-cu-gauri-pentru-orhidee-17-cm-transparente-cu-farfurii\/\">Mai mult&#8230;<\/a><\/p>\n","protected":false},"featured_media":52354,"template":"","meta":[],"etheme_brands":[],"product_brand":[500],"product_cat":[357,286],"product_tag":[],"class_list":{"0":"post-52368","1":"product","2":"type-product","3":"status-publish","4":"has-post-thumbnail","6":"product_brand-aleana","7":"product_cat-ghivece","8":"product_cat-ghivece-masti","10":"first","11":"instock","12":"taxable","13":"shipping-taxable","14":"purchasable","15":"product-type-simple"},"_links":{"self":[{"href":"https:\/\/gradinar.ro\/en\/wp-json\/wp\/v2\/product\/52368","targetHints":{"allow":["GET"]}}],"collection":[{"href":"https:\/\/gradinar.ro\/en\/wp-json\/wp\/v2\/product"}],"about":[{"href":"https:\/\/gradinar.ro\/en\/wp-json\/wp\/v2\/types\/product"}],"wp:featuredmedia":[{"embeddable":true,"href":"https:\/\/gradinar.ro\/en\/wp-json\/wp\/v2\/media\/52354"}],"wp:attachment":[{"href":"https:\/\/gradinar.ro\/en\/wp-json\/wp\/v2\/media?parent=52368"}],"wp:term":[{"taxonomy":"brand","embeddable":true,"href":"https:\/\/gradinar.ro\/en\/wp-json\/wp\/v2\/etheme_brands?post=52368"},{"taxonomy":"product_brand","embeddable":true,"href":"https:\/\/gradinar.ro\/en\/wp-json\/wp\/v2\/product_brand?post=52368"},{"taxonomy":"product_cat","embeddable":true,"href":"https:\/\/gradinar.ro\/en\/wp-json\/wp\/v2\/product_cat?post=52368"},{"taxonomy":"product_tag","embeddable":true,"href":"https:\/\/gradinar.ro\/en\/wp-json\/wp\/v2\/product_tag?post=52368"}],"curies":[{"name":"wp","href":"https:\/\/api.w.org\/{rel}","templated":true}]}}