{"id":52392,"date":"2025-08-12T18:50:43","date_gmt":"2025-08-12T15:50:43","guid":{"rendered":"https:\/\/gradinar.ro\/produs\/set-5-ghivece-cu-gauri-pentru-orhidee-17-cm-transparente-cu-farfurii\/"},"modified":"2025-08-12T21:31:09","modified_gmt":"2025-08-12T18:31:09","slug":"set-5-ghivece-cu-gauri-pentru-orhidee-17-cm-transparente-cu-farfurii","status":"publish","type":"product","link":"https:\/\/gradinar.ro\/en\/produs\/set-5-ghivece-cu-gauri-pentru-orhidee-17-cm-transparente-cu-farfurii\/","title":{"rendered":"Set 5 Ghivece cu gauri pentru Orhidee 17 cm, transparente, cu farfurii"},"content":{"rendered":"<p>Descoperi\u021bi setul nostru de 5 ghivece transparente pentru orhidee, cu un diametru de 17 cm, ideale pentru iubitorii de plante care doresc s\u0103 \u00eembine estetica cu func\u021bionalitatea. Aceste ghivece sunt dotate cu g\u0103uri de drenaj, asigur\u00e2nd o circula\u021bie adecvat\u0103 a aerului \u0219i prevenind acumularea excesiv\u0103 de ap\u0103, ceea ce contribuie la s\u0103n\u0103tatea plantelor dumneavoastr\u0103. Fiecare ghiveci este \u00eenso\u021bit de o farfurie elegant\u0103, care protejeaz\u0103 suprafe\u021bele de eventualele scurgeri de ap\u0103. Designul transparent v\u0103 permite s\u0103 observa\u021bi cu u\u0219urin\u021b\u0103 r\u0103d\u0103cinile orhideelor \u0219i s\u0103 monitoriza\u021bi umiditatea solului. Este alegerea perfect\u0103 pentru cultivarea orhideelor, aduc\u00e2nd un plus de stil \u0219i rafinament \u00een orice \u00eenc\u0103pere. Ideal pentru uzul casnic sau ca un cadou rafinat pentru pasiona\u021bii de plante.<\/p>\n","protected":false},"excerpt":{"rendered":"<p>Descoperi\u021bi setul nostru de 5 ghivece transparente pentru orhidee, cu un diametru de 17 cm, ideale pentru iubitorii de plante care doresc s\u0103 \u00eembine estetica cu func\u021bionalitatea. Aceste ghivece sunt dotate cu g\u0103uri de drenaj, asigur\u00e2nd o circula\u021bie adecvat\u0103 a aerului \u0219i prevenind acumularea excesiv\u0103 de ap\u0103, ceea ce contribuie la s\u0103n\u0103tatea plantelor dumneavoastr\u0103. Fiecare [&#8230;]<\/p>\n<p><a class=\"btn btn-secondary understrap-read-more-link\" href=\"https:\/\/gradinar.ro\/en\/produs\/set-5-ghivece-cu-gauri-pentru-orhidee-17-cm-transparente-cu-farfurii\/\">Mai mult&#8230;<\/a><\/p>\n","protected":false},"featured_media":52375,"template":"","meta":[],"etheme_brands":[],"product_brand":[500],"product_cat":[357,286],"product_tag":[],"class_list":{"0":"post-52392","1":"product","2":"type-product","3":"status-publish","4":"has-post-thumbnail","6":"product_brand-aleana","7":"product_cat-ghivece","8":"product_cat-ghivece-masti","10":"first","11":"instock","12":"taxable","13":"shipping-taxable","14":"purchasable","15":"product-type-simple"},"_links":{"self":[{"href":"https:\/\/gradinar.ro\/en\/wp-json\/wp\/v2\/product\/52392","targetHints":{"allow":["GET"]}}],"collection":[{"href":"https:\/\/gradinar.ro\/en\/wp-json\/wp\/v2\/product"}],"about":[{"href":"https:\/\/gradinar.ro\/en\/wp-json\/wp\/v2\/types\/product"}],"wp:featuredmedia":[{"embeddable":true,"href":"https:\/\/gradinar.ro\/en\/wp-json\/wp\/v2\/media\/52375"}],"wp:attachment":[{"href":"https:\/\/gradinar.ro\/en\/wp-json\/wp\/v2\/media?parent=52392"}],"wp:term":[{"taxonomy":"brand","embeddable":true,"href":"https:\/\/gradinar.ro\/en\/wp-json\/wp\/v2\/etheme_brands?post=52392"},{"taxonomy":"product_brand","embeddable":true,"href":"https:\/\/gradinar.ro\/en\/wp-json\/wp\/v2\/product_brand?post=52392"},{"taxonomy":"product_cat","embeddable":true,"href":"https:\/\/gradinar.ro\/en\/wp-json\/wp\/v2\/product_cat?post=52392"},{"taxonomy":"product_tag","embeddable":true,"href":"https:\/\/gradinar.ro\/en\/wp-json\/wp\/v2\/product_tag?post=52392"}],"curies":[{"name":"wp","href":"https:\/\/api.w.org\/{rel}","templated":true}]}}