{"id":52413,"date":"2025-08-12T18:51:00","date_gmt":"2025-08-12T15:51:00","guid":{"rendered":"https:\/\/gradinar.ro\/produs\/set-10-ghivece-cu-gauri-pentru-orhidee-14-cm-cu-farfurii-transparente\/"},"modified":"2025-08-12T21:31:13","modified_gmt":"2025-08-12T18:31:13","slug":"set-10-ghivece-cu-gauri-pentru-orhidee-14-cm-cu-farfurii-transparente","status":"publish","type":"product","link":"https:\/\/gradinar.ro\/en\/produs\/set-10-ghivece-cu-gauri-pentru-orhidee-14-cm-cu-farfurii-transparente\/","title":{"rendered":"Set 10 Ghivece cu gauri pentru Orhidee 14 cm cu farfurii, transparente"},"content":{"rendered":"<p>Setul de 10 ghivece cu gauri pentru orhidee, cu un diametru de 14 cm \u0219i farfurii transparente, este solu\u021bia perfect\u0103 pentru iubitorii de plante care doresc s\u0103 \u00ee\u0219i \u00eengrijasc\u0103 orhideele \u00eentr-un mod optim. Aceste ghivece sunt concepute special pentru a asigura o aerisire excelent\u0103 a r\u0103d\u0103cinilor, permi\u021b\u00e2nd astfel o dezvoltare s\u0103n\u0103toas\u0103 a plantelor. Materialul transparent faciliteaz\u0103 monitorizarea sistemului radicular, ajut\u00e2nd la prevenirea supraad\u0103ugarilor de ap\u0103. Dimensiunile generoase de 14 cm ofer\u0103 suficient spa\u021biu pentru cre\u0219terea orhideelor, iar farfuriile incluse protejeaz\u0103 suprafe\u021bele de eventualele scurgeri. Fie c\u0103 e\u0219ti un pasionat al gr\u0103din\u0103ritului sau un \u00eencep\u0103tor \u00een \u00eengrijirea orhideelor, acest set te va ajuta s\u0103 men\u021bii florile tale \u00eentr-o stare de s\u0103n\u0103tate optim\u0103. Ambalajul este \u00een limba rom\u00e2n\u0103, asigur\u00e2nd astfel o utilizare u\u0219oar\u0103 \u0219i intuitiv\u0103 a produsului. Transform\u0103-\u021bi casa \u00eentr-un spa\u021biu plin de frumuse\u021be \u0219i prospe\u021bime cu acest set de ghivece de calitate superioar\u0103.<\/p>\n","protected":false},"excerpt":{"rendered":"<p>Setul de 10 ghivece cu gauri pentru orhidee, cu un diametru de 14 cm \u0219i farfurii transparente, este solu\u021bia perfect\u0103 pentru iubitorii de plante care doresc s\u0103 \u00ee\u0219i \u00eengrijasc\u0103 orhideele \u00eentr-un mod optim. Aceste ghivece sunt concepute special pentru a asigura o aerisire excelent\u0103 a r\u0103d\u0103cinilor, permi\u021b\u00e2nd astfel o dezvoltare s\u0103n\u0103toas\u0103 a plantelor. Materialul transparent [&#8230;]<\/p>\n<p><a class=\"btn btn-secondary understrap-read-more-link\" href=\"https:\/\/gradinar.ro\/en\/produs\/set-10-ghivece-cu-gauri-pentru-orhidee-14-cm-cu-farfurii-transparente\/\">Mai mult&#8230;<\/a><\/p>\n","protected":false},"featured_media":52394,"template":"","meta":[],"etheme_brands":[],"product_brand":[500],"product_cat":[357,286],"product_tag":[],"class_list":{"0":"post-52413","1":"product","2":"type-product","3":"status-publish","4":"has-post-thumbnail","6":"product_brand-aleana","7":"product_cat-ghivece","8":"product_cat-ghivece-masti","10":"first","11":"instock","12":"taxable","13":"shipping-taxable","14":"purchasable","15":"product-type-simple"},"_links":{"self":[{"href":"https:\/\/gradinar.ro\/en\/wp-json\/wp\/v2\/product\/52413","targetHints":{"allow":["GET"]}}],"collection":[{"href":"https:\/\/gradinar.ro\/en\/wp-json\/wp\/v2\/product"}],"about":[{"href":"https:\/\/gradinar.ro\/en\/wp-json\/wp\/v2\/types\/product"}],"wp:featuredmedia":[{"embeddable":true,"href":"https:\/\/gradinar.ro\/en\/wp-json\/wp\/v2\/media\/52394"}],"wp:attachment":[{"href":"https:\/\/gradinar.ro\/en\/wp-json\/wp\/v2\/media?parent=52413"}],"wp:term":[{"taxonomy":"brand","embeddable":true,"href":"https:\/\/gradinar.ro\/en\/wp-json\/wp\/v2\/etheme_brands?post=52413"},{"taxonomy":"product_brand","embeddable":true,"href":"https:\/\/gradinar.ro\/en\/wp-json\/wp\/v2\/product_brand?post=52413"},{"taxonomy":"product_cat","embeddable":true,"href":"https:\/\/gradinar.ro\/en\/wp-json\/wp\/v2\/product_cat?post=52413"},{"taxonomy":"product_tag","embeddable":true,"href":"https:\/\/gradinar.ro\/en\/wp-json\/wp\/v2\/product_tag?post=52413"}],"curies":[{"name":"wp","href":"https:\/\/api.w.org\/{rel}","templated":true}]}}