{"id":52506,"date":"2025-08-12T18:55:12","date_gmt":"2025-08-12T15:55:12","guid":{"rendered":"https:\/\/gradinar.ro\/produs\/afumatoare-spiralata-pentru-gratar-cu-rumegus-din-lemn-cu-arome-mediteraneene-cu-fumigare-indelungata-legua\/"},"modified":"2025-08-12T21:32:11","modified_gmt":"2025-08-12T18:32:11","slug":"afumatoare-spiralata-pentru-gratar-cu-rumegus-din-lemn-cu-arome-mediteraneene-cu-fumigare-indelungata-legua","status":"publish","type":"product","link":"https:\/\/gradinar.ro\/en\/produs\/afumatoare-spiralata-pentru-gratar-cu-rumegus-din-lemn-cu-arome-mediteraneene-cu-fumigare-indelungata-legua\/","title":{"rendered":"Afumatoare spiralata pentru gratar cu rumegus din lemn cu arome mediteraneene, cu fumigare indelungata Legua"},"content":{"rendered":"<p>Afuma\u021bi-v\u0103 m\u00e2ncarea cu afum\u0103torul \u00een spiral\u0103 de la Legua!<\/p>\n<p>Afum\u0103torul \u00een spiral\u0103 de la Legua este instrumentul perfect pentru a transforma orice preparat culinar \u00eentr-o capodoper\u0103 gastronomic\u0103. Conceput pentru a oferi o afumare uniform\u0103 \u0219i de lung\u0103 durat\u0103, acest afum\u0103tor este ideal pentru a ad\u0103uga arome intense \u0219i complexe m\u00e2nc\u0103rurilor dumneavoastr\u0103.<\/p>\n<p>Afum\u0103torul \u00een spiral\u0103 este fabricat din materiale de \u00eenalt\u0103 calitate, asigur\u00e2nd durabilitate \u0219i performan\u021b\u0103 optim\u0103. Designul s\u0103u inovator permite o ardere lent\u0103 \u0219i controlat\u0103 a a\u0219chiilor de lemn, eliber\u00e2nd fum constant \u0219i aromat care p\u0103trunde \u00een alimente, oferindu-le un gust autentic \u0219i bogat.<\/p>\n<p>Indiferent dac\u0103 dori\u021bi s\u0103 afuma\u021bi carne ro\u0219ie, pe\u0219te, legume sau chiar br\u00e2nzeturi, afum\u0103torul \u00een spiral\u0103 de la Legua v\u0103 ofer\u0103 flexibilitatea \u0219i controlul de care ave\u021bi nevoie pentru a ob\u021bine rezultate perfecte de fiecare dat\u0103. Ad\u0103uga\u021bi a\u0219chii de lemn de portocal, stejar de holm sau quebracho pentru a experimenta o varietate de arome \u0219i combina\u021bii unice.<\/p>\n<p>Mod de utilizare:<\/p>\n<p>Umple\u021bi afum\u0103torul \u00een spiral\u0103 cu a\u0219chii de lemn de portocal, stejar de holm sau quebracho +Smoke.<br \/>\nAprinde\u021bi un cap\u0103t al spiralei \u0219i a\u0219eza\u021bi afum\u0103torul \u00een gr\u0103tar sau afum\u0103tor.<br \/>\nL\u0103sa\u021bi fumul s\u0103 \u00eenv\u0103luie alimentele \u0219i s\u0103 le confere arome deosebite.<\/p>\n<p>Cu afum\u0103torul \u00een spiral\u0103 de la Legua, fiecare mas\u0103 devine o experien\u021b\u0103 culinar\u0103 de neuitat. Permite\u021bi magiei fumului s\u0103 fac\u0103 restul!<\/p>\n","protected":false},"excerpt":{"rendered":"<p>Afum\u0103torul \u00een spiral\u0103 de la Legua este instrumentul perfect pentru a transforma orice preparat culinar \u00eentr-o capodoper\u0103 gastronomic\u0103. Conceput pentru a oferi o afumare uniform\u0103 \u0219i de lung\u0103 durat\u0103, acest afum\u0103tor este ideal pentru a ad\u0103uga arome intense \u0219i complexe m\u00e2nc\u0103rurilor dumneavoastr\u0103. [&#8230;]<\/p>\n<p><a class=\"btn btn-secondary understrap-read-more-link\" href=\"https:\/\/gradinar.ro\/en\/produs\/afumatoare-spiralata-pentru-gratar-cu-rumegus-din-lemn-cu-arome-mediteraneene-cu-fumigare-indelungata-legua\/\">Mai mult&#8230;<\/a><\/p>\n","protected":false},"featured_media":52496,"template":"","meta":[],"etheme_brands":[],"product_brand":[497],"product_cat":[319,289],"product_tag":[],"class_list":{"0":"post-52506","1":"product","2":"type-product","3":"status-publish","4":"has-post-thumbnail","6":"product_brand-legua","7":"product_cat-afumatori","8":"product_cat-bbq","10":"first","11":"instock","12":"taxable","13":"shipping-taxable","14":"purchasable","15":"product-type-simple"},"_links":{"self":[{"href":"https:\/\/gradinar.ro\/en\/wp-json\/wp\/v2\/product\/52506","targetHints":{"allow":["GET"]}}],"collection":[{"href":"https:\/\/gradinar.ro\/en\/wp-json\/wp\/v2\/product"}],"about":[{"href":"https:\/\/gradinar.ro\/en\/wp-json\/wp\/v2\/types\/product"}],"wp:featuredmedia":[{"embeddable":true,"href":"https:\/\/gradinar.ro\/en\/wp-json\/wp\/v2\/media\/52496"}],"wp:attachment":[{"href":"https:\/\/gradinar.ro\/en\/wp-json\/wp\/v2\/media?parent=52506"}],"wp:term":[{"taxonomy":"brand","embeddable":true,"href":"https:\/\/gradinar.ro\/en\/wp-json\/wp\/v2\/etheme_brands?post=52506"},{"taxonomy":"product_brand","embeddable":true,"href":"https:\/\/gradinar.ro\/en\/wp-json\/wp\/v2\/product_brand?post=52506"},{"taxonomy":"product_cat","embeddable":true,"href":"https:\/\/gradinar.ro\/en\/wp-json\/wp\/v2\/product_cat?post=52506"},{"taxonomy":"product_tag","embeddable":true,"href":"https:\/\/gradinar.ro\/en\/wp-json\/wp\/v2\/product_tag?post=52506"}],"curies":[{"name":"wp","href":"https:\/\/api.w.org\/{rel}","templated":true}]}}