{"id":52594,"date":"2025-08-12T18:57:20","date_gmt":"2025-08-12T15:57:20","guid":{"rendered":"https:\/\/gradinar.ro\/produs\/chipsuri-pentru-afumare-din-lemn-uscat-de-maslin-legua-la-punga-de-600-gr-pentru-aromatizarea-carnurilor-rosii\/"},"modified":"2025-08-12T21:32:39","modified_gmt":"2025-08-12T18:32:39","slug":"chipsuri-pentru-afumare-din-lemn-uscat-de-maslin-legua-la-punga-de-600-gr-pentru-aromatizarea-carnurilor-rosii","status":"publish","type":"product","link":"https:\/\/gradinar.ro\/en\/produs\/chipsuri-pentru-afumare-din-lemn-uscat-de-maslin-legua-la-punga-de-600-gr-pentru-aromatizarea-carnurilor-rosii\/","title":{"rendered":"Chipsuri pentru afumare din lemn uscat de Maslin Legua, la punga de 600 gr, pentru aromatizarea carnurilor rosii"},"content":{"rendered":"<p>Chipsuri pentru afumare din lemn uscat de Maslin, din curatarea si taierea maslinilor din domenii controlate din Spania. Fumul din aschii de masline este tipic bucatariei mediteraneene.<br \/>\nIndicat pentru cuptoarele pe carbune, gratare pe gaz sau poate fi folosit chiar si in cuptoarele conventionale. Modul de utilizare este simplu, aschii sunt umezite timp de aproximativ 20 de minute inainte de a fi utilizate si sunt asezate direct pe carbune sau intr-un afumator, astfel incat fumul din acest lemn sa patrunda in mancare. Recomandat pentru afumare: carne rosie, carne de vanat, peste gras si legume. Produs in Spania.<\/p>\n","protected":false},"excerpt":{"rendered":"<p>Chipsurile pentru afumare din lemn uscat de m\u0103slin Legua sunt solu\u021bia perfect\u0103 pentru cei care vizeaz\u0103 un gust autentic \u0219i rafinat \u00een preparatele culinare. Acest produs de \u00eenalt\u0103 calitate, provenit din cur\u0103\u021barea \u0219i t\u0103ierea m\u0103slinilor din planta\u021bii controlate din Spania, aduce un plus de savoare oric\u0103rui fel de m\u00e2ncare. Fumul generat de aceste a\u0219chii este specific buc\u0103t\u0103riei mediteraneene, oferind o arom\u0103 distinct\u0103 \u0219i un gust deosebit.<\/p>\n<p>Ideal pentru o gam\u0103 variat\u0103 de metode de g\u0103tire, inclusiv cuptoare cu c\u0103rbune, gr\u0103tare pe gaz sau cuptoare conven\u021bionale, chipsurile sunt extrem de versatile. Prepararea este simpl\u0103: umezi\u021bi a\u0219chiile timp de aproximativ 20 de minute \u00eenainte de utilizare \u0219i plasa\u021bi-le direct pe c\u0103rbune sau \u00eentr-un afum\u0103tor. Aceste a\u0219chii pot transforma preparatele din carne ro\u0219ie, carne de v\u00e2nat, pe\u0219te gras sau legume \u00eentr-o adev\u0103rat\u0103 delicates\u0103.<\/p>\n<p>Alege\u021bi chipsurile Legua pentru a ad\u0103uga o not\u0103 de elegan\u021b\u0103 \u0219i autenticitate meselor dumneavoastr\u0103, \u0219i bucura\u021bi-v\u0103 de fiecare moment petrecut \u00een jurul gr\u0103tarului sau al cuptorului, savur\u00e2nd aromele fiec\u0103rui preparat! [&#8230;]<\/p>\n<p><a class=\"btn btn-secondary understrap-read-more-link\" href=\"https:\/\/gradinar.ro\/en\/produs\/chipsuri-pentru-afumare-din-lemn-uscat-de-maslin-legua-la-punga-de-600-gr-pentru-aromatizarea-carnurilor-rosii\/\">Mai mult&#8230;<\/a><\/p>\n","protected":false},"featured_media":52584,"template":"","meta":[],"etheme_brands":[],"product_brand":[497],"product_cat":[319,289],"product_tag":[],"class_list":{"0":"post-52594","1":"product","2":"type-product","3":"status-publish","4":"has-post-thumbnail","6":"product_brand-legua","7":"product_cat-afumatori","8":"product_cat-bbq","10":"first","11":"instock","12":"taxable","13":"shipping-taxable","14":"purchasable","15":"product-type-simple"},"_links":{"self":[{"href":"https:\/\/gradinar.ro\/en\/wp-json\/wp\/v2\/product\/52594","targetHints":{"allow":["GET"]}}],"collection":[{"href":"https:\/\/gradinar.ro\/en\/wp-json\/wp\/v2\/product"}],"about":[{"href":"https:\/\/gradinar.ro\/en\/wp-json\/wp\/v2\/types\/product"}],"wp:featuredmedia":[{"embeddable":true,"href":"https:\/\/gradinar.ro\/en\/wp-json\/wp\/v2\/media\/52584"}],"wp:attachment":[{"href":"https:\/\/gradinar.ro\/en\/wp-json\/wp\/v2\/media?parent=52594"}],"wp:term":[{"taxonomy":"brand","embeddable":true,"href":"https:\/\/gradinar.ro\/en\/wp-json\/wp\/v2\/etheme_brands?post=52594"},{"taxonomy":"product_brand","embeddable":true,"href":"https:\/\/gradinar.ro\/en\/wp-json\/wp\/v2\/product_brand?post=52594"},{"taxonomy":"product_cat","embeddable":true,"href":"https:\/\/gradinar.ro\/en\/wp-json\/wp\/v2\/product_cat?post=52594"},{"taxonomy":"product_tag","embeddable":true,"href":"https:\/\/gradinar.ro\/en\/wp-json\/wp\/v2\/product_tag?post=52594"}],"curies":[{"name":"wp","href":"https:\/\/api.w.org\/{rel}","templated":true}]}}