{"id":52887,"date":"2025-08-12T19:25:10","date_gmt":"2025-08-12T16:25:10","guid":{"rendered":"https:\/\/gradinar.ro\/produs\/ghiveci-productie-9-cm-set-10-buc\/"},"modified":"2025-08-12T21:34:43","modified_gmt":"2025-08-12T18:34:43","slug":"ghiveci-productie-9-cm-set-10-buc","status":"publish","type":"product","link":"https:\/\/gradinar.ro\/en\/produs\/ghiveci-productie-9-cm-set-10-buc\/","title":{"rendered":"Ghiveci productie 9 cm, set 10 buc"},"content":{"rendered":"<p>Descoperi\u021bi setul nostru de ghivece de produc\u021bie de 9 cm, disponibil \u00een packuri de 10 buc\u0103\u021bi, perfect pentru orice pasionat de gr\u0103din\u0103rit! Aceste ghivece sunt ideale pentru semin\u021be, r\u0103saduri sau plante mici, oferind un mediu optim pentru dezvoltarea s\u0103n\u0103toas\u0103 a plantelor dumneavoastr\u0103. Fabricate din materiale de calitate, aceste ghivece sunt rezistente \u0219i durabile, asigur\u00e2nd o utilizare \u00eendelungat\u0103.<\/p>\n<p>Cu un design practic \u0219i u\u0219or de utilizat, ghivecele noastre v\u0103 permit s\u0103 gestiona\u021bi cu u\u0219urin\u021b\u0103 procesul de plantare \u0219i \u00eengrijire a plantelor. Fie c\u0103 sunte\u021bi \u00eencep\u0103tor sau expert \u00een gr\u0103din\u0103rit, acest set este perfect pentru orice proiect de gr\u0103din\u0103rit. Dimensiunea de 9 cm este ideal\u0103 pentru a oferi suficient spa\u021biu r\u0103d\u0103cinilor plantelor, \u00eencuraj\u00e2nd astfel o dezvoltare vigorant\u0103 \u0219i s\u0103n\u0103toas\u0103.<\/p>\n<p>Alege\u021bi ghivecele noastre de produc\u021bie \u0219i transforma\u021bi-v\u0103 pasiunea pentru plante \u00eentr-o realitate vibrant\u0103! Fie c\u0103 dori\u021bi s\u0103 amenaja\u021bi un col\u021b verde \u00een interior sau s\u0103 preg\u0103ti\u021bi r\u0103sadurile pentru gr\u0103dina de var\u0103, acest set de 10 ghivece v\u0103 va oferi tot ce ave\u021bi nevoie pentru a da via\u021b\u0103 viselor dumneavoastr\u0103 botanice. Nu rata\u021bi ocazia de a v\u0103 extinde colec\u021bia de plante cu ajutorul acestor ghivece practice \u0219i elegante!<\/p>\n","protected":false},"excerpt":{"rendered":"<p>Descoperi\u021bi setul nostru de ghivece de produc\u021bie de 9 cm, disponibil \u00een packuri de 10 buc\u0103\u021bi, perfect pentru orice pasionat de gr\u0103din\u0103rit! Aceste ghivece sunt ideale pentru semin\u021be, r\u0103saduri sau plante mici, oferind un mediu optim pentru dezvoltarea s\u0103n\u0103toas\u0103 a plantelor dumneavoastr\u0103. Fabricate din materiale de calitate, aceste ghivece sunt rezistente \u0219i durabile, asigur\u00e2nd o [&#8230;]<\/p>\n<p><a class=\"btn btn-secondary understrap-read-more-link\" href=\"https:\/\/gradinar.ro\/en\/produs\/ghiveci-productie-9-cm-set-10-buc\/\">Mai mult&#8230;<\/a><\/p>\n","protected":false},"featured_media":52883,"template":"","meta":[],"etheme_brands":[],"product_brand":[480],"product_cat":[304,286],"product_tag":[],"class_list":{"0":"post-52887","1":"product","2":"type-product","3":"status-publish","4":"has-post-thumbnail","6":"product_brand-mg","7":"product_cat-ghivece-productie","8":"product_cat-ghivece-masti","10":"first","11":"instock","12":"taxable","13":"shipping-taxable","14":"purchasable","15":"product-type-simple"},"_links":{"self":[{"href":"https:\/\/gradinar.ro\/en\/wp-json\/wp\/v2\/product\/52887","targetHints":{"allow":["GET"]}}],"collection":[{"href":"https:\/\/gradinar.ro\/en\/wp-json\/wp\/v2\/product"}],"about":[{"href":"https:\/\/gradinar.ro\/en\/wp-json\/wp\/v2\/types\/product"}],"wp:featuredmedia":[{"embeddable":true,"href":"https:\/\/gradinar.ro\/en\/wp-json\/wp\/v2\/media\/52883"}],"wp:attachment":[{"href":"https:\/\/gradinar.ro\/en\/wp-json\/wp\/v2\/media?parent=52887"}],"wp:term":[{"taxonomy":"brand","embeddable":true,"href":"https:\/\/gradinar.ro\/en\/wp-json\/wp\/v2\/etheme_brands?post=52887"},{"taxonomy":"product_brand","embeddable":true,"href":"https:\/\/gradinar.ro\/en\/wp-json\/wp\/v2\/product_brand?post=52887"},{"taxonomy":"product_cat","embeddable":true,"href":"https:\/\/gradinar.ro\/en\/wp-json\/wp\/v2\/product_cat?post=52887"},{"taxonomy":"product_tag","embeddable":true,"href":"https:\/\/gradinar.ro\/en\/wp-json\/wp\/v2\/product_tag?post=52887"}],"curies":[{"name":"wp","href":"https:\/\/api.w.org\/{rel}","templated":true}]}}