{"id":52972,"date":"2025-08-12T19:29:28","date_gmt":"2025-08-12T16:29:28","guid":{"rendered":"https:\/\/gradinar.ro\/produs\/substrat-din-turba-de-cocos-dr-soil-tableta-comprimata-1l-dupa-expandare\/"},"modified":"2026-01-21T13:45:22","modified_gmt":"2026-01-21T11:45:22","slug":"substrat-din-turba-de-cocos-dr-soil-tableta-comprimata-1l-dupa-expandare","status":"publish","type":"product","link":"https:\/\/gradinar.ro\/en\/produs\/substrat-din-turba-de-cocos-dr-soil-tableta-comprimata-1l-dupa-expandare\/","title":{"rendered":"Substrat din turb\u0103 de cocos Dr.Soil, tablet\u0103 comprimat\u0103 &#8211; 1L dup\u0103 expandare"},"content":{"rendered":"<p>Tabletele comprimate din turb\u0103 de cocos Dr.Soil are capacit\u0103\u021bi excep\u021bionale de reten\u021bie a apei iar granula\u021bia face ca substratul rezultat s\u0103 fie foarte aerat, ideal pentru dezvoltarea microcapilarit\u0103\u021bilor.<\/p>\n<p>Caracteristici:<br \/>\n&#8211; re\u021bine foarte bine apa<br \/>\n&#8211; structur\u0103 aerisit\u0103<br \/>\n&#8211; se poate folosi ca atare sau \u00een amestecuri pentru diverse plante<\/p>\n<p>100% f\u0103r\u0103 turb\u0103<br \/>\n100% biodegradabil<br \/>\n100% sustenabil<br \/>\n100% ecologic<br \/>\n100% compostabil<\/p>\n<p>Mod de utilizare:<br \/>\n1.\tSe \u00eendep\u0103rteaz\u0103 ambalajul comercial \u0219i se desface u\u0219or punga transparent\u0103 \u00een care se afl\u0103 pastila de substrat de cocos.<br \/>\n2.\t\u00cen punga preformat\u0103 care con\u021bine pastila de substrat de cocos, uda\u021bi p\u00e2n\u0103 substratul se expandeaz\u0103.<br \/>\nRecomand\u0103ri:<br \/>\nSe recomand\u0103 folosirea la exterior. A se evita supraudarea. Punga de substrat \u00ee\u0219i p\u0103streaz\u0103 integritatea pentru p\u00e2n\u0103 la 4 luni. \u00cen cazul utiliz\u0103rii pentru germinare, plasa\u021bi \u00een zone \u00eensorite, la temperatura camerei.<br \/>\nDepozitare: ferit de intemperii, protejat de uscare. Nu expune\u021bi la lumina direct\u0103 a Soarelui.<\/p>\n<p>Compozitie: 100% nuc\u0103 de cocos<\/p>\n<p>pH: 5,1<br \/>\nConductivitate electric\u0103: 1,0 g\/l (KCI)<br \/>\nGreutate\/L: 60gr (+\/- 10%)<br \/>\nVolum: 1L (dup\u0103 ad\u0103ugarea a cca. 350ml ap\u0103)<br \/>\nNutrien\u021bi solubili:<br \/>\nAzot (N): 130ml\/l, P2O5 &#8211; 100mg\/l, K2O &#8211; 700mg\/l, Mg &#8211; 75mg\/l<\/p>\n","protected":false},"excerpt":{"rendered":"<p>&#8211; 100% f\u0103r\u0103 turb\u0103, 100% compostabil<br \/>\n&#8211; 100% biodegradabil, 100% sustenabil, 100% ecologic<br \/>\n&#8211; re\u021bine foarte bine apa<br \/>\n&#8211; structur\u0103 aerisit\u0103<br \/>\n&#8211; se poate folosi ca atare sau \u00een amestecuri pentru diverse plante [&#8230;]<\/p>\n<p><a class=\"btn btn-secondary understrap-read-more-link\" href=\"https:\/\/gradinar.ro\/en\/produs\/substrat-din-turba-de-cocos-dr-soil-tableta-comprimata-1l-dupa-expandare\/\">Mai mult&#8230;<\/a><\/p>\n","protected":false},"featured_media":52954,"template":"","meta":[],"etheme_brands":[],"product_brand":[478],"product_cat":[284,296],"product_tag":[],"class_list":{"0":"post-52972","1":"product","2":"type-product","3":"status-publish","4":"has-post-thumbnail","6":"product_brand-dr-soil","7":"product_cat-pamanturi","8":"product_cat-pentru-ghivece","10":"first","11":"instock","12":"taxable","13":"shipping-taxable","14":"purchasable","15":"product-type-simple"},"_links":{"self":[{"href":"https:\/\/gradinar.ro\/en\/wp-json\/wp\/v2\/product\/52972","targetHints":{"allow":["GET"]}}],"collection":[{"href":"https:\/\/gradinar.ro\/en\/wp-json\/wp\/v2\/product"}],"about":[{"href":"https:\/\/gradinar.ro\/en\/wp-json\/wp\/v2\/types\/product"}],"wp:featuredmedia":[{"embeddable":true,"href":"https:\/\/gradinar.ro\/en\/wp-json\/wp\/v2\/media\/52954"}],"wp:attachment":[{"href":"https:\/\/gradinar.ro\/en\/wp-json\/wp\/v2\/media?parent=52972"}],"wp:term":[{"taxonomy":"brand","embeddable":true,"href":"https:\/\/gradinar.ro\/en\/wp-json\/wp\/v2\/etheme_brands?post=52972"},{"taxonomy":"product_brand","embeddable":true,"href":"https:\/\/gradinar.ro\/en\/wp-json\/wp\/v2\/product_brand?post=52972"},{"taxonomy":"product_cat","embeddable":true,"href":"https:\/\/gradinar.ro\/en\/wp-json\/wp\/v2\/product_cat?post=52972"},{"taxonomy":"product_tag","embeddable":true,"href":"https:\/\/gradinar.ro\/en\/wp-json\/wp\/v2\/product_tag?post=52972"}],"curies":[{"name":"wp","href":"https:\/\/api.w.org\/{rel}","templated":true}]}}