{"id":53050,"date":"2025-08-12T19:35:21","date_gmt":"2025-08-12T16:35:21","guid":{"rendered":"https:\/\/gradinar.ro\/produs\/scoarta-de-pin-mediteranean-suport-pentru-mini-orhidee-bucata-mare-cu-sphagnum-decomprimat\/"},"modified":"2025-08-12T21:35:51","modified_gmt":"2025-08-12T18:35:51","slug":"scoarta-de-pin-mediteranean-suport-pentru-mini-orhidee-bucata-mare-cu-sphagnum-decomprimat","status":"publish","type":"product","link":"https:\/\/gradinar.ro\/en\/produs\/scoarta-de-pin-mediteranean-suport-pentru-mini-orhidee-bucata-mare-cu-sphagnum-decomprimat\/","title":{"rendered":"Scoarta de pin mediteranean suport pentru mini-orhidee (bucata mare) cu sphagnum decomprimat"},"content":{"rendered":"<p>\u00cembog\u0103\u021bi\u021bi-v\u0103 spa\u021biul verde cu Setul pentru mini-orhidee, perfect conceput pentru a oferi \u00eengrijirea de care au nevoie aceste plante delicate. Acest set con\u021bine o pies\u0103 de scoar\u021b\u0103 decorativ\u0103 ce aduce un plus de frumuse\u021be \u0219i naturale\u021be, \u00eempreun\u0103 cu sphagnum de cea mai bun\u0103 calitate. Fie c\u0103 sunte\u021bi un pasionat de gr\u0103din\u0103rit sau un \u00eencep\u0103tor, acest set este alegerea ideal\u0103 pentru a v\u0103 bucura de orhidee s\u0103n\u0103toase \u0219i viguroase.<\/p>\n<p>Scoar\u021ba decorativ\u0103 nu doar c\u0103 \u00eembun\u0103t\u0103\u021be\u0219te aspectul estetic al plantelor, dar ofer\u0103 \u0219i un mediu stabil pentru r\u0103d\u0103cinile mini-orhideelor. Prin utilizarea sphagnum-ului, ve\u021bi asigura un nivel optim de umiditate, esen\u021bial pentru dezvoltarea s\u0103n\u0103toas\u0103 a orhideelor. Produsul este u\u0219or de utilizat \u0219i se potrive\u0219te perfect \u00een orice decor, aduc\u00e2nd un strop de natur\u0103 \u00een casa dumneavoastr\u0103.<\/p>\n<p>Alege\u021bi acest set pentru a transforma col\u021bul dumneavoastr\u0103 verde \u00eentr-o oaz\u0103 de frumuse\u021be \u0219i relaxare. Pe l\u00e2ng\u0103 furnizarea tuturor elementelor necesare, acest set este o alegere responsabil\u0103 pentru cei care iubesc plantele. Face\u021bi primul pas spre un mediu mai verde \u0219i mai plin de via\u021b\u0103 cu Setul pentru mini-orhidee \u2013 un partener de n\u0103dejde \u00een \u00eengrijirea plantelor dumneavoastr\u0103.<\/p>\n","protected":false},"excerpt":{"rendered":"<p>\u00cembog\u0103\u021bi\u021bi-v\u0103 spa\u021biul verde cu Setul pentru mini-orhidee, perfect conceput pentru a oferi \u00eengrijirea de care au nevoie aceste plante delicate. Acest set con\u021bine o pies\u0103 de scoar\u021b\u0103 decorativ\u0103 ce aduce un plus de frumuse\u021be \u0219i naturale\u021be, \u00eempreun\u0103 cu sphagnum de cea mai bun\u0103 calitate. Fie c\u0103 sunte\u021bi un pasionat de gr\u0103din\u0103rit sau un \u00eencep\u0103tor, acest [&#8230;]<\/p>\n<p><a class=\"btn btn-secondary understrap-read-more-link\" href=\"https:\/\/gradinar.ro\/en\/produs\/scoarta-de-pin-mediteranean-suport-pentru-mini-orhidee-bucata-mare-cu-sphagnum-decomprimat\/\">Mai mult&#8230;<\/a><\/p>\n","protected":false},"featured_media":53048,"template":"","meta":[],"etheme_brands":[],"product_brand":[503],"product_cat":[363,364],"product_tag":[],"class_list":{"0":"post-53050","1":"product","2":"type-product","3":"status-publish","4":"has-post-thumbnail","6":"product_brand-green-project","7":"product_cat-accesorii","8":"product_cat-scoarta-de-pin","10":"first","11":"instock","12":"taxable","13":"shipping-taxable","14":"purchasable","15":"product-type-simple"},"_links":{"self":[{"href":"https:\/\/gradinar.ro\/en\/wp-json\/wp\/v2\/product\/53050","targetHints":{"allow":["GET"]}}],"collection":[{"href":"https:\/\/gradinar.ro\/en\/wp-json\/wp\/v2\/product"}],"about":[{"href":"https:\/\/gradinar.ro\/en\/wp-json\/wp\/v2\/types\/product"}],"wp:featuredmedia":[{"embeddable":true,"href":"https:\/\/gradinar.ro\/en\/wp-json\/wp\/v2\/media\/53048"}],"wp:attachment":[{"href":"https:\/\/gradinar.ro\/en\/wp-json\/wp\/v2\/media?parent=53050"}],"wp:term":[{"taxonomy":"brand","embeddable":true,"href":"https:\/\/gradinar.ro\/en\/wp-json\/wp\/v2\/etheme_brands?post=53050"},{"taxonomy":"product_brand","embeddable":true,"href":"https:\/\/gradinar.ro\/en\/wp-json\/wp\/v2\/product_brand?post=53050"},{"taxonomy":"product_cat","embeddable":true,"href":"https:\/\/gradinar.ro\/en\/wp-json\/wp\/v2\/product_cat?post=53050"},{"taxonomy":"product_tag","embeddable":true,"href":"https:\/\/gradinar.ro\/en\/wp-json\/wp\/v2\/product_tag?post=53050"}],"curies":[{"name":"wp","href":"https:\/\/api.w.org\/{rel}","templated":true}]}}