{"id":54206,"date":"2025-09-02T17:04:20","date_gmt":"2025-09-02T14:04:20","guid":{"rendered":"https:\/\/gradinar.ro\/produs\/ghiveci-ceramic-emilia-16cm-culoarea-natur\/"},"modified":"2025-09-02T17:28:10","modified_gmt":"2025-09-02T14:28:10","slug":"ghiveci-ceramic-emilia-16cm-culoarea-natur","status":"publish","type":"product","link":"https:\/\/gradinar.ro\/en\/produs\/ghiveci-ceramic-emilia-16cm-culoarea-natur\/","title":{"rendered":"Ghiveci ceramic Emilia 16cm, culoarea natur"},"content":{"rendered":"<p>Ghivece Artevasi \u201eEm\u00edlia\u201d \u2013 Elegant \u0219i durabil<\/p>\n<p>Fabricate artizanal \u00een Portugalia din teracot\u0103 natural\u0103, ghivecele Em\u00edlia combin\u0103 frumuse\u021bea rotunjit\u0103 \u0219i liniile moi cu o estetic\u0103 simpl\u0103 \u0219i atemporal\u0103. Disponibile \u00eentr-o gam\u0103 larg\u0103 de dimensiuni \u0219i nuan\u021be terestre, acestea aduc o armonie clar\u0103 \u0219i primitoare \u00een orice spa\u021biu \u2013 fie interior (cu farfurioar\u0103) sau exterior.<\/p>\n<p>Datorit\u0103 structurii poroase, cu orificiu de drenaj, \u0219i capacit\u0103\u021bii de a rezista la \u00eenghe\u021b, vasele Em\u00edlia sunt concepute s\u0103 sus\u021bin\u0103 s\u0103n\u0103tatea plantelor pe termen lung, oferindu-le spa\u021biu de respirare \u0219i protec\u021bie natural\u0103. Sunt, de asemenea, complet reciclabile \u0219i ecologice  \ufffc.<\/p>\n<p>\u2e3b<\/p>\n<p>? Dimensiuni disponibile (\u00d8 \u00d7 H):<br \/>\n\t\u2022\t13\u202fcm \u00d7 10\u202fcm<br \/>\n\t\u2022\t16\u202fcm \u00d7 12,1\u202fcm<br \/>\n\t\u2022\t17\u202fcm \u00d7 14\u202fcm<br \/>\n\t\u2022\t20\u202fcm \u00d7 15,8\u202fcm<br \/>\n\t\u2022\t22\u202fcm \u00d7 19,5\u202fcm<br \/>\n\t\u2022\t26\u202fcm \u00d7 21,4\u202fcm<br \/>\n\t\u2022\t29\u202fcm \u00d7 23,3\u202fcm<br \/>\n\t\u2022\t32\u202fcm \u00d7 27,2\u202fcm<br \/>\n\t\u2022\t36\u202fcm \u00d7 31,2\u202fcm<br \/>\n\t\u2022\t41\u202fcm \u00d7 35,4\u202fcm<br \/>\n\t\u2022\t52\u202fcm \u00d7 44,8\u202fcm<br \/>\n\t\u2022\t61\u202fcm \u00d7 52,6\u202fcm  \ufffc \ufffc<\/p>\n<p>\u2e3b<\/p>\n<p>\u26a1 Avantaje cheie:<br \/>\n\t\u2022\tDesign atemporal \u2013 potrivit at\u00e2t pentru interior, c\u00e2t \u0219i pentru teras\u0103 sau gr\u0103din\u0103.<br \/>\n\t\u2022\tMaterial natural, rezistent la temperaturi sc\u0103zute.<br \/>\n\t\u2022\tPermeabilitate optim\u0103 pentru r\u0103d\u0103cini, ajut\u00e2nd la s\u0103n\u0103tatea plantelor.<br \/>\n\t\u2022\tOrificiu de drenaj \u0219i posibilit\u0103\u021bi de reciclare, \u00een ton cu filozofia eco a brandului.<\/p>\n","protected":false},"excerpt":{"rendered":"<p>Ghivece Artevasi \u201eEm\u00edlia\u201d \u2013 Elegant \u0219i durabil Fabricate artizanal \u00een Portugalia din teracot\u0103 natural\u0103, ghivecele Em\u00edlia combin\u0103 frumuse\u021bea rotunjit\u0103 \u0219i liniile moi cu o estetic\u0103 simpl\u0103 \u0219i atemporal\u0103. Disponibile \u00eentr-o gam\u0103 larg\u0103 de dimensiuni \u0219i nuan\u021be terestre, acestea aduc o armonie clar\u0103 \u0219i primitoare \u00een orice spa\u021biu \u2013 fie interior (cu farfurioar\u0103) sau exterior. Datorit\u0103 [&#8230;]<\/p>\n<p><a class=\"btn btn-secondary understrap-read-more-link\" href=\"https:\/\/gradinar.ro\/en\/produs\/ghiveci-ceramic-emilia-16cm-culoarea-natur\/\">Mai mult&#8230;<\/a><\/p>\n","protected":false},"featured_media":54191,"template":"","meta":[],"etheme_brands":[],"product_brand":[495],"product_cat":[357,286],"product_tag":[],"class_list":{"0":"post-54206","1":"product","2":"type-product","3":"status-publish","4":"has-post-thumbnail","6":"product_brand-artevasi","7":"product_cat-ghivece","8":"product_cat-ghivece-masti","10":"first","11":"instock","12":"taxable","13":"shipping-taxable","14":"purchasable","15":"product-type-simple"},"_links":{"self":[{"href":"https:\/\/gradinar.ro\/en\/wp-json\/wp\/v2\/product\/54206","targetHints":{"allow":["GET"]}}],"collection":[{"href":"https:\/\/gradinar.ro\/en\/wp-json\/wp\/v2\/product"}],"about":[{"href":"https:\/\/gradinar.ro\/en\/wp-json\/wp\/v2\/types\/product"}],"wp:featuredmedia":[{"embeddable":true,"href":"https:\/\/gradinar.ro\/en\/wp-json\/wp\/v2\/media\/54191"}],"wp:attachment":[{"href":"https:\/\/gradinar.ro\/en\/wp-json\/wp\/v2\/media?parent=54206"}],"wp:term":[{"taxonomy":"brand","embeddable":true,"href":"https:\/\/gradinar.ro\/en\/wp-json\/wp\/v2\/etheme_brands?post=54206"},{"taxonomy":"product_brand","embeddable":true,"href":"https:\/\/gradinar.ro\/en\/wp-json\/wp\/v2\/product_brand?post=54206"},{"taxonomy":"product_cat","embeddable":true,"href":"https:\/\/gradinar.ro\/en\/wp-json\/wp\/v2\/product_cat?post=54206"},{"taxonomy":"product_tag","embeddable":true,"href":"https:\/\/gradinar.ro\/en\/wp-json\/wp\/v2\/product_tag?post=54206"}],"curies":[{"name":"wp","href":"https:\/\/api.w.org\/{rel}","templated":true}]}}