{"id":55155,"date":"2025-09-02T18:07:07","date_gmt":"2025-09-02T15:07:07","guid":{"rendered":"https:\/\/gradinar.ro\/produs\/casoleta-din-sticla-blumen-pentru-germinare-micro-plante-si-germeni-13-cm-diametrul\/"},"modified":"2025-09-02T21:24:36","modified_gmt":"2025-09-02T18:24:36","slug":"casoleta-din-sticla-blumen-pentru-germinare-micro-plante-si-germeni-13-cm-diametrul","status":"publish","type":"product","link":"https:\/\/gradinar.ro\/en\/produs\/casoleta-din-sticla-blumen-pentru-germinare-micro-plante-si-germeni-13-cm-diametrul\/","title":{"rendered":"Casoleta din sticla Blumen pentru germinare micro-plante si germeni, 13 cm diametrul"},"content":{"rendered":"<p>Borcan de sticl\u0103 pentru germinare<\/p>\n<p>Borcan de germinare estetic pentru cultivarea u\u0219oar\u0103 a cresonului, rucola, napi, ridichi, gr\u00e2u \u0219i microgreens.<\/p>\n<p>Dimensiuni:<\/p>\n<p>13 cm diametru<\/p>\n<p>6,5 cm \u00een\u0103l\u021bime<\/p>\n<p>capacitate 720 ml<\/p>\n<p>Microgreens con\u021bin de 4 p\u00e2n\u0103 la 40 de ori mai mul\u021bi nutrien\u021bi dec\u00e2t plantele adulte \u0219i sunt bogate \u00een vitaminele K, C \u0219i E, lutein\u0103 \u0219i betacaroten.<\/p>\n<p>Cea mai intens\u0103 arom\u0103 se ob\u021bine din microsalat\u0103. Acestea au o gam\u0103 larg\u0103 de utiliz\u0103ri.<\/p>\n<p>Pentru a cultiva microsalate, tot ce v\u0103 trebuie este ap\u0103 \u0219i un ghiveci special cu un capac cu filtru!<\/p>\n<p>UTILIZARE:<\/p>\n<p>Preparare. Turna\u021bi cu grij\u0103 ap\u0103 deasupra. Umple\u021bi vasul cu ap\u0103 \u0219i a\u0219eza\u021bi filtrul deasupra. A\u0219eza\u021bi filtrul pe fundul vasului \u0219i pune\u021bi semin\u021bele pe filtru. Acest lucru ajut\u0103 semin\u021bele s\u0103 germineze uniform. L\u0103sa\u021bi-le s\u0103 se \u00eenmoaie timp de aproximativ 12 ore.<\/p>\n<p><\/p>\n<p>Germinare. \u00cen prima \u0219i a doua zi, cl\u0103ti\u021bi cu grij\u0103 semin\u021bele de sus sub jet de ap\u0103 curent\u0103 \u0219i schimba\u021bi apa din recipient de dou\u0103 ori pe zi. R\u0103d\u0103cinile se vor dezvolta rapid, deoarece caut\u0103 ap\u0103 prin gril\u0103 pentru a hr\u0103ni r\u0103sadurile. A\u0219eza\u021bi ghiveciul \u00eentr-un loc luminos.<\/p>\n<p><\/p>\n<p>\u00cen func\u021bie de soi, salata poate fi consumat\u0103 dup\u0103 4-8 zile. Gustul poate varia \u00een func\u021bie de durata de cultivare \u0219i de m\u0103rimea l\u0103starilor. L\u0103starii pot fi folosi\u021bi pentru a garnisi salate, br\u00e2nz\u0103 proasp\u0103t\u0103 \u0219i cartofi. Sunt ideali pentru aportul zilnic de vitamine \u0219i minerale esen\u021biale. Ace\u0219tia contribuie la o diet\u0103 s\u0103n\u0103toas\u0103 \u0219i echilibrat\u0103. C\u00e2nd apar primele frunze adev\u0103rate, acestea pot fi t\u0103iate cu foarfeca \u0219i, dup\u0103 ce se cl\u0103tesc, sunt gata de consum.<\/p>\n<p>&#8211; Se poate sp\u0103la \u00een ma\u0219ina de sp\u0103lat vase<\/p>\n","protected":false},"excerpt":{"rendered":"<p>Borcan de sticl\u0103 pentru germinare Borcan de germinare estetic pentru cultivarea u\u0219oar\u0103 a cresonului, rucola, napi, ridichi, gr\u00e2u \u0219i microgreens. Dimensiuni: 13 cm diametru 6,5 cm \u00een\u0103l\u021bime capacitate 720 ml Microgreens con\u021bin de 4 p\u00e2n\u0103 la 40 de ori mai mul\u021bi nutrien\u021bi dec\u00e2t plantele adulte \u0219i sunt bogate \u00een vitaminele K, C \u0219i E, lutein\u0103 [&#8230;]<\/p>\n<p><a class=\"btn btn-secondary understrap-read-more-link\" href=\"https:\/\/gradinar.ro\/en\/produs\/casoleta-din-sticla-blumen-pentru-germinare-micro-plante-si-germeni-13-cm-diametrul\/\">Mai mult&#8230;<\/a><\/p>\n","protected":false},"featured_media":55153,"template":"","meta":[],"etheme_brands":[],"product_brand":[496],"product_cat":[505],"product_tag":[],"class_list":{"0":"post-55155","1":"product","2":"type-product","3":"status-publish","4":"has-post-thumbnail","6":"product_brand-blumen","7":"product_cat-idei-cadouri","9":"first","10":"instock","11":"taxable","12":"shipping-taxable","13":"purchasable","14":"product-type-simple"},"_links":{"self":[{"href":"https:\/\/gradinar.ro\/en\/wp-json\/wp\/v2\/product\/55155","targetHints":{"allow":["GET"]}}],"collection":[{"href":"https:\/\/gradinar.ro\/en\/wp-json\/wp\/v2\/product"}],"about":[{"href":"https:\/\/gradinar.ro\/en\/wp-json\/wp\/v2\/types\/product"}],"wp:featuredmedia":[{"embeddable":true,"href":"https:\/\/gradinar.ro\/en\/wp-json\/wp\/v2\/media\/55153"}],"wp:attachment":[{"href":"https:\/\/gradinar.ro\/en\/wp-json\/wp\/v2\/media?parent=55155"}],"wp:term":[{"taxonomy":"brand","embeddable":true,"href":"https:\/\/gradinar.ro\/en\/wp-json\/wp\/v2\/etheme_brands?post=55155"},{"taxonomy":"product_brand","embeddable":true,"href":"https:\/\/gradinar.ro\/en\/wp-json\/wp\/v2\/product_brand?post=55155"},{"taxonomy":"product_cat","embeddable":true,"href":"https:\/\/gradinar.ro\/en\/wp-json\/wp\/v2\/product_cat?post=55155"},{"taxonomy":"product_tag","embeddable":true,"href":"https:\/\/gradinar.ro\/en\/wp-json\/wp\/v2\/product_tag?post=55155"}],"curies":[{"name":"wp","href":"https:\/\/api.w.org\/{rel}","templated":true}]}}