{"id":56201,"date":"2025-09-02T18:46:32","date_gmt":"2025-09-02T15:46:32","guid":{"rendered":"https:\/\/gradinar.ro\/produs\/rasadnita-green-basics-grow-set-m-din-plastic-reciclat-cu-vas-de-propagare-farfurie-si-clopot-care-imita-efectul-de-sera-culoarea-living-black\/"},"modified":"2025-09-02T21:34:45","modified_gmt":"2025-09-02T18:34:45","slug":"rasadnita-green-basics-grow-set-m-din-plastic-reciclat-cu-vas-de-propagare-farfurie-si-clopot-care-imita-efectul-de-sera-culoarea-living-black","status":"publish","type":"product","link":"https:\/\/gradinar.ro\/en\/produs\/rasadnita-green-basics-grow-set-m-din-plastic-reciclat-cu-vas-de-propagare-farfurie-si-clopot-care-imita-efectul-de-sera-culoarea-living-black\/","title":{"rendered":"Rasadnita Green Basics Grow Set M, din plastic reciclat, cu vas de propagare, farfurie si clopot care imita efectul de sera, culoarea living black"},"content":{"rendered":"<p>Green Basics Grow Kit Allin1 40cm de la elho este un set complet destinat cultiv\u0103rii plantelor \u00een interior, ideal pentru gr\u0103dinarii amatori \u0219i profesioni\u0219ti care doresc s\u0103 \u00ee\u0219i \u00eenceap\u0103 propria cultur\u0103 de legume, ierburi aromatice sau flori. Fabricat din plastic 100% reciclat \u0219i produs cu ajutorul energiei eoliene, acest kit reflect\u0103 angajamentul elho fa\u021b\u0103 de sustenabilitate \u0219i protec\u021bia mediului. <\/p>\n<p>Caracteristici principale:<br \/>\nSer\u0103 inclus\u0103: Kitul include o ser\u0103 Green Basics care stimuleaz\u0103 cre\u0219terea plantelor prin crearea unui microclimat optim, men\u021bin\u00e2nd temperatura \u0219i umiditatea adecvate pentru germinare \u0219i dezvoltare timpurie.<br \/>\nEtichete pentru plante: Pentru o organizare eficient\u0103, setul con\u021bine etichete Green Basics care permit identificarea u\u0219oar\u0103 a diferitelor culturi, asigur\u00e2nd o gestionare optim\u0103 a gr\u0103dinii dvs.<br \/>\nSistem de drenaj integrat: Ghiveciul este prev\u0103zut cu un sistem de drenaj care previne acumularea excesiv\u0103 de ap\u0103, protej\u00e2nd r\u0103d\u0103cinile plantelor \u00eempotriva putrezirii \u0219i asigur\u00e2nd o cre\u0219tere s\u0103n\u0103toas\u0103. <\/p>\n<p>Specifica\u021bii tehnice:<br \/>\nDimensiuni:<br \/>\nLungime 40 cm x l\u0103\u021bime 30 cm<br \/>\nGreutate: 910 grame<br \/>\nCuloare: Negru<br \/>\nMaterial: Plastic reciclat<br \/>\nForm\u0103: Dreptunghiular\u0103<\/p>\n<p>Green Basics Grow Kit Allin1 40cm este solu\u021bia ideal\u0103 pentru cei care doresc s\u0103 \u00eenceap\u0103 cultivarea plantelor \u00eentr-un mod sustenabil \u0219i eficient, oferind toate componentele necesare pentru a crea un mediu propice dezvolt\u0103rii acestora.<\/p>\n","protected":false},"excerpt":{"rendered":"<p>Rasadnita Green Basics Grow Set M, din plastic reciclat, cu vas de propagare, farfurie si clopot care imita efectul de sera, culoarea living black [&#8230;]<\/p>\n<p><a class=\"btn btn-secondary understrap-read-more-link\" href=\"https:\/\/gradinar.ro\/en\/produs\/rasadnita-green-basics-grow-set-m-din-plastic-reciclat-cu-vas-de-propagare-farfurie-si-clopot-care-imita-efectul-de-sera-culoarea-living-black\/\">Mai mult&#8230;<\/a><\/p>\n","protected":false},"featured_media":56967,"template":"","meta":[],"etheme_brands":[],"product_brand":[483],"product_cat":[505],"product_tag":[],"class_list":{"0":"post-56201","1":"product","2":"type-product","3":"status-publish","4":"has-post-thumbnail","6":"product_brand-elho","7":"product_cat-idei-cadouri","9":"first","10":"instock","11":"taxable","12":"shipping-taxable","13":"purchasable","14":"product-type-simple"},"_links":{"self":[{"href":"https:\/\/gradinar.ro\/en\/wp-json\/wp\/v2\/product\/56201","targetHints":{"allow":["GET"]}}],"collection":[{"href":"https:\/\/gradinar.ro\/en\/wp-json\/wp\/v2\/product"}],"about":[{"href":"https:\/\/gradinar.ro\/en\/wp-json\/wp\/v2\/types\/product"}],"wp:featuredmedia":[{"embeddable":true,"href":"https:\/\/gradinar.ro\/en\/wp-json\/wp\/v2\/media\/56967"}],"wp:attachment":[{"href":"https:\/\/gradinar.ro\/en\/wp-json\/wp\/v2\/media?parent=56201"}],"wp:term":[{"taxonomy":"brand","embeddable":true,"href":"https:\/\/gradinar.ro\/en\/wp-json\/wp\/v2\/etheme_brands?post=56201"},{"taxonomy":"product_brand","embeddable":true,"href":"https:\/\/gradinar.ro\/en\/wp-json\/wp\/v2\/product_brand?post=56201"},{"taxonomy":"product_cat","embeddable":true,"href":"https:\/\/gradinar.ro\/en\/wp-json\/wp\/v2\/product_cat?post=56201"},{"taxonomy":"product_tag","embeddable":true,"href":"https:\/\/gradinar.ro\/en\/wp-json\/wp\/v2\/product_tag?post=56201"}],"curies":[{"name":"wp","href":"https:\/\/api.w.org\/{rel}","templated":true}]}}