{"id":56279,"date":"2025-09-02T18:49:47","date_gmt":"2025-09-02T15:49:47","guid":{"rendered":"https:\/\/gradinar.ro\/produs\/ingrasamant-organo-mineral-solid-universal-8-8-8-1kg\/"},"modified":"2025-09-02T21:33:44","modified_gmt":"2025-09-02T18:33:44","slug":"ingrasamant-organo-mineral-solid-universal-8-8-8-1kg","status":"publish","type":"product","link":"https:\/\/gradinar.ro\/en\/produs\/ingrasamant-organo-mineral-solid-universal-8-8-8-1kg\/","title":{"rendered":"Ingrasamant organo-mineral solid Universal 8-8-8 &#8211; 1kg"},"content":{"rendered":"<p>\u00cengr\u0103\u0219\u0103m\u00e2nt universal NPK 8-8-8<\/p>\n<p>Formula acestui \u00eengr\u0103\u0219\u0103m\u00e2nt universal pentru plante de exterior sub form\u0103 granulat\u0103 con\u021bine toate macroelementele necesare cre\u0219terii \u0219i dezvolt\u0103rii s\u0103n\u0103toase a plantelor de exterior, asigur\u00e2nd nutri\u021bia culturilor pe tot parcursul stadiului vegetal. Azotul din compozi\u021bie asigur\u0103 dezvoltarea foliajului \u0219i faciliteaz\u0103 fotosinteza, iar fosforul dezvolt\u0103 r\u0103d\u0103cinile, asigur\u00e2nd o mai bun\u0103 nutri\u021bie a acestora.  Con\u021bine nutrien\u021bi benefici care contribuie \u00een mod direct la procesul de \u00eenflorire, \u00eenmul\u021bire, respectiv rodire. \u00cengr\u0103\u0219\u0103m\u00e2ntul este imediat disponibil, f\u0103r\u0103 pierderi, asigur\u00e2nd necesarul de microelemente pentru plantele \u00een dezvoltare. Formula universal\u0103 se preteaz\u0103 tuturor plantelor de pe teras\u0103 \u0219i din gr\u0103din\u0103.<\/p>\n<p>Instruc\u021biuni de utilizare: plante de exterior care urmeaz\u0103 s\u0103 fie plantate sau deja plantate \u00een gr\u0103din\u0103 sau \u00een ghiveci \u2013 25gr de \u00eengr\u0103\u0219\u0103m\u00e2nt granulat la momentul plant\u0103rii sau reloc\u0103rii \u2013 o dat\u0103 pe lun\u0103 \u00een perioadele feb-iun, sept-oct, cu pauz\u0103 \u00een perioadele cu temperaturi extreme (iul-aug, noi-ian).<\/p>\n<p>P\u0103stra\u021bi produsul la loc uscat \u0219i r\u0103coros, departe de razele directe ale Soarelui. Temperatura recomandat\u0103 de p\u0103strare: 5-2O grade Celsius.<\/p>\n","protected":false},"excerpt":{"rendered":"<p>\u00cengr\u0103\u0219\u0103m\u00e2nt universal NPK 8-8-8 Formula acestui \u00eengr\u0103\u0219\u0103m\u00e2nt universal pentru plante de exterior sub form\u0103 granulat\u0103 con\u021bine toate macroelementele necesare cre\u0219terii \u0219i dezvolt\u0103rii s\u0103n\u0103toase a plantelor de exterior, asigur\u00e2nd nutri\u021bia culturilor pe tot parcursul stadiului vegetal. Azotul din compozi\u021bie asigur\u0103 dezvoltarea foliajului \u0219i faciliteaz\u0103 fotosinteza, iar fosforul dezvolt\u0103 r\u0103d\u0103cinile, asigur\u00e2nd o mai bun\u0103 nutri\u021bie a acestora. [&#8230;]<\/p>\n<p><a class=\"btn btn-secondary understrap-read-more-link\" href=\"https:\/\/gradinar.ro\/en\/produs\/ingrasamant-organo-mineral-solid-universal-8-8-8-1kg\/\">Mai mult&#8230;<\/a><\/p>\n","protected":false},"featured_media":56269,"template":"","meta":[],"etheme_brands":[],"product_brand":[503],"product_cat":[505],"product_tag":[],"class_list":{"0":"post-56279","1":"product","2":"type-product","3":"status-publish","4":"has-post-thumbnail","6":"product_brand-green-project","7":"product_cat-idei-cadouri","9":"first","10":"instock","11":"taxable","12":"shipping-taxable","13":"purchasable","14":"product-type-simple"},"_links":{"self":[{"href":"https:\/\/gradinar.ro\/en\/wp-json\/wp\/v2\/product\/56279","targetHints":{"allow":["GET"]}}],"collection":[{"href":"https:\/\/gradinar.ro\/en\/wp-json\/wp\/v2\/product"}],"about":[{"href":"https:\/\/gradinar.ro\/en\/wp-json\/wp\/v2\/types\/product"}],"wp:featuredmedia":[{"embeddable":true,"href":"https:\/\/gradinar.ro\/en\/wp-json\/wp\/v2\/media\/56269"}],"wp:attachment":[{"href":"https:\/\/gradinar.ro\/en\/wp-json\/wp\/v2\/media?parent=56279"}],"wp:term":[{"taxonomy":"brand","embeddable":true,"href":"https:\/\/gradinar.ro\/en\/wp-json\/wp\/v2\/etheme_brands?post=56279"},{"taxonomy":"product_brand","embeddable":true,"href":"https:\/\/gradinar.ro\/en\/wp-json\/wp\/v2\/product_brand?post=56279"},{"taxonomy":"product_cat","embeddable":true,"href":"https:\/\/gradinar.ro\/en\/wp-json\/wp\/v2\/product_cat?post=56279"},{"taxonomy":"product_tag","embeddable":true,"href":"https:\/\/gradinar.ro\/en\/wp-json\/wp\/v2\/product_tag?post=56279"}],"curies":[{"name":"wp","href":"https:\/\/api.w.org\/{rel}","templated":true}]}}