{"id":56315,"date":"2025-09-02T18:50:47","date_gmt":"2025-09-02T15:50:47","guid":{"rendered":"https:\/\/gradinar.ro\/produs\/set-complet-jardiniera-si-suport-green-basics-mini-de-30-cm-verde-inchis\/"},"modified":"2025-09-02T21:33:57","modified_gmt":"2025-09-02T18:33:57","slug":"set-complet-jardiniera-si-suport-green-basics-mini-de-30-cm-verde-inchis","status":"publish","type":"product","link":"https:\/\/gradinar.ro\/en\/produs\/set-complet-jardiniera-si-suport-green-basics-mini-de-30-cm-verde-inchis\/","title":{"rendered":"Set complet Jardiniera si suport Green Basics mini de 30 cm verde inchis"},"content":{"rendered":"<p>Set complet pentru gr\u0103din\u0103rit format dintr-o frumoas\u0103 jardinier\u0103 \u0219i un suport, perfect pentru a v\u0103 crea un col\u021b verde plin de via\u021b\u0103 \u00een propria locuin\u021b\u0103 sau pe teras\u0103. Cu o lungime de 30 cm, aceast\u0103 jardinier\u0103 \u0219i suport, realizate \u00eentr-o nuan\u021b\u0103 elegant\u0103 de verde \u00eenchis, aduc un plus de elegan\u021b\u0103 \u0219i prospetime oric\u0103rui spa\u021biu. Realizate din materiale durabile \u0219i rezistente, aceste accesorii sunt ideale pentru a planta flori sau plante aromatice preferate, transform\u00e2nd mediul din jurul dvs. \u00eentr-un adev\u0103rat paradis natural. Completarea perfect\u0103 pentru pasiona\u021bii de gr\u0103din\u0103rit sau pentru cei care doresc s\u0103 aduc\u0103 natura mai aproape de cas\u0103.<\/p>\n","protected":false},"excerpt":{"rendered":"<p>Set complet pentru gr\u0103din\u0103rit format dintr-o frumoas\u0103 jardinier\u0103 \u0219i un suport, perfect pentru a v\u0103 crea un col\u021b verde plin de via\u021b\u0103 \u00een propria locuin\u021b\u0103 sau pe teras\u0103. Cu o lungime de 30 cm, aceast\u0103 jardinier\u0103 \u0219i suport, realizate \u00eentr-o nuan\u021b\u0103 elegant\u0103 de verde \u00eenchis, aduc un plus de elegan\u021b\u0103 \u0219i prospetime oric\u0103rui spa\u021biu. Realizate [&#8230;]<\/p>\n<p><a class=\"btn btn-secondary understrap-read-more-link\" href=\"https:\/\/gradinar.ro\/en\/produs\/set-complet-jardiniera-si-suport-green-basics-mini-de-30-cm-verde-inchis\/\">Mai mult&#8230;<\/a><\/p>\n","protected":false},"featured_media":56311,"template":"","meta":[],"etheme_brands":[],"product_brand":[483],"product_cat":[505],"product_tag":[],"class_list":{"0":"post-56315","1":"product","2":"type-product","3":"status-publish","4":"has-post-thumbnail","6":"product_brand-elho","7":"product_cat-idei-cadouri","9":"first","10":"instock","11":"taxable","12":"shipping-taxable","13":"purchasable","14":"product-type-simple"},"_links":{"self":[{"href":"https:\/\/gradinar.ro\/en\/wp-json\/wp\/v2\/product\/56315","targetHints":{"allow":["GET"]}}],"collection":[{"href":"https:\/\/gradinar.ro\/en\/wp-json\/wp\/v2\/product"}],"about":[{"href":"https:\/\/gradinar.ro\/en\/wp-json\/wp\/v2\/types\/product"}],"wp:featuredmedia":[{"embeddable":true,"href":"https:\/\/gradinar.ro\/en\/wp-json\/wp\/v2\/media\/56311"}],"wp:attachment":[{"href":"https:\/\/gradinar.ro\/en\/wp-json\/wp\/v2\/media?parent=56315"}],"wp:term":[{"taxonomy":"brand","embeddable":true,"href":"https:\/\/gradinar.ro\/en\/wp-json\/wp\/v2\/etheme_brands?post=56315"},{"taxonomy":"product_brand","embeddable":true,"href":"https:\/\/gradinar.ro\/en\/wp-json\/wp\/v2\/product_brand?post=56315"},{"taxonomy":"product_cat","embeddable":true,"href":"https:\/\/gradinar.ro\/en\/wp-json\/wp\/v2\/product_cat?post=56315"},{"taxonomy":"product_tag","embeddable":true,"href":"https:\/\/gradinar.ro\/en\/wp-json\/wp\/v2\/product_tag?post=56315"}],"curies":[{"name":"wp","href":"https:\/\/api.w.org\/{rel}","templated":true}]}}